{"id":738379,"date":"2025-03-03T17:47:28","date_gmt":"2025-03-03T16:47:28","guid":{"rendered":"https:\/\/stoic-curie.212-227-153-4.plesk.page\/producto\/halogen-suchscheinwerfer-100-w-12v\/"},"modified":"2026-02-24T23:35:20","modified_gmt":"2026-02-24T23:35:20","slug":"halogen-suchscheinwerfer-100-w-12v","status":"publish","type":"product","link":"https:\/\/stoic-curie.212-227-153-4.plesk.page\/de\/product\/halogen-suchscheinwerfer-100-w-12v\/","title":{"rendered":"Halogen-Suchscheinwerfer 100 W 12V"},"content":{"rendered":"<p>Halogen-Suchscheinwerfer 100 W 12V &#8211; <\/p>\n<p>Verstellbarer wasserdichter Halogenstrahler mit Griff und Kn\u00f6pfen. Basis aus verchromtem Messing mit abnehmbarem Stift. Stromversorgung mit 1,5 m verl\u00e4ngerbarem Kabel, inklusive Stecker und 12V-Buchse. Kippschalter f\u00fcr Flut- oder konzentrierte Lichtaktivierung. Optionale Klemme f\u00fcr 22 mm Rohranschluss. Lampengeh\u00e4use mit einem Durchmesser von 150 mm und einer Gesamth\u00f6he von 240 mm auf der Basis.<\/p>\n","protected":false},"excerpt":{"rendered":"<p>Halogen-Suchscheinwerfer 100 W 12V &#8211; Verstellbarer wasserdichter Halogenstrahler mit Griff und Kn\u00f6pfen. Basis aus verchromtem Messing mit abnehmbarem Stift. Stromversorgung<\/p>\n","protected":false},"featured_media":5947864,"comment_status":"open","ping_status":"closed","template":"","meta":[],"product_brand":[3235],"product_cat":[1447],"product_tag":[],"class_list":{"0":"post-738379","1":"product","2":"type-product","3":"status-publish","4":"has-post-thumbnail","6":"product_brand-osculati-de","7":"product_cat-suchscheinwerfer-und-spotlights","9":"first","10":"instock","11":"shipping-taxable","12":"purchasable","13":"product-type-simple"},"_links":{"self":[{"href":"https:\/\/stoic-curie.212-227-153-4.plesk.page\/de\/wp-json\/wp\/v2\/product\/738379","targetHints":{"allow":["GET"]}}],"collection":[{"href":"https:\/\/stoic-curie.212-227-153-4.plesk.page\/de\/wp-json\/wp\/v2\/product"}],"about":[{"href":"https:\/\/stoic-curie.212-227-153-4.plesk.page\/de\/wp-json\/wp\/v2\/types\/product"}],"replies":[{"embeddable":true,"href":"https:\/\/stoic-curie.212-227-153-4.plesk.page\/de\/wp-json\/wp\/v2\/comments?post=738379"}],"version-history":[{"count":0,"href":"https:\/\/stoic-curie.212-227-153-4.plesk.page\/de\/wp-json\/wp\/v2\/product\/738379\/revisions"}],"wp:featuredmedia":[{"embeddable":true,"href":"https:\/\/stoic-curie.212-227-153-4.plesk.page\/de\/wp-json\/wp\/v2\/media\/5947864"}],"wp:attachment":[{"href":"https:\/\/stoic-curie.212-227-153-4.plesk.page\/de\/wp-json\/wp\/v2\/media?parent=738379"}],"wp:term":[{"taxonomy":"product_brand","embeddable":true,"href":"https:\/\/stoic-curie.212-227-153-4.plesk.page\/de\/wp-json\/wp\/v2\/product_brand?post=738379"},{"taxonomy":"product_cat","embeddable":true,"href":"https:\/\/stoic-curie.212-227-153-4.plesk.page\/de\/wp-json\/wp\/v2\/product_cat?post=738379"},{"taxonomy":"product_tag","embeddable":true,"href":"https:\/\/stoic-curie.212-227-153-4.plesk.page\/de\/wp-json\/wp\/v2\/product_tag?post=738379"}],"curies":[{"name":"wp","href":"https:\/\/api.w.org\/{rel}","templated":true}]}}