{"id":738380,"date":"2025-03-03T17:47:28","date_gmt":"2025-03-03T16:47:28","guid":{"rendered":"https:\/\/stoic-curie.212-227-153-4.plesk.page\/producto\/led-signallicht-retter-98-mm\/"},"modified":"2026-02-24T23:35:20","modified_gmt":"2026-02-24T23:35:20","slug":"led-signallicht-retter-98-mm","status":"publish","type":"product","link":"https:\/\/stoic-curie.212-227-153-4.plesk.page\/de\/product\/led-signallicht-retter-98-mm\/","title":{"rendered":"LED-Signallicht Retter 98 mm"},"content":{"rendered":"<p>LED-Signallicht Retter 98 mm &#8211; <\/p>\n<p>LED-Signalleuchte, ideal um sich in einem Notfall oder bei nautischen Aktivit\u00e4ten oder am Hafen sichtbar zu machen. Sie bietet 9 verschiedene Lichtmodi, die kontinuierlich oder intermittierend betrieben werden k\u00f6nnen und hat eine Autonomie von 40 Stunden. Robustes, wasserdichtes Geh\u00e4use nach IP65 mit Haken und magnetischer Befestigung. Die Energieversorgung erfolgt \u00fcber 3 AAA-Batterien (nicht im Lieferumfang enthalten). Im Paket sind 3 Lichter mit einer Aufbewahrungstasche enthalten.<\/p>\n","protected":false},"excerpt":{"rendered":"<p>LED-Signallicht Retter 98 mm &#8211; LED-Signalleuchte, ideal um sich in einem Notfall oder bei nautischen Aktivit\u00e4ten oder am Hafen sichtbar<\/p>\n","protected":false},"featured_media":5947876,"comment_status":"open","ping_status":"closed","template":"","meta":[],"product_brand":[3220],"product_cat":[1317,1318,1451],"product_tag":[],"class_list":{"0":"post-738380","1":"product","2":"type-product","3":"status-publish","4":"has-post-thumbnail","6":"product_brand-oceanled-de","7":"product_cat-rettungsring-und-rettungsleinen","8":"product_cat-sicherheitszubehoer","9":"product_cat-taschenlampen","11":"first","12":"instock","13":"shipping-taxable","14":"purchasable","15":"product-type-simple"},"_links":{"self":[{"href":"https:\/\/stoic-curie.212-227-153-4.plesk.page\/de\/wp-json\/wp\/v2\/product\/738380","targetHints":{"allow":["GET"]}}],"collection":[{"href":"https:\/\/stoic-curie.212-227-153-4.plesk.page\/de\/wp-json\/wp\/v2\/product"}],"about":[{"href":"https:\/\/stoic-curie.212-227-153-4.plesk.page\/de\/wp-json\/wp\/v2\/types\/product"}],"replies":[{"embeddable":true,"href":"https:\/\/stoic-curie.212-227-153-4.plesk.page\/de\/wp-json\/wp\/v2\/comments?post=738380"}],"version-history":[{"count":0,"href":"https:\/\/stoic-curie.212-227-153-4.plesk.page\/de\/wp-json\/wp\/v2\/product\/738380\/revisions"}],"wp:featuredmedia":[{"embeddable":true,"href":"https:\/\/stoic-curie.212-227-153-4.plesk.page\/de\/wp-json\/wp\/v2\/media\/5947876"}],"wp:attachment":[{"href":"https:\/\/stoic-curie.212-227-153-4.plesk.page\/de\/wp-json\/wp\/v2\/media?parent=738380"}],"wp:term":[{"taxonomy":"product_brand","embeddable":true,"href":"https:\/\/stoic-curie.212-227-153-4.plesk.page\/de\/wp-json\/wp\/v2\/product_brand?post=738380"},{"taxonomy":"product_cat","embeddable":true,"href":"https:\/\/stoic-curie.212-227-153-4.plesk.page\/de\/wp-json\/wp\/v2\/product_cat?post=738380"},{"taxonomy":"product_tag","embeddable":true,"href":"https:\/\/stoic-curie.212-227-153-4.plesk.page\/de\/wp-json\/wp\/v2\/product_tag?post=738380"}],"curies":[{"name":"wp","href":"https:\/\/api.w.org\/{rel}","templated":true}]}}