{"id":738384,"date":"2025-03-03T17:47:29","date_gmt":"2025-03-03T16:47:29","guid":{"rendered":"https:\/\/stoic-curie.212-227-153-4.plesk.page\/producto\/konuspy-nachtsicht\/"},"modified":"2026-02-24T23:35:20","modified_gmt":"2026-02-24T23:35:20","slug":"konuspy-nachtsicht","status":"publish","type":"product","link":"https:\/\/stoic-curie.212-227-153-4.plesk.page\/de\/product\/konuspy-nachtsicht\/","title":{"rendered":"Konuspy Nachtsicht"},"content":{"rendered":"<p>Konuspy Nachtsicht &#8211; <\/p>\n<p>Digitales Nachtsichtger\u00e4t mit Monokular. Au\u00dfergew\u00f6hnlich helle Optik f\u00fcr scharfe, hochaufl\u00f6sende Bilder. Maximale Beobachtungsdistanz 300 m. Vollst\u00e4ndige HD-Foto- und Videoaufzeichnungsfunktion. Inklusive A\/V-Kabel, USB-Kabel und 8 GB SD-Karte zur Bildaufzeichnung. Funktioniert mit 2 18650-Batterien. Robuste Stress-resistente Struktur mit Gummibeschichtung f\u00fcr einen sicheren Griff. Lieferung mit einer Schutzh\u00fclle.<\/p>\n","protected":false},"excerpt":{"rendered":"<p>Konuspy Nachtsicht &#8211; Digitales Nachtsichtger\u00e4t mit Monokular. Au\u00dfergew\u00f6hnlich helle Optik f\u00fcr scharfe, hochaufl\u00f6sende Bilder. Maximale Beobachtungsdistanz 300 m. Vollst\u00e4ndige HD-Foto-<\/p>\n","protected":false},"featured_media":5947938,"comment_status":"open","ping_status":"closed","template":"","meta":[],"product_brand":[3055],"product_cat":[1492],"product_tag":[],"class_list":{"0":"post-738384","1":"product","2":"type-product","3":"status-publish","4":"has-post-thumbnail","6":"product_brand-konus-de","7":"product_cat-marina-fernglaeser","9":"first","10":"instock","11":"shipping-taxable","12":"purchasable","13":"product-type-simple"},"_links":{"self":[{"href":"https:\/\/stoic-curie.212-227-153-4.plesk.page\/de\/wp-json\/wp\/v2\/product\/738384","targetHints":{"allow":["GET"]}}],"collection":[{"href":"https:\/\/stoic-curie.212-227-153-4.plesk.page\/de\/wp-json\/wp\/v2\/product"}],"about":[{"href":"https:\/\/stoic-curie.212-227-153-4.plesk.page\/de\/wp-json\/wp\/v2\/types\/product"}],"replies":[{"embeddable":true,"href":"https:\/\/stoic-curie.212-227-153-4.plesk.page\/de\/wp-json\/wp\/v2\/comments?post=738384"}],"version-history":[{"count":0,"href":"https:\/\/stoic-curie.212-227-153-4.plesk.page\/de\/wp-json\/wp\/v2\/product\/738384\/revisions"}],"wp:featuredmedia":[{"embeddable":true,"href":"https:\/\/stoic-curie.212-227-153-4.plesk.page\/de\/wp-json\/wp\/v2\/media\/5947938"}],"wp:attachment":[{"href":"https:\/\/stoic-curie.212-227-153-4.plesk.page\/de\/wp-json\/wp\/v2\/media?parent=738384"}],"wp:term":[{"taxonomy":"product_brand","embeddable":true,"href":"https:\/\/stoic-curie.212-227-153-4.plesk.page\/de\/wp-json\/wp\/v2\/product_brand?post=738384"},{"taxonomy":"product_cat","embeddable":true,"href":"https:\/\/stoic-curie.212-227-153-4.plesk.page\/de\/wp-json\/wp\/v2\/product_cat?post=738384"},{"taxonomy":"product_tag","embeddable":true,"href":"https:\/\/stoic-curie.212-227-153-4.plesk.page\/de\/wp-json\/wp\/v2\/product_tag?post=738384"}],"curies":[{"name":"wp","href":"https:\/\/api.w.org\/{rel}","templated":true}]}}