{"id":738386,"date":"2025-03-03T17:47:29","date_gmt":"2025-03-03T16:47:29","guid":{"rendered":"https:\/\/stoic-curie.212-227-153-4.plesk.page\/producto\/konus-sporty-7-x-50\/"},"modified":"2026-02-24T23:35:20","modified_gmt":"2026-02-24T23:35:20","slug":"konus-sporty-7-x-50","status":"publish","type":"product","link":"https:\/\/stoic-curie.212-227-153-4.plesk.page\/de\/product\/konus-sporty-7-x-50\/","title":{"rendered":"Konus Sporty 7 x 50"},"content":{"rendered":"<p>Konus Sporty 7 x 50 &#8211; <\/p>\n<p>Freizeitabsehen mit fester Fokussierung ab 20 Metern. Vielseitig und immer einsatzbereit. Extrem helle Optik f\u00fcr scharfe Bilder mit hoher Aufl\u00f6sung. Robuste, gummierte, sto\u00dffeste Struktur f\u00fcr besseren Halt. Mit einem Reinigungstuch, einem Schultergurt und Objektivdeckeln geliefert.<\/p>\n","protected":false},"excerpt":{"rendered":"<p>Konus Sporty 7 x 50 &#8211; Freizeitabsehen mit fester Fokussierung ab 20 Metern. Vielseitig und immer einsatzbereit. Extrem helle Optik<\/p>\n","protected":false},"featured_media":5947939,"comment_status":"open","ping_status":"closed","template":"","meta":[],"product_brand":[3055],"product_cat":[1492],"product_tag":[],"class_list":{"0":"post-738386","1":"product","2":"type-product","3":"status-publish","4":"has-post-thumbnail","6":"product_brand-konus-de","7":"product_cat-marina-fernglaeser","9":"first","10":"instock","11":"shipping-taxable","12":"purchasable","13":"product-type-simple"},"_links":{"self":[{"href":"https:\/\/stoic-curie.212-227-153-4.plesk.page\/de\/wp-json\/wp\/v2\/product\/738386","targetHints":{"allow":["GET"]}}],"collection":[{"href":"https:\/\/stoic-curie.212-227-153-4.plesk.page\/de\/wp-json\/wp\/v2\/product"}],"about":[{"href":"https:\/\/stoic-curie.212-227-153-4.plesk.page\/de\/wp-json\/wp\/v2\/types\/product"}],"replies":[{"embeddable":true,"href":"https:\/\/stoic-curie.212-227-153-4.plesk.page\/de\/wp-json\/wp\/v2\/comments?post=738386"}],"version-history":[{"count":0,"href":"https:\/\/stoic-curie.212-227-153-4.plesk.page\/de\/wp-json\/wp\/v2\/product\/738386\/revisions"}],"wp:featuredmedia":[{"embeddable":true,"href":"https:\/\/stoic-curie.212-227-153-4.plesk.page\/de\/wp-json\/wp\/v2\/media\/5947939"}],"wp:attachment":[{"href":"https:\/\/stoic-curie.212-227-153-4.plesk.page\/de\/wp-json\/wp\/v2\/media?parent=738386"}],"wp:term":[{"taxonomy":"product_brand","embeddable":true,"href":"https:\/\/stoic-curie.212-227-153-4.plesk.page\/de\/wp-json\/wp\/v2\/product_brand?post=738386"},{"taxonomy":"product_cat","embeddable":true,"href":"https:\/\/stoic-curie.212-227-153-4.plesk.page\/de\/wp-json\/wp\/v2\/product_cat?post=738386"},{"taxonomy":"product_tag","embeddable":true,"href":"https:\/\/stoic-curie.212-227-153-4.plesk.page\/de\/wp-json\/wp\/v2\/product_tag?post=738386"}],"curies":[{"name":"wp","href":"https:\/\/api.w.org\/{rel}","templated":true}]}}