{"id":738387,"date":"2025-03-03T17:47:30","date_gmt":"2025-03-03T16:47:30","guid":{"rendered":"https:\/\/stoic-curie.212-227-153-4.plesk.page\/producto\/kit-instrumente-fuer-die-navigation-l\/"},"modified":"2026-02-24T23:35:20","modified_gmt":"2026-02-24T23:35:20","slug":"kit-instrumente-fuer-die-navigation-l","status":"publish","type":"product","link":"https:\/\/stoic-curie.212-227-153-4.plesk.page\/de\/product\/kit-instrumente-fuer-die-navigation-l\/","title":{"rendered":"Kit Instrumente f\u00fcr die Navigation L"},"content":{"rendered":"<p>Kit Instrumente f\u00fcr die Navigation L &#8211; <\/p>\n<p>Vollst\u00e4ndiges Navigationsset f\u00fcr den Bootsf\u00fchrerschein. Es enth\u00e4lt: <br \/>1 Parallel-Lineal <br \/>1 Handschneider <br \/>1 Goniometer <br \/>1 Dreieckslineal 2430025 <br \/>1 Kursplotter 2438200<\/p>\n","protected":false},"excerpt":{"rendered":"<p>Kit Instrumente f\u00fcr die Navigation L &#8211; Vollst\u00e4ndiges Navigationsset f\u00fcr den Bootsf\u00fchrerschein. Es enth\u00e4lt: 1 Parallel-Lineal 1 Handschneider 1 Goniometer<\/p>\n","protected":false},"featured_media":5947943,"comment_status":"open","ping_status":"closed","template":"","meta":[],"product_brand":[2875],"product_cat":[1487],"product_tag":[],"class_list":{"0":"post-738387","1":"product","2":"type-product","3":"status-publish","4":"has-post-thumbnail","6":"product_brand-davis-de","7":"product_cat-navigationstafeln-und-instrumente","9":"first","10":"instock","11":"shipping-taxable","12":"purchasable","13":"product-type-simple"},"_links":{"self":[{"href":"https:\/\/stoic-curie.212-227-153-4.plesk.page\/de\/wp-json\/wp\/v2\/product\/738387","targetHints":{"allow":["GET"]}}],"collection":[{"href":"https:\/\/stoic-curie.212-227-153-4.plesk.page\/de\/wp-json\/wp\/v2\/product"}],"about":[{"href":"https:\/\/stoic-curie.212-227-153-4.plesk.page\/de\/wp-json\/wp\/v2\/types\/product"}],"replies":[{"embeddable":true,"href":"https:\/\/stoic-curie.212-227-153-4.plesk.page\/de\/wp-json\/wp\/v2\/comments?post=738387"}],"version-history":[{"count":0,"href":"https:\/\/stoic-curie.212-227-153-4.plesk.page\/de\/wp-json\/wp\/v2\/product\/738387\/revisions"}],"wp:featuredmedia":[{"embeddable":true,"href":"https:\/\/stoic-curie.212-227-153-4.plesk.page\/de\/wp-json\/wp\/v2\/media\/5947943"}],"wp:attachment":[{"href":"https:\/\/stoic-curie.212-227-153-4.plesk.page\/de\/wp-json\/wp\/v2\/media?parent=738387"}],"wp:term":[{"taxonomy":"product_brand","embeddable":true,"href":"https:\/\/stoic-curie.212-227-153-4.plesk.page\/de\/wp-json\/wp\/v2\/product_brand?post=738387"},{"taxonomy":"product_cat","embeddable":true,"href":"https:\/\/stoic-curie.212-227-153-4.plesk.page\/de\/wp-json\/wp\/v2\/product_cat?post=738387"},{"taxonomy":"product_tag","embeddable":true,"href":"https:\/\/stoic-curie.212-227-153-4.plesk.page\/de\/wp-json\/wp\/v2\/product_tag?post=738387"}],"curies":[{"name":"wp","href":"https:\/\/api.w.org\/{rel}","templated":true}]}}