{"id":738390,"date":"2025-03-03T17:47:30","date_gmt":"2025-03-03T16:47:30","guid":{"rendered":"https:\/\/stoic-curie.212-227-153-4.plesk.page\/producto\/navigation-kompass-riviera-pegasus-3-bp1-weiss-weiss\/"},"modified":"2026-02-24T23:35:20","modified_gmt":"2026-02-24T23:35:20","slug":"navigation-kompass-riviera-pegasus-3-bp1-weiss-weiss","status":"publish","type":"product","link":"https:\/\/stoic-curie.212-227-153-4.plesk.page\/de\/product\/navigation-kompass-riviera-pegasus-3-bp1-weiss-weiss\/","title":{"rendered":"Navigation Kompass Riviera Pegasus 3-bp1 Wei\u00df-Wei\u00df"},"content":{"rendered":"<p>Navigation Kompass Riviera Pegasus 3-bp1 Wei\u00df-Wei\u00df &#8211; <\/p>\n<p>Pegasus BP1 Bulkhead-Montage Segelboot-Kompass. Interner Gimbal und eingebaute Kompensatormagnete. Komplett mit Clinometer und 12\/24V LED-Beleuchtung. Frontlesung mit 5\u00c2\u00b0 graduierter Rose und einem sichtbaren Durchmesser von 3&#8243; (80 mm).<\/p>\n","protected":false},"excerpt":{"rendered":"<p>Navigation Kompass Riviera Pegasus 3-bp1 Wei\u00df-Wei\u00df &#8211; Pegasus BP1 Bulkhead-Montage Segelboot-Kompass. Interner Gimbal und eingebaute Kompensatormagnete. Komplett mit Clinometer und<\/p>\n","protected":false},"featured_media":5947950,"comment_status":"open","ping_status":"closed","template":"","meta":[],"product_brand":[3305],"product_cat":[1493],"product_tag":[],"class_list":{"0":"post-738390","1":"product","2":"type-product","3":"status-publish","4":"has-post-thumbnail","6":"product_brand-riviera-de","7":"product_cat-navigationskompass","9":"first","10":"instock","11":"shipping-taxable","12":"purchasable","13":"product-type-simple"},"_links":{"self":[{"href":"https:\/\/stoic-curie.212-227-153-4.plesk.page\/de\/wp-json\/wp\/v2\/product\/738390","targetHints":{"allow":["GET"]}}],"collection":[{"href":"https:\/\/stoic-curie.212-227-153-4.plesk.page\/de\/wp-json\/wp\/v2\/product"}],"about":[{"href":"https:\/\/stoic-curie.212-227-153-4.plesk.page\/de\/wp-json\/wp\/v2\/types\/product"}],"replies":[{"embeddable":true,"href":"https:\/\/stoic-curie.212-227-153-4.plesk.page\/de\/wp-json\/wp\/v2\/comments?post=738390"}],"version-history":[{"count":0,"href":"https:\/\/stoic-curie.212-227-153-4.plesk.page\/de\/wp-json\/wp\/v2\/product\/738390\/revisions"}],"wp:featuredmedia":[{"embeddable":true,"href":"https:\/\/stoic-curie.212-227-153-4.plesk.page\/de\/wp-json\/wp\/v2\/media\/5947950"}],"wp:attachment":[{"href":"https:\/\/stoic-curie.212-227-153-4.plesk.page\/de\/wp-json\/wp\/v2\/media?parent=738390"}],"wp:term":[{"taxonomy":"product_brand","embeddable":true,"href":"https:\/\/stoic-curie.212-227-153-4.plesk.page\/de\/wp-json\/wp\/v2\/product_brand?post=738390"},{"taxonomy":"product_cat","embeddable":true,"href":"https:\/\/stoic-curie.212-227-153-4.plesk.page\/de\/wp-json\/wp\/v2\/product_cat?post=738390"},{"taxonomy":"product_tag","embeddable":true,"href":"https:\/\/stoic-curie.212-227-153-4.plesk.page\/de\/wp-json\/wp\/v2\/product_tag?post=738390"}],"curies":[{"name":"wp","href":"https:\/\/api.w.org\/{rel}","templated":true}]}}