{"id":738394,"date":"2025-03-03T17:47:32","date_gmt":"2025-03-03T16:47:32","guid":{"rendered":"https:\/\/stoic-curie.212-227-153-4.plesk.page\/producto\/raymarine-i40-bidata-kit\/"},"modified":"2026-02-24T23:35:20","modified_gmt":"2026-02-24T23:35:20","slug":"raymarine-i40-bidata-kit","status":"publish","type":"product","link":"https:\/\/stoic-curie.212-227-153-4.plesk.page\/de\/product\/raymarine-i40-bidata-kit\/","title":{"rendered":"Raymarine I40 Bidata-Kit"},"content":{"rendered":"<p>Raymarine I40 Bidata-Kit &#8211; <\/p>\n<p>Kompaktes und funktionierendes Raymarine i40 Bidata Pack Instrument mit einem leicht ablesbaren 28 mm gro\u00dfen LCD-Display. Vollst\u00e4ndig kompatibel mit allen Raymarine Navigationsger\u00e4ten. Zeigt Geschwindigkeit, Tiefe, Reiseprotokoll und Meerwassertemperatur an und erm\u00f6glicht die gleichzeitige Anzeige weiterer Daten. Komplett mit Geschwindigkeits-\/Temperatur-P371 und Tiefen-P7 Kunststoffdurchf\u00fchrungen.<\/p>\n","protected":false},"excerpt":{"rendered":"<p>Raymarine I40 Bidata-Kit &#8211; Kompaktes und funktionierendes Raymarine i40 Bidata Pack Instrument mit einem leicht ablesbaren 28 mm gro\u00dfen LCD-Display.<\/p>\n","protected":false},"featured_media":5947965,"comment_status":"open","ping_status":"closed","template":"","meta":[],"product_brand":[3300],"product_cat":[1457],"product_tag":[],"class_list":{"0":"post-738394","1":"product","2":"type-product","3":"status-publish","4":"has-post-thumbnail","6":"product_brand-raymarine-de","7":"product_cat-bootelektronik","9":"first","10":"instock","11":"shipping-taxable","12":"purchasable","13":"product-type-simple"},"_links":{"self":[{"href":"https:\/\/stoic-curie.212-227-153-4.plesk.page\/de\/wp-json\/wp\/v2\/product\/738394","targetHints":{"allow":["GET"]}}],"collection":[{"href":"https:\/\/stoic-curie.212-227-153-4.plesk.page\/de\/wp-json\/wp\/v2\/product"}],"about":[{"href":"https:\/\/stoic-curie.212-227-153-4.plesk.page\/de\/wp-json\/wp\/v2\/types\/product"}],"replies":[{"embeddable":true,"href":"https:\/\/stoic-curie.212-227-153-4.plesk.page\/de\/wp-json\/wp\/v2\/comments?post=738394"}],"version-history":[{"count":0,"href":"https:\/\/stoic-curie.212-227-153-4.plesk.page\/de\/wp-json\/wp\/v2\/product\/738394\/revisions"}],"wp:featuredmedia":[{"embeddable":true,"href":"https:\/\/stoic-curie.212-227-153-4.plesk.page\/de\/wp-json\/wp\/v2\/media\/5947965"}],"wp:attachment":[{"href":"https:\/\/stoic-curie.212-227-153-4.plesk.page\/de\/wp-json\/wp\/v2\/media?parent=738394"}],"wp:term":[{"taxonomy":"product_brand","embeddable":true,"href":"https:\/\/stoic-curie.212-227-153-4.plesk.page\/de\/wp-json\/wp\/v2\/product_brand?post=738394"},{"taxonomy":"product_cat","embeddable":true,"href":"https:\/\/stoic-curie.212-227-153-4.plesk.page\/de\/wp-json\/wp\/v2\/product_cat?post=738394"},{"taxonomy":"product_tag","embeddable":true,"href":"https:\/\/stoic-curie.212-227-153-4.plesk.page\/de\/wp-json\/wp\/v2\/product_tag?post=738394"}],"curies":[{"name":"wp","href":"https:\/\/api.w.org\/{rel}","templated":true}]}}