{"id":738396,"date":"2025-03-03T17:47:32","date_gmt":"2025-03-03T16:47:32","guid":{"rendered":"https:\/\/stoic-curie.212-227-153-4.plesk.page\/producto\/kit-raymarine-i50-tridata\/"},"modified":"2026-02-24T23:35:20","modified_gmt":"2026-02-24T23:35:20","slug":"kit-raymarine-i50-tridata","status":"publish","type":"product","link":"https:\/\/stoic-curie.212-227-153-4.plesk.page\/de\/product\/kit-raymarine-i50-tridata\/","title":{"rendered":"Kit Raymarine I50 Tridata"},"content":{"rendered":"<p>Kit Raymarine I50 Tridata &#8211; <\/p>\n<p>Das Raymarine i50 Tridata Pack ist ein \u00e4u\u00dferst kompaktes und hochfunktionales Instrument, das speziell f\u00fcr Bootsliebhaber entwickelt wurde. Es verf\u00fcgt \u00fcber ein klares und gut lesbares LCD-Display, das wichtige Informationen auf einen Blick bereitstellt. Dieses innovative Ger\u00e4t beinhaltet sowohl SeaTalk- als auch NMEA2000-Schnittstellen, die eine nahtlose Integration mit anderen Raymarine-Navigationsger\u00e4ten erm\u00f6glichen, sodass Sie \u00fcber alle notwendigen Werkzeuge f\u00fcr einen erfolgreichen Ausflug auf dem Wasser verf\u00fcgen.<\/p>\n<p>Das i50 Tridata Pack zeigt essentielle Daten wie Tiefe und Geschwindigkeit in einem gut strukturierten Dreifach-Display an. Neben diesen kritischen Messwerten bietet es auch Teil- und Gesamtkilometerz\u00e4hler, Messungen der Wassertemperatur und Informationen zur Geschwindigkeit \u00fcber Grund (SOG). Dieses umfassende Datenpaket erm\u00f6glicht es Bootfahrern, informierte Entscheidungen w\u00e4hrend der Navigation zu treffen.<\/p>\n<p>Im Lieferumfang des i50 Tridata Pack sind durchgehende Kunststoff-ST900\/P120-Entnahme-Sensoren f\u00fcr Geschwindigkeit und Temperatur sowie ein P19-Tiefensensor enthalten, die die Funktionalit\u00e4t des Ger\u00e4ts erweitern. Dar\u00fcber hinaus verf\u00fcgt es \u00fcber eine integrierte Sensorenschnittstelle, die zus\u00e4tzlichen Komfort bietet und es den Benutzern erleichtert, ihre Ger\u00e4te effektiv zu verbinden und zu verwalten. Das Raymarine i50 Tridata Pack ist somit eine hervorragende Wahl f\u00fcr jeden Bootsliebhaber, der sein Navigationserlebnis verbessern m\u00f6chte.<\/p>\n","protected":false},"excerpt":{"rendered":"<p>Kit Raymarine I50 Tridata &#8211; Das Raymarine i50 Tridata Pack ist ein \u00e4u\u00dferst kompaktes und hochfunktionales Instrument, das speziell f\u00fcr<\/p>\n","protected":false},"featured_media":5947968,"comment_status":"open","ping_status":"closed","template":"","meta":[],"product_brand":[3300],"product_cat":[1457],"product_tag":[],"class_list":{"0":"post-738396","1":"product","2":"type-product","3":"status-publish","4":"has-post-thumbnail","6":"product_brand-raymarine-de","7":"product_cat-bootelektronik","9":"first","10":"outofstock","11":"shipping-taxable","12":"purchasable","13":"product-type-simple"},"_links":{"self":[{"href":"https:\/\/stoic-curie.212-227-153-4.plesk.page\/de\/wp-json\/wp\/v2\/product\/738396","targetHints":{"allow":["GET"]}}],"collection":[{"href":"https:\/\/stoic-curie.212-227-153-4.plesk.page\/de\/wp-json\/wp\/v2\/product"}],"about":[{"href":"https:\/\/stoic-curie.212-227-153-4.plesk.page\/de\/wp-json\/wp\/v2\/types\/product"}],"replies":[{"embeddable":true,"href":"https:\/\/stoic-curie.212-227-153-4.plesk.page\/de\/wp-json\/wp\/v2\/comments?post=738396"}],"version-history":[{"count":0,"href":"https:\/\/stoic-curie.212-227-153-4.plesk.page\/de\/wp-json\/wp\/v2\/product\/738396\/revisions"}],"wp:featuredmedia":[{"embeddable":true,"href":"https:\/\/stoic-curie.212-227-153-4.plesk.page\/de\/wp-json\/wp\/v2\/media\/5947968"}],"wp:attachment":[{"href":"https:\/\/stoic-curie.212-227-153-4.plesk.page\/de\/wp-json\/wp\/v2\/media?parent=738396"}],"wp:term":[{"taxonomy":"product_brand","embeddable":true,"href":"https:\/\/stoic-curie.212-227-153-4.plesk.page\/de\/wp-json\/wp\/v2\/product_brand?post=738396"},{"taxonomy":"product_cat","embeddable":true,"href":"https:\/\/stoic-curie.212-227-153-4.plesk.page\/de\/wp-json\/wp\/v2\/product_cat?post=738396"},{"taxonomy":"product_tag","embeddable":true,"href":"https:\/\/stoic-curie.212-227-153-4.plesk.page\/de\/wp-json\/wp\/v2\/product_tag?post=738396"}],"curies":[{"name":"wp","href":"https:\/\/api.w.org\/{rel}","templated":true}]}}