{"id":738398,"date":"2025-03-03T17:47:33","date_gmt":"2025-03-03T16:47:33","guid":{"rendered":"https:\/\/stoic-curie.212-227-153-4.plesk.page\/producto\/raymarine-i70s\/"},"modified":"2026-02-24T23:35:20","modified_gmt":"2026-02-24T23:35:20","slug":"raymarine-i70s","status":"publish","type":"product","link":"https:\/\/stoic-curie.212-227-153-4.plesk.page\/de\/product\/raymarine-i70s\/","title":{"rendered":"Raymarine i70s Multifunktions-Instrumentendisplay"},"content":{"rendered":"<p>Raymarine i70s Multifunktions-Instrumentendisplay &#8211; <\/p>\n<p><strong>Raymarine i70s Multifunktionsinstrumentenanzeige<\/strong><\/p>\n<p>Die Raymarine i70s ist eine anspruchsvolle Multifunktionsinstrumentenanzeige mit einem 4,1-Zoll hochaufl\u00f6senden Farb-LCD. Dieses Display kann angepasst werden, um eine Vielzahl von Daten vom NMEA 2000-Bus anzuzeigen. Die elegante schwarze Glasoberfl\u00e4che ist so gestaltet, dass sie nahtlos mit den TZTouch- und NavPilot 711-Displays harmoniert. Die Abmessungen des Ger\u00e4ts betragen 4,5 Zoll in der Breite, 4,5 Zoll in der H\u00f6he und 1,3 Zoll in der Tiefe, mit einem Gewicht von 0,5 Pfund. Die Bildschirmaufl\u00f6sung betr\u00e4gt 320 x 240 Pixel, was f\u00fcr Klarheit und Detailgenauigkeit sorgt.<\/p>\n<p>Die i70s bietet einen Weitwinkelblick und lebendige Farben, die bei verschiedenen Wetterbedingungen sichtbar bleiben. Die benutzerfreundliche Schnittstelle verf\u00fcgt \u00fcber erh\u00f6hte Tasten, die eine pr\u00e4zise Bedienung erm\u00f6glichen. Sie k\u00f6nnen das Display anpassen, um mehrere Datenquellen zu zeigen, die auf die spezifischen Anforderungen Ihres Bootes zugeschnitten sind, einschlie\u00dflich analoger und grafikbasierter Daten. Zus\u00e4tzlich fungiert es als AIS-Repeater, der Ihre Navigationsf\u00e4higkeiten verbessert. Das Ger\u00e4t unterst\u00fctzt SeaTalk und NMEA2000-Konnektivit\u00e4t und gew\u00e4hrleistet umfassende Integration mit anderen Bordger\u00e4ten.<\/p>\n<p><strong>Hauptmerkmale:<\/strong><\/p>\n<ul>\n<li><strong>4,1 Zoll \u00dcberdimensionales LCD:<\/strong> Das superhelle Display maximiert die Sichtbarkeit und ist unter allen Bedingungen leicht ablesbar.<\/li>\n<li><strong>Allwetter-Anzeigetechnologie:<\/strong> Die optisch gebundene Technologie sorgt f\u00fcr hellere Farben, sch\u00e4rferen Kontrast und einen weiten Betrachtungswinkel.<\/li>\n<li><strong>Industrielles Design:<\/strong> Das neue Glasbr\u00fccken-Design erg\u00e4nzt die Multifunktionsanzeigen der Raymarine eS- und gS-Serie.<\/li>\n<li><strong>Benutzerfreundliche Schnittstelle:<\/strong> Die geformte Gummitastatur erm\u00f6glicht eine pr\u00e4zise Bedienung, selbst unter herausfordernden Bedingungen.<\/li>\n<li><strong>Anpassbare Datenanzeigen:<\/strong> Kritische Informationen wie Tiefe, Geschwindigkeit und Wind sind schnell einsehbar.<\/li>\n<li><strong>Nahtlose Konnektivit\u00e4t:<\/strong> Das SeaTalk-Netzwerk erm\u00f6glicht eine reibungslose Integration mit Raymarine-Systemen und NMEA2000-Netzwerken.<\/li>\n<li><strong>AIS-Repeater-Modus:<\/strong> Verfolgen Sie visuell nahegelegene AIS-Ziele und zeigen Sie die 25 n\u00e4chsten Schiffe an, mit der M\u00f6glichkeit, einzelne Ziele f\u00fcr detaillierte Informationen auszuw\u00e4hlen.<\/li>\n<li><strong>Transducer-Kompatibilit\u00e4t:<\/strong> Kombinieren Sie das i70s mit dem ITC-5 Instrumenten-Sensor-Konverter, um sich mit analogen Tiefen-, Geschwindigkeits- und Windsensoren zu verbinden, oder vernetzen Sie es mit Airmar DST800-Sensoren und dem neuen in-Hull P70s intelligenten Sensor.<\/li>\n<li><strong>Inklusive Zubeh\u00f6r:<\/strong> Das Display wird mit schwarzen (im eS-Serie-Stil) und gunmetalfarbenen Blenden sowie einem sch\u00fctzenden Sonnenabdeck geliefert.<\/li>\n<\/ul>\n<p><strong>Intuitive LightHouse-Benutzeroberfl\u00e4che<\/strong><\/p>\n<p>Die Raymarine i70s verf\u00fcgt \u00fcber die LightHouse-Instrumentenschnittstelle, die h\u00e4ufig verwendete Navigationsfunktionen griffbereit bereith\u00e4lt. Diese Schnittstelle ist konsistent mit anderen Raymarine LightHouse-Multifunktionsanzeigen und sorgt f\u00fcr ein vertrautes Erlebnis.<\/p>\n<p><strong>Netzwerkf\u00e4higkeiten<\/strong><\/p>\n<p>Das i70s erm\u00f6glicht die Konnektivit\u00e4t zu verschiedenen Bordnetzwerken, einschlie\u00dflich der ersten Generation von SeaTalk-Netzwerken \u00fcber ein SeaTalk-zu-SeaTalkng-Adapterkabel und aktuelle SeaTalkng-Netzwerke \u00fcber einen SeaTalkng-zu-DeviceNet-Adapter. Das Ger\u00e4t unterst\u00fctzt auch benutzerselektierbare Datenquellen zur Integration mit Mehrsensor-Netzwerken.<\/p>\n<p><strong>AIS-Repeater-Funktionalit\u00e4t<\/strong><\/p>\n<p>Das i70s kann AIS-Ziele von NMEA 2000 AIS-Empf\u00e4ngern anzeigen, sodass Sie die 25 n\u00e4chsten AIS-ausger\u00fcsteten Schiffe sehen und einzelne Ziele f\u00fcr weitere Informationen ausw\u00e4hlen k\u00f6nnen.<\/p>\n<p><strong>Transducer-Konnektivit\u00e4t<\/strong><\/p>\n<p>Sie k\u00f6nnen das i70s mit dem innovativen iTC-5 Instrumentensensor-Konverter kombinieren, um nahtlos mit analogen Tiefen-, Wind-, Geschwindigkeits-, Kompass- und Ruder-Sensoren zu integrieren. Alternativ kann es mit Airmar DST800- und P79s intelligenten Sensoren vernetzt werden.<\/p>\n<p><strong>Anpassungsoptionen<\/strong><\/p>\n<p>Die Raymarine i70s l\u00e4sst sich leicht an Ihre spezifischen Bootbed\u00fcrfnisse anpassen. Ob Sie traditionelle analoge Anzeigen bevorzugen oder Motorinformationen und Tanklevel ben\u00f6tigen, das i70s kann Ihre W\u00fcnsche erf\u00fcllen.<\/p>\n<p><strong>Spezifikationen:<\/strong><\/p>\n<ul>\n<li><strong>Nennspannung:<\/strong> 12 V DC<\/li>\n<li><strong>Spannungsbereich:<\/strong> 9 bis 16 V DC<\/li>\n<li><strong>Energieverbrauch:<\/strong> 1,7 Watt<\/li>\n<li><strong>Montagemethode:<\/strong> Oberfl\u00e4chenmontage<\/li>\n<li><strong>LCD-Helligkeit:<\/strong> 1.200 cd\/m\u00b2<\/li>\n<li><strong>Anzeige:<\/strong> 4,1&#8243; TFT LCD, 16-Bit-Farbe (64K Farben), 320 x 240 Pixel<\/li>\n<li><strong>Farbenpaletten:<\/strong> Vier Optionen &#8211; zwei f\u00fcr Tag, invers und rot\/schwarz<\/li>\n<li><strong>Betriebstemperatur:<\/strong> -20\u00b0 bis 55\u00b0C (-4\u00b0F bis 131\u00b0F)<\/li>\n<li><strong>Lagertemperatur:<\/strong> -30\u00b0 bis 70\u00b0C (-22\u00b0F bis 158\u00b0F)<\/li>\n<li><strong>Relative Luftfeuchtigkeit und Wasserdichtigkeit:<\/strong> 93 % max, IPX6\/IPX7<\/li>\n<li><strong>Anschl\u00fcsse:<\/strong> 1 x SeaTalkng\u00ae-Anschluss<\/li>\n<li><strong>Konformit\u00e4t:<\/strong> NMEA 2000-Zertifizierung ausstehend; konform mit Europa 2004\/108\/EG; Australien und Neuseeland C-Tick, Konformit\u00e4tsstufe 2<\/li>\n<li><strong>Sprachen:<\/strong> Umfassende Unterst\u00fctzung f\u00fcr 20 Sprachen<\/li>\n<\/ul>\n<p>Die Raymarine i70s Multifunktionsinstrumentenanzeige ist ein wichtiges Werkzeug f\u00fcr jeden Bootseigent\u00fcmer, der zuverl\u00e4ssige und umfassende Navigationsdaten sucht. Mit ihren fortschrittlichen Funktionen und Anpassungsm\u00f6glichkeiten stellt sie sicher, dass Sie die Informationen, die Sie ben\u00f6tigen, jederzeit zur Hand haben und Ihr Bootserlebnis verbessern.<\/p>\n","protected":false},"excerpt":{"rendered":"<p>Raymarine i70s Multifunktions-Instrumentendisplay &#8211; Raymarine i70s Multifunktionsinstrumentenanzeige Die Raymarine i70s ist eine anspruchsvolle Multifunktionsinstrumentenanzeige mit einem 4,1-Zoll hochaufl\u00f6senden Farb-LCD. Dieses<\/p>\n","protected":false},"featured_media":5947972,"comment_status":"open","ping_status":"closed","template":"","meta":[],"product_brand":[3300],"product_cat":[1457],"product_tag":[],"class_list":{"0":"post-738398","1":"product","2":"type-product","3":"status-publish","4":"has-post-thumbnail","6":"product_brand-raymarine-de","7":"product_cat-bootelektronik","9":"first","10":"instock","11":"shipping-taxable","12":"purchasable","13":"product-type-simple"},"_links":{"self":[{"href":"https:\/\/stoic-curie.212-227-153-4.plesk.page\/de\/wp-json\/wp\/v2\/product\/738398","targetHints":{"allow":["GET"]}}],"collection":[{"href":"https:\/\/stoic-curie.212-227-153-4.plesk.page\/de\/wp-json\/wp\/v2\/product"}],"about":[{"href":"https:\/\/stoic-curie.212-227-153-4.plesk.page\/de\/wp-json\/wp\/v2\/types\/product"}],"replies":[{"embeddable":true,"href":"https:\/\/stoic-curie.212-227-153-4.plesk.page\/de\/wp-json\/wp\/v2\/comments?post=738398"}],"version-history":[{"count":0,"href":"https:\/\/stoic-curie.212-227-153-4.plesk.page\/de\/wp-json\/wp\/v2\/product\/738398\/revisions"}],"wp:featuredmedia":[{"embeddable":true,"href":"https:\/\/stoic-curie.212-227-153-4.plesk.page\/de\/wp-json\/wp\/v2\/media\/5947972"}],"wp:attachment":[{"href":"https:\/\/stoic-curie.212-227-153-4.plesk.page\/de\/wp-json\/wp\/v2\/media?parent=738398"}],"wp:term":[{"taxonomy":"product_brand","embeddable":true,"href":"https:\/\/stoic-curie.212-227-153-4.plesk.page\/de\/wp-json\/wp\/v2\/product_brand?post=738398"},{"taxonomy":"product_cat","embeddable":true,"href":"https:\/\/stoic-curie.212-227-153-4.plesk.page\/de\/wp-json\/wp\/v2\/product_cat?post=738398"},{"taxonomy":"product_tag","embeddable":true,"href":"https:\/\/stoic-curie.212-227-153-4.plesk.page\/de\/wp-json\/wp\/v2\/product_tag?post=738398"}],"curies":[{"name":"wp","href":"https:\/\/api.w.org\/{rel}","templated":true}]}}