{"id":738403,"date":"2025-03-03T17:47:34","date_gmt":"2025-03-03T16:47:34","guid":{"rendered":"https:\/\/stoic-curie.212-227-153-4.plesk.page\/producto\/raymarine-ev-100-pinne\/"},"modified":"2026-02-24T23:35:20","modified_gmt":"2026-02-24T23:35:20","slug":"raymarine-ev-100-pinne","status":"publish","type":"product","link":"https:\/\/stoic-curie.212-227-153-4.plesk.page\/de\/product\/raymarine-ev-100-pinne\/","title":{"rendered":"Raymarine EV-100 Pinne"},"content":{"rendered":"<p>Raymarine EV-100 Pinne &#8211; Raymarine Evolution EV-100 Tiller Autopilot<br \/>\nDas Raymarine Evolution EV-100 Pack ist ein fortschrittliches Autopilot-System, das speziell f\u00fcr kleine Segelboote mit Steuerung \u00fcber das Ruder konzipiert wurde und eine maximale Verdr\u00e4ngung von bis zu 6.000 kg aufweist. Dieses umfassende Paket umfasst den ACU-100 Kurscomputer, die p70s Steuereinheit und einen Ruderantrieb. Das System ist so konstruiert, dass es Umweltparameter erkennt und schnell die optimalen Einstellungen berechnet, um eine \u00fcberlegene Leistung zu garantieren. Dadurch bietet es pr\u00e4zises und zuverl\u00e4ssiges Kurshalten, unabh\u00e4ngig von der Geschwindigkeit des Bootes oder den vorherrschenden Seebedingungen. Das EV-100 beseitigt die Notwendigkeit komplexer Lernverfahren und Kompasskalibrierung und verf\u00fcgt \u00fcber eine automatische Kalibrierung sowie ein 9-Achsen-\u00dcberwachungssystem, das die Bug-, Roll- und Nickbewegungen des Fahrzeugs verfolgt.<br \/>\nZur zus\u00e4tzlichen Bequemlichkeit ist eine optionale S100-Fernbedienung verf\u00fcgbar, die einen Basisstationen-Empf\u00e4nger umfasst und \u00fcber den Seatalk1- zu NMEA 2000-Converter mit dem Autopiloten verbunden ist.<\/p>\n<p>Wichtige Funktionen:<br \/>\n&#8211; Eine komplette Autopilotl\u00f6sung in einem einzigen Paket<br \/>\n&#8211; Evolution Ai-Technologie f\u00fcr verbesserte Leistung<br \/>\n&#8211; Keine Kalibrierung erforderlich<br \/>\n&#8211; Schnelle und unkomplizierte Installation<br \/>\n&#8211; Kompakter und unauff\u00e4lliger Ruderantrieb<br \/>\n&#8211; Von f\u00fchrenden Einhandseglern weltweit vertraut<br \/>\n&#8211; Geeignet f\u00fcr Ruder-gesteuerte Boote mit einem Gewicht von bis zu 6.000 kg (13.200 lbs)<br \/>\n&#8211; Kompatibel mit 12V DC-Stromsystemen<br \/>\n&#8211; Enth\u00e4lt die p70s Autopilot-Steuerungseinheit<\/p>\n<p>Lieferumfang:<br \/>\n&#8211; EV-1 Sensor Core<br \/>\n&#8211; p70s Autopilot-Steuereinheit<br \/>\n&#8211; ACU-100 Aktuatorsteuereinheit<br \/>\n&#8211; Ruderantrieb<br \/>\n&#8211; Ruderpin (verf\u00fcgbar in Packungen von 5)<br \/>\n&#8211; Montagesockel (verf\u00fcgbar in Packungen von 5)<br \/>\n&#8211; Evolution Verkabelungskit<br \/>\n&#8211; EV-Einheit O-Ring-Pack (Set von 2)<br \/>\n&#8211; Wandmontagehalterung<\/p>\n<p>Der EV Sensor Core<br \/>\nIm Herzen jedes Evolution-Systems befindet sich der intelligente EV Sensor Core, ein 9-Achsen-Sensor, der die Bewegungen des Fahrzeugs in allen drei Dimensionen \u00fcberwacht. Dieser innovative Kern kombiniert fortschrittliche Festk\u00f6rper-Sensoren mit dem Evolution-Autopilot-Prozessor zu einer einzigen, einfach zu installierenden Einheit.<br \/>\nDer EV Sensor Core kann \u00fcber oder unter Deck montiert werden und verf\u00fcgt \u00fcber ein robustes, vollst\u00e4ndig versiegeltes Geh\u00e4use, das die IPX6- und IPX7-Wasserdichtigkeits- und Untertauchstandards erf\u00fcllt.<br \/>\nEntwickelt f\u00fcr die Verwendung mit Evolution-Mechanik- und Hydraulik-Autopilot-Systemen, nutzt das EV-1 SeaTalkng-Netzwerktechnologie, die eine einzige Kabelverbindung f\u00fcr sowohl Strom als auch Daten zum Evolution ACU (Aktuatorsteuereinheit) und erweiterten SeaTalkng- und NMEA 2000-Netzwerken erm\u00f6glicht.<\/p>\n<p>Wichtige Funktionen:<br \/>\n&#8211; Pr\u00e4zise \u00dcberwachung von Kurs, Nick, Roll und Gier, wodurch der Autopilot sich sofort an wechselnde Seebedingungen und Fahrzeugdynamiken anpassen kann<br \/>\n&#8211; Flexible Installationsoptionen, geeignet f\u00fcr \u00fcber oder unter Deck<br \/>\n&#8211; Einfache SeaTalkng-Konnektivit\u00e4t zur Steuereinheit und ACU<br \/>\n&#8211; Festk\u00f6rpersensortechnologie bietet dynamische Genauigkeit innerhalb von 2 Grad unter allen Bedingungen<br \/>\n&#8211; Schnelle und zuverl\u00e4ssige Kursdaten f\u00fcr MARPA, Radar\u00fcberlagerung und Kursmodi auf Raymarine-Multifunktionsdisplays<\/p>\n<p>p70 Autopilot-Steuereinheit<br \/>\nDie p70 ist ein benutzerfreundlicher Tastencontroller, der haupts\u00e4chlich f\u00fcr Segelboote konzipiert ist.<\/p>\n<p>Wichtige Funktionen:<br \/>\n&#8211; Die LightHouse-Benutzeroberfl\u00e4che ist intuitiv und schnell zu navigieren<br \/>\n&#8211; Breite von 160\u00b0 Sichtwinkel f\u00fcr verbesserte Sichtbarkeit<br \/>\n&#8211; Ein Startassistent vereinfacht die Konfiguration des Piloten<br \/>\n&#8211; Antireflexbeschichtung verbessert die Sichtbarkeit bei hellem Sonnenlicht<br \/>\n&#8211; Geringer Stromverbrauch \u2013 typischerweise 132mA\/1.6W, was 27% weniger als der ST70 bei viermaliger Helligkeit macht<br \/>\n&#8211; Unterst\u00fctzt verschiedene Autopilotmodi: Auto, Standby, Muster, Track, Windvane, Power Steer und Jog Steer<br \/>\n&#8211; Einfache System- und Gruppen-Dimmung\/Beleuchtung<br \/>\n&#8211; Kompatibilit\u00e4t mit mehreren Datenquellen<br \/>\n&#8211; SeaTalkng\/NMEA 2000 und SeaTalk1-Konnektivit\u00e4t (kein Br\u00fccken erforderlich)<\/p>\n<p>ACU-100 Autopilot-Steuereinheit (ACU)<br \/>\nDie robuste ACU (Aktuatorsteuereinheit) bietet zuverl\u00e4ssige Antriebskraft f\u00fcr den Autopiloten und versorgt den SeaTalkng-Bus mit Strom. W\u00e4hlen Sie die ACU, die am besten zu Ihrem Steuerungssystemtyp passt.<\/p>\n<p>Das Evolution-Verkabelungskit umfasst:<br \/>\n&#8211; 1 x SeaTalkng-Stromkabel (0,4 m)<br \/>\n&#8211; 1 x SeaTalkng-R\u00fcckenkabel (5 m)<br \/>\n&#8211; 1 x SeaTalkng-Abzweigkabel (0,4 m)<br \/>\n&#8211; 1 x SeaTalkng-5-Weg-Steckerblock<br \/>\n&#8211; 2 x SeaTalkng-T-St\u00fccke<br \/>\n&#8211; 2 x SeaTalkng-Terminatoren<\/p>\n<p>Diese umfassende \u00dcbersicht \u00fcber den Raymarine Evolution EV-100 Tiller Autopilot hebt seine fortschrittlichen Funktionen und F\u00e4higkeiten hervor und stellt sicher, dass Bootsbesitzer informierte Entscheidungen treffen k\u00f6nnen, wenn sie nach zuverl\u00e4ssiger und hochwertiger Ausr\u00fcstung f\u00fcr ihre Fahrzeuge suchen.<\/p>\n","protected":false},"excerpt":{"rendered":"<p>Raymarine EV-100 Pinne &#8211; Raymarine Evolution EV-100 Tiller Autopilot Das Raymarine Evolution EV-100 Pack ist ein fortschrittliches Autopilot-System, das speziell<\/p>\n","protected":false},"featured_media":5947983,"comment_status":"open","ping_status":"closed","template":"","meta":[],"product_brand":[3300],"product_cat":[1457],"product_tag":[],"class_list":{"0":"post-738403","1":"product","2":"type-product","3":"status-publish","4":"has-post-thumbnail","6":"product_brand-raymarine-de","7":"product_cat-bootelektronik","9":"first","10":"instock","11":"shipping-taxable","12":"purchasable","13":"product-type-simple"},"_links":{"self":[{"href":"https:\/\/stoic-curie.212-227-153-4.plesk.page\/de\/wp-json\/wp\/v2\/product\/738403","targetHints":{"allow":["GET"]}}],"collection":[{"href":"https:\/\/stoic-curie.212-227-153-4.plesk.page\/de\/wp-json\/wp\/v2\/product"}],"about":[{"href":"https:\/\/stoic-curie.212-227-153-4.plesk.page\/de\/wp-json\/wp\/v2\/types\/product"}],"replies":[{"embeddable":true,"href":"https:\/\/stoic-curie.212-227-153-4.plesk.page\/de\/wp-json\/wp\/v2\/comments?post=738403"}],"version-history":[{"count":0,"href":"https:\/\/stoic-curie.212-227-153-4.plesk.page\/de\/wp-json\/wp\/v2\/product\/738403\/revisions"}],"wp:featuredmedia":[{"embeddable":true,"href":"https:\/\/stoic-curie.212-227-153-4.plesk.page\/de\/wp-json\/wp\/v2\/media\/5947983"}],"wp:attachment":[{"href":"https:\/\/stoic-curie.212-227-153-4.plesk.page\/de\/wp-json\/wp\/v2\/media?parent=738403"}],"wp:term":[{"taxonomy":"product_brand","embeddable":true,"href":"https:\/\/stoic-curie.212-227-153-4.plesk.page\/de\/wp-json\/wp\/v2\/product_brand?post=738403"},{"taxonomy":"product_cat","embeddable":true,"href":"https:\/\/stoic-curie.212-227-153-4.plesk.page\/de\/wp-json\/wp\/v2\/product_cat?post=738403"},{"taxonomy":"product_tag","embeddable":true,"href":"https:\/\/stoic-curie.212-227-153-4.plesk.page\/de\/wp-json\/wp\/v2\/product_tag?post=738403"}],"curies":[{"name":"wp","href":"https:\/\/api.w.org\/{rel}","templated":true}]}}