{"id":738404,"date":"2025-03-03T17:47:35","date_gmt":"2025-03-03T16:47:35","guid":{"rendered":"https:\/\/stoic-curie.212-227-153-4.plesk.page\/producto\/raymarine-ev-100-rad\/"},"modified":"2026-02-24T23:35:20","modified_gmt":"2026-02-24T23:35:20","slug":"raymarine-ev-100-rad","status":"publish","type":"product","link":"https:\/\/stoic-curie.212-227-153-4.plesk.page\/de\/product\/raymarine-ev-100-rad\/","title":{"rendered":"Raymarine EV-100 Rad"},"content":{"rendered":"<p>Raymarine EV-100 Rad &#8211; <\/p>\n<p style=\"color: rgb(34, 34, 34); font-family: Arial, Helvetica, sans-serif; font-size: small;\">Das Raymarine Evolution EV-100 Pack ist ein fortschrittliches Rad-Autopilot-System, das speziell f\u00fcr kleine Segelboote mit einem maximalen Verdr\u00e4ngungsgewicht von bis zu 7.500 kg entwickelt wurde. Dieses umfassende Paket umfasst den ACU-100 Kurscomputer, das p70s Steuerger\u00e4t und einen Radaktuator. Das System ist in der Lage, Umweltparameter zu erkennen und schnell optimale Einstellungen zu berechnen, um eine Spitzenleistung zu gew\u00e4hrleisten. Dadurch erm\u00f6glicht es pr\u00e4zises und zuverl\u00e4ssiges Kurshalten, unabh\u00e4ngig von der Geschwindigkeit des Bootes oder den herrschenden Seezust\u00e4nden. Der Installationsprozess ist unkompliziert und erfordert keine komplexen Lernverfahren oder Kompasskalibrierungen, dank seiner automatischen Kalibrierung und der 9-Achsen-\u00dcberwachung von Bug, Roll und Nick.<\/p>\n<p style=\"color: rgb(34, 34, 34); font-family: Arial, Helvetica, sans-serif; font-size: small;\">F\u00fcr zus\u00e4tzlichen Komfort ist die optionale S100 Funkfernbedienung mit einem Basisstationsempf\u00e4nger ausgestattet und verbindet sich \u00fcber den Seatalk1 zu NG-Adapter mit dem Autopiloten.<\/p>\n<p style=\"color: rgb(34, 34, 34); font-family: Arial, Helvetica, sans-serif; font-size: small;\"><strong>Autopilot f\u00fcr Rad-gesteuerte Segelboote<\/strong><\/p>\n<p style=\"color: rgb(34, 34, 34); font-family: Arial, Helvetica, sans-serif; font-size: small;\">Der EV-100 Wheel Pilot bietet eine komplette Autopilotl\u00f6sung, die auf Rad-gesteuerte Segelboote zugeschnitten ist. Er wurde f\u00fcr eine einfache Installation durch den Benutzer gestaltet, wobei der extern montierte Antrieb im Cockpit positioniert und direkt an den Speichen des Steuerrads befestigt wird. Der EV-100 Wheel Pilot gew\u00e4hrleistet eine pr\u00e4zise Autopilot-Steuerung durch den intelligenten EV-1 Sensor und die ACU-100 Steuerungseinheit. Kunden k\u00f6nnen zwischen Systemen w\u00e4hlen, die den p70s Autopilotsteuerkopf enthalten, oder sich f\u00fcr ein System ohne Steuerkopf entscheiden, bei dem ein Raymarine Axiom Plotter f\u00fcr die umfassende Autopilotverwaltung verwendet wird.<\/p>\n<p style=\"color: rgb(34, 34, 34); font-family: Arial, Helvetica, sans-serif; font-size: small;\"><strong>Hauptmerkmale des EV-100 Wheel Pilot<\/strong><\/p>\n<ul style=\"color: rgb(34, 34, 34); font-family: Arial, Helvetica, sans-serif; font-size: small;\">\n<li>Geeignet f\u00fcr Rad-gesteuerte Segelboote mit einem Verdr\u00e4ngungsgewicht von bis zu 7.500 kg (16.500 lbs).<\/li>\n<\/ul>\n<p style=\"color: rgb(34, 34, 34); font-family: Arial, Helvetica, sans-serif; font-size: small;\"><strong>Technischer Hinweis:<\/strong>\u00a0Ber\u00fccksichtigen Sie immer das vollbeladene Verdr\u00e4ngungsgewicht Ihres Schiffes, das oft 20 % \u00fcber dem vorgesehenen Verdr\u00e4ngungsgewicht liegt.<\/p>\n<ul style=\"color: rgb(34, 34, 34); font-family: Arial, Helvetica, sans-serif; font-size: small;\">\n<li>F\u00fcr Cockpitinstallationen entworfen.<\/li>\n<li>Kompatibel mit SeaTalkNG\/NMEA2000 f\u00fcr nahtloses Networking mit Segelinstrumenten und Plottern.<\/li>\n<li>Erfordert keine komplizierte Einrichtung oder Autopilotkalibrierung.<\/li>\n<li>Enth\u00e4lt den EV-1 Sensor, einen intelligenten 9-Achsen-Navigationssensor, der Luftfahrttechnologie verwendet, um sich an wechselnde Seebedingungen und Schiffsdynamik anzupassen.<\/li>\n<\/ul>\n","protected":false},"excerpt":{"rendered":"<p>Raymarine EV-100 Rad &#8211; Das Raymarine Evolution EV-100 Pack ist ein fortschrittliches Rad-Autopilot-System, das speziell f\u00fcr kleine Segelboote mit einem<\/p>\n","protected":false},"featured_media":5947984,"comment_status":"open","ping_status":"closed","template":"","meta":[],"product_brand":[3300],"product_cat":[1457],"product_tag":[],"class_list":{"0":"post-738404","1":"product","2":"type-product","3":"status-publish","4":"has-post-thumbnail","6":"product_brand-raymarine-de","7":"product_cat-bootelektronik","9":"first","10":"instock","11":"shipping-taxable","12":"purchasable","13":"product-type-simple"},"_links":{"self":[{"href":"https:\/\/stoic-curie.212-227-153-4.plesk.page\/de\/wp-json\/wp\/v2\/product\/738404","targetHints":{"allow":["GET"]}}],"collection":[{"href":"https:\/\/stoic-curie.212-227-153-4.plesk.page\/de\/wp-json\/wp\/v2\/product"}],"about":[{"href":"https:\/\/stoic-curie.212-227-153-4.plesk.page\/de\/wp-json\/wp\/v2\/types\/product"}],"replies":[{"embeddable":true,"href":"https:\/\/stoic-curie.212-227-153-4.plesk.page\/de\/wp-json\/wp\/v2\/comments?post=738404"}],"version-history":[{"count":0,"href":"https:\/\/stoic-curie.212-227-153-4.plesk.page\/de\/wp-json\/wp\/v2\/product\/738404\/revisions"}],"wp:featuredmedia":[{"embeddable":true,"href":"https:\/\/stoic-curie.212-227-153-4.plesk.page\/de\/wp-json\/wp\/v2\/media\/5947984"}],"wp:attachment":[{"href":"https:\/\/stoic-curie.212-227-153-4.plesk.page\/de\/wp-json\/wp\/v2\/media?parent=738404"}],"wp:term":[{"taxonomy":"product_brand","embeddable":true,"href":"https:\/\/stoic-curie.212-227-153-4.plesk.page\/de\/wp-json\/wp\/v2\/product_brand?post=738404"},{"taxonomy":"product_cat","embeddable":true,"href":"https:\/\/stoic-curie.212-227-153-4.plesk.page\/de\/wp-json\/wp\/v2\/product_cat?post=738404"},{"taxonomy":"product_tag","embeddable":true,"href":"https:\/\/stoic-curie.212-227-153-4.plesk.page\/de\/wp-json\/wp\/v2\/product_tag?post=738404"}],"curies":[{"name":"wp","href":"https:\/\/api.w.org\/{rel}","templated":true}]}}