{"id":738405,"date":"2025-03-03T17:47:35","date_gmt":"2025-03-03T16:47:35","guid":{"rendered":"https:\/\/stoic-curie.212-227-153-4.plesk.page\/producto\/raymarine-ev-100-hydraulisch\/"},"modified":"2026-02-24T23:35:20","modified_gmt":"2026-02-24T23:35:20","slug":"raymarine-ev-100-hydraulisch","status":"publish","type":"product","link":"https:\/\/stoic-curie.212-227-153-4.plesk.page\/de\/product\/raymarine-ev-100-hydraulisch\/","title":{"rendered":"Raymarine EV-100 Hydraulisch"},"content":{"rendered":"<p>Raymarine EV-100 Hydraulisch &#8211; <\/p>\n<p><strong>Raymarine Evolution EV-100 Pack Hydraulisches Autopilot-System f\u00fcr kleine Motorboote<\/strong><\/p>\n<p>Das Raymarine Evolution EV-100 Pack ist ein fortschrittliches hydraulisches Autopilot-System, das speziell f\u00fcr kleine Motorboote entwickelt wurde. Dieses Paket enth\u00e4lt den ACU-100 Kurscomputer, die p70Rs Steuereinheit und eine hydraulische Pumpe mit 0,5 Litern, die hydraulische Lenksysteme mit Kapazit\u00e4ten von 50cc bis 110cc unterst\u00fctzt. Das System erkennt Umweltparameter und berechnet schnell optimale Einstellungen, um die Spitzenleistung sicherzustellen. Dadurch gew\u00e4hrleistet es eine pr\u00e4zise und zuverl\u00e4ssige Kursstabilit\u00e4t, unabh\u00e4ngig von der Geschwindigkeit des Bootes oder den vorherrschenden Seebedingungen. Der Installationsprozess ist unkompliziert und beseitigt die Notwendigkeit komplizierter Lernverfahren oder Kompasskalibrierungen. Stattdessen bietet es eine automatische Kalibrierung und pr\u00e4zise 9-Achsen-\u00dcberwachung der Kopfrichtung, des Rollens und des Stampfens des Schiffes. Zudem ist eine optionale S100-Fernbedienung erh\u00e4ltlich, die einen Empfangsstationssender enth\u00e4lt und \u00fcber den Seatalk1-zu-NMEA 2000-Konverter mit dem Autopiloten verbunden werden muss.<\/p>\n<p><strong>Autopilot-System f\u00fcr hydraulische Au\u00dfenbordmotoren (P70Rs + ACU-100 + hydraulische Pumpe + EV ECU)<\/strong><\/p>\n<p>Der EV-100 Power Pilot bietet eine umfassende Autopilot-L\u00f6sung, die f\u00fcr kleinere Motorboote mit hydraulischer Lenkung ma\u00dfgeschneidert ist. Dieses System ist besonders effektiv f\u00fcr Boote mit Einbaumotoren und bietet pr\u00e4zise Autopilotkontrolle durch den fortschrittlichen EV-1 Sensorsensor und die ACU-100 Steuerungseinheit. Das Paket umfasst eine hydraulische Autopilotpumpe mit 0,5 Litern, die mit hydraulischen Lenkzylindern f\u00fcr Au\u00dfenborder mit einer Kapazit\u00e4t von 50cc bis 110cc (3,1 in\u00b3 bis 6,7 in\u00b3) kompatibel ist. Die Kunden k\u00f6nnen das EV-100 Power Pilot-System mit dem P70Rs Autopilotsteuerkopf w\u00e4hlen oder sich f\u00fcr ein System ohne Steuerkopf entscheiden, das einen Raymarine Axiom Kartenplotter f\u00fcr die vollst\u00e4ndige Autopilotfunktionalit\u00e4t nutzt.<\/p>\n<p><strong>Hauptmerkmale des EV-100 Power Pilot<\/strong><\/p>\n<ul>\n<li>Vereinfachter Installationsprozess ohne komplexe Einrichtung oder Kalibrierung des Autopiloten erforderlich.<\/li>\n<li>Integriert den EV-1 Sensorsensor, einen intelligenten 9-Achsen-Kopf sensors, der Luftfahrt-Navigationstechnologie verwendet, um sich an unterschiedliche See- und Bootsdynamiken anzupassen.<\/li>\n<li>Verwendet die exklusive Raymarine Hydro-Balance\u2122-Technologie, die die Elastizit\u00e4t in hydraulischen Lenkungssystemen ausgleicht und automatisch Lenkungsoszillation verhindert. Dies gew\u00e4hrleistet eine pr\u00e4zise Kursstabilit\u00e4t ohne Gaspedal-Jagen.<\/li>\n<li>Der EV-100 Autopilot bietet au\u00dfergew\u00f6hnliche Lenkgenauigkeit, was zu Kraftstoffeinsparungen und schnelleren Ank\u00fcnften an Ihrem Ziel f\u00fchrt.<\/li>\n<\/ul>\n","protected":false},"excerpt":{"rendered":"<p>Raymarine EV-100 Hydraulisch &#8211; Raymarine Evolution EV-100 Pack Hydraulisches Autopilot-System f\u00fcr kleine Motorboote Das Raymarine Evolution EV-100 Pack ist ein<\/p>\n","protected":false},"featured_media":5947985,"comment_status":"open","ping_status":"closed","template":"","meta":[],"product_brand":[3300],"product_cat":[1457],"product_tag":[],"class_list":{"0":"post-738405","1":"product","2":"type-product","3":"status-publish","4":"has-post-thumbnail","6":"product_brand-raymarine-de","7":"product_cat-bootelektronik","9":"first","10":"outofstock","11":"shipping-taxable","12":"purchasable","13":"product-type-simple"},"_links":{"self":[{"href":"https:\/\/stoic-curie.212-227-153-4.plesk.page\/de\/wp-json\/wp\/v2\/product\/738405","targetHints":{"allow":["GET"]}}],"collection":[{"href":"https:\/\/stoic-curie.212-227-153-4.plesk.page\/de\/wp-json\/wp\/v2\/product"}],"about":[{"href":"https:\/\/stoic-curie.212-227-153-4.plesk.page\/de\/wp-json\/wp\/v2\/types\/product"}],"replies":[{"embeddable":true,"href":"https:\/\/stoic-curie.212-227-153-4.plesk.page\/de\/wp-json\/wp\/v2\/comments?post=738405"}],"version-history":[{"count":0,"href":"https:\/\/stoic-curie.212-227-153-4.plesk.page\/de\/wp-json\/wp\/v2\/product\/738405\/revisions"}],"wp:featuredmedia":[{"embeddable":true,"href":"https:\/\/stoic-curie.212-227-153-4.plesk.page\/de\/wp-json\/wp\/v2\/media\/5947985"}],"wp:attachment":[{"href":"https:\/\/stoic-curie.212-227-153-4.plesk.page\/de\/wp-json\/wp\/v2\/media?parent=738405"}],"wp:term":[{"taxonomy":"product_brand","embeddable":true,"href":"https:\/\/stoic-curie.212-227-153-4.plesk.page\/de\/wp-json\/wp\/v2\/product_brand?post=738405"},{"taxonomy":"product_cat","embeddable":true,"href":"https:\/\/stoic-curie.212-227-153-4.plesk.page\/de\/wp-json\/wp\/v2\/product_cat?post=738405"},{"taxonomy":"product_tag","embeddable":true,"href":"https:\/\/stoic-curie.212-227-153-4.plesk.page\/de\/wp-json\/wp\/v2\/product_tag?post=738405"}],"curies":[{"name":"wp","href":"https:\/\/api.w.org\/{rel}","templated":true}]}}