{"id":738406,"date":"2025-03-03T17:47:35","date_gmt":"2025-03-03T16:47:35","guid":{"rendered":"https:\/\/stoic-curie.212-227-153-4.plesk.page\/producto\/raymarine-ev-150-hydraulisch\/"},"modified":"2026-02-24T23:35:20","modified_gmt":"2026-02-24T23:35:20","slug":"raymarine-ev-150-hydraulisch","status":"publish","type":"product","link":"https:\/\/stoic-curie.212-227-153-4.plesk.page\/de\/product\/raymarine-ev-150-hydraulisch\/","title":{"rendered":"Raymarine EV-150 Hydraulisch"},"content":{"rendered":"<p>Raymarine EV-150 Hydraulisch &#8211; <\/p>\n<p><strong>Raymarine Evolution EV-150 Hydraulisches Autopilot-System Pack<\/strong><\/p>\n<p>Das Raymarine Evolution EV-150 Pack ist ein hydraulisches Autopilot-System, das speziell f\u00fcr kleine Motorboote entwickelt wurde. Dieses umfassende System umfasst den ACU-150 Kurscomputer, die Steuerungseinheit p70Rs und eine hydraulische Pumpe Typ 1, die Kapazit\u00e4ten von 80 bis 230 cc unterst\u00fctzt. Es ist so konzipiert, dass es Umweltparameter erkennt und schnell optimale Einstellungen berechnet, um H\u00f6chstleistungen zu gew\u00e4hrleisten. Dadurch bietet es pr\u00e4zise und zuverl\u00e4ssige Kursstabilit\u00e4t, unabh\u00e4ngig von der Geschwindigkeit des Bootes oder den aktuellen Seebedingungen. Das System beseitigt die Notwendigkeit f\u00fcr komplexe Lernverfahren und Kompasskalibrierungen, verf\u00fcgt \u00fcber eine automatische Kalibrierung und ein 9-Achsen-\u00dcberwachungssystem, das genau den Bug, das Rollen und das Nicken des Bootes verfolgt.<\/p>\n<p>F\u00fcr zus\u00e4tzlichen Komfort ist eine optionale S100-Fernbedienung verf\u00fcgbar, die einen Basisstationsempf\u00e4nger umfasst und eine Schnittstelle mit dem Autopiloten \u00fcber den Seatalk1 zu NMEA 2000-Konverter erfordert. Das Evolution EV-150 Hydraulische Autopilot-System Pack ist ein komplettes Set, das bereit f\u00fcr die Installation auf vielen beliebten Angel- und Kreuzfahrt-Motorbooten ist, die mit hydraulischer Steuerung ausgestattet sind. Das Paket umfasst den Autopilot-Controller p70Rs, den EV1 Sensor Core, die ACU150 Aktuatorsteuerungseinheit, die hydraulische Pumpe Typ 1 und ein Evolution-Autopilot-Verkabelungskit.<\/p>\n<p>Das Raymarine Evolution Autopilot-System ist benutzerfreundlich gestaltet und vereinfacht die Einrichtung und Kalibrierung. Der intelligente 9-Achsen-EV-Sensor-Kern erm\u00f6glicht es dem Autopiloten, sich automatisch an die Steuerungseigenschaften Ihres Bootes anzupassen, ohne dass eine Benutzerintervention erforderlich ist. Dies f\u00fchrt zu pr\u00e4ziser und zuverl\u00e4ssiger Kursstabilit\u00e4t, unabh\u00e4ngig von der Geschwindigkeit des Bootes oder den Seebedingungen.<\/p>\n<p>Das Evolution EV-150-System beinhaltet auch die patentierte Hydro-Balance\u2122-Technologie von Raymarine, die die Autopilot-Leistung f\u00fcr hydraulisch gesteuerte Boote, insbesondere f\u00fcr Au\u00dfenbordmotoren und ruderverweislose Systeme, verbessert. Hydro-Balance kompensiert automatisch die Elastizit\u00e4t des Hydrauliksystems, die Asymmetrie des Steuersystems und das Drehmomentsteuern, sodass Ihr Boot bei Trolling-Geschwindigkeit, Kreuzfahrtgeschwindigkeit und hohen Geschwindigkeitsfahrten auf Kurs bleibt.<\/p>\n<p>Angler werden die integrierten Trolling-Muster des Evolution-Autopiloten sch\u00e4tzen, die es dem System erm\u00f6glichen, das Boot zu steuern, w\u00e4hrend Sie K\u00f6der vorbereiten, Leinen setzen und Ihre Auslage anpassen.<\/p>\n<p>Zus\u00e4tzlich verf\u00fcgt das System \u00fcber die neuesten Evolution TrackIQ\u2122-Algorithmen von Raymarine, die eine pr\u00e4zisere Kursstabilit\u00e4t und schnellere Kurs\u00fcbernahme bieten. Es verwendet Daten \u00fcber den Pitch, Roll, Yaw und Heave des Bootes, um GPS-Navigationsinformationen wie Kurs \u00fcber Grund, Geschwindigkeit \u00fcber Grund und Querabstandfehler zu stabilisieren, um eine optimale Verfolgung von Wegpunkten und Routen sicherzustellen.<\/p>\n<p>Das Raymarine EV-150 Hydraulisches Autopilot-System Pack ist die ideale Wahl f\u00fcr kleine bis mittelgro\u00dfe hydraulisch gesteuerte Fahrzeuge mit einer Steuerramkapazit\u00e4t zwischen 4,9 cu. in. (80 cc) und 14,0 cu. in. (230 cc). Dieses System ist ausschlie\u00dflich f\u00fcr den Einsatz mit 12-Volt-Gleichstromnetzen konzipiert.<\/p>\n<p><strong>Enthaltene Komponenten:<\/strong><\/p>\n<ul>\n<li>E70329 p70Rs Steuerkopf<\/li>\n<li>E70096 EV-1 Sensor Core<\/li>\n<li>R70160 Evolution Kabelkit<\/li>\n<li>E70430 ACU-150 Aktuatorsteuerungseinheit<\/li>\n<li>M81120 Typ 1 12V Hydraulikpumpe<\/li>\n<\/ul>\n","protected":false},"excerpt":{"rendered":"<p>Raymarine EV-150 Hydraulisch &#8211; Raymarine Evolution EV-150 Hydraulisches Autopilot-System Pack Das Raymarine Evolution EV-150 Pack ist ein hydraulisches Autopilot-System, das<\/p>\n","protected":false},"featured_media":5947986,"comment_status":"open","ping_status":"closed","template":"","meta":[],"product_brand":[3300],"product_cat":[1457],"product_tag":[],"class_list":{"0":"post-738406","1":"product","2":"type-product","3":"status-publish","4":"has-post-thumbnail","6":"product_brand-raymarine-de","7":"product_cat-bootelektronik","9":"first","10":"instock","11":"shipping-taxable","12":"purchasable","13":"product-type-simple"},"_links":{"self":[{"href":"https:\/\/stoic-curie.212-227-153-4.plesk.page\/de\/wp-json\/wp\/v2\/product\/738406","targetHints":{"allow":["GET"]}}],"collection":[{"href":"https:\/\/stoic-curie.212-227-153-4.plesk.page\/de\/wp-json\/wp\/v2\/product"}],"about":[{"href":"https:\/\/stoic-curie.212-227-153-4.plesk.page\/de\/wp-json\/wp\/v2\/types\/product"}],"replies":[{"embeddable":true,"href":"https:\/\/stoic-curie.212-227-153-4.plesk.page\/de\/wp-json\/wp\/v2\/comments?post=738406"}],"version-history":[{"count":0,"href":"https:\/\/stoic-curie.212-227-153-4.plesk.page\/de\/wp-json\/wp\/v2\/product\/738406\/revisions"}],"wp:featuredmedia":[{"embeddable":true,"href":"https:\/\/stoic-curie.212-227-153-4.plesk.page\/de\/wp-json\/wp\/v2\/media\/5947986"}],"wp:attachment":[{"href":"https:\/\/stoic-curie.212-227-153-4.plesk.page\/de\/wp-json\/wp\/v2\/media?parent=738406"}],"wp:term":[{"taxonomy":"product_brand","embeddable":true,"href":"https:\/\/stoic-curie.212-227-153-4.plesk.page\/de\/wp-json\/wp\/v2\/product_brand?post=738406"},{"taxonomy":"product_cat","embeddable":true,"href":"https:\/\/stoic-curie.212-227-153-4.plesk.page\/de\/wp-json\/wp\/v2\/product_cat?post=738406"},{"taxonomy":"product_tag","embeddable":true,"href":"https:\/\/stoic-curie.212-227-153-4.plesk.page\/de\/wp-json\/wp\/v2\/product_tag?post=738406"}],"curies":[{"name":"wp","href":"https:\/\/api.w.org\/{rel}","templated":true}]}}