{"id":738412,"date":"2025-03-03T17:49:30","date_gmt":"2025-03-03T16:49:30","guid":{"rendered":"https:\/\/stoic-curie.212-227-153-4.plesk.page\/producto\/garmin-gt15m-ih\/"},"modified":"2026-02-24T23:35:20","modified_gmt":"2026-02-24T23:35:20","slug":"garmin-gt15m-ih","status":"publish","type":"product","link":"https:\/\/stoic-curie.212-227-153-4.plesk.page\/de\/product\/garmin-gt15m-ih\/","title":{"rendered":"Garmin GT15M-IH"},"content":{"rendered":"<p>Garmin GT15M-IH &#8211; <\/p>\n<p>Der Garmin GPSMAP 1223xsv Kartenplotter\/Fischfinder bietet ein IPS-glasgebundenes 12&#8243;\/1280&#215;800 Pixel Touchscreen-Display mit hoher Hintergrundbeleuchtung und blendfreier Beschichtung. Ausgestattet mit einem integrierten GPS-Empf\u00e4nger, 1W CHIRP, ClearVU, SideVU und UHD-Modul, ist er mit allen traditionellen, All-in-One, Panoptix und UHD-Sensores kompatibel. Kompatibel mit Garmin BlueChart und Garmin Navionics+ Kartografie. Verf\u00fcgt \u00fcber 2 microSD-Slots, USB-Anschluss, HDMI-Anschluss, J1939-Anschluss, drahtlose Konnektivit\u00e4t, NMEA2000, Garmin Marine Network und ANT. Integriert sich nahtlos in alle Bord-Systeme. Ausgestattet mit Auto Guidance, Active Captain, Sail Assist, Quickdraw Contours und OneHelm Funktionen. Komplett mit verstellbarem Halter, Einbaukit, Bildschirmabdeckung und Strom-\/Datenkabel. Muss mit einem Sensor erg\u00e4nzt werden.<\/p>\n","protected":false},"excerpt":{"rendered":"<p>Garmin GT15M-IH &#8211; Der Garmin GPSMAP 1223xsv Kartenplotter\/Fischfinder bietet ein IPS-glasgebundenes 12&#8243;\/1280&#215;800 Pixel Touchscreen-Display mit hoher Hintergrundbeleuchtung und blendfreier Beschichtung.<\/p>\n","protected":false},"featured_media":5947997,"comment_status":"open","ping_status":"closed","template":"","meta":[],"product_brand":[2970],"product_cat":[1457],"product_tag":[],"class_list":{"0":"post-738412","1":"product","2":"type-product","3":"status-publish","4":"has-post-thumbnail","6":"product_brand-garmin-de","7":"product_cat-bootelektronik","9":"first","10":"instock","11":"shipping-taxable","12":"purchasable","13":"product-type-simple"},"_links":{"self":[{"href":"https:\/\/stoic-curie.212-227-153-4.plesk.page\/de\/wp-json\/wp\/v2\/product\/738412","targetHints":{"allow":["GET"]}}],"collection":[{"href":"https:\/\/stoic-curie.212-227-153-4.plesk.page\/de\/wp-json\/wp\/v2\/product"}],"about":[{"href":"https:\/\/stoic-curie.212-227-153-4.plesk.page\/de\/wp-json\/wp\/v2\/types\/product"}],"replies":[{"embeddable":true,"href":"https:\/\/stoic-curie.212-227-153-4.plesk.page\/de\/wp-json\/wp\/v2\/comments?post=738412"}],"version-history":[{"count":0,"href":"https:\/\/stoic-curie.212-227-153-4.plesk.page\/de\/wp-json\/wp\/v2\/product\/738412\/revisions"}],"wp:featuredmedia":[{"embeddable":true,"href":"https:\/\/stoic-curie.212-227-153-4.plesk.page\/de\/wp-json\/wp\/v2\/media\/5947997"}],"wp:attachment":[{"href":"https:\/\/stoic-curie.212-227-153-4.plesk.page\/de\/wp-json\/wp\/v2\/media?parent=738412"}],"wp:term":[{"taxonomy":"product_brand","embeddable":true,"href":"https:\/\/stoic-curie.212-227-153-4.plesk.page\/de\/wp-json\/wp\/v2\/product_brand?post=738412"},{"taxonomy":"product_cat","embeddable":true,"href":"https:\/\/stoic-curie.212-227-153-4.plesk.page\/de\/wp-json\/wp\/v2\/product_cat?post=738412"},{"taxonomy":"product_tag","embeddable":true,"href":"https:\/\/stoic-curie.212-227-153-4.plesk.page\/de\/wp-json\/wp\/v2\/product_tag?post=738412"}],"curies":[{"name":"wp","href":"https:\/\/api.w.org\/{rel}","templated":true}]}}