{"id":738416,"date":"2025-03-03T17:49:31","date_gmt":"2025-03-03T16:49:31","guid":{"rendered":"https:\/\/stoic-curie.212-227-153-4.plesk.page\/producto\/garmin-striker-vivid-7sv-mit-geber\/"},"modified":"2026-02-24T23:35:20","modified_gmt":"2026-02-24T23:35:20","slug":"garmin-striker-vivid-7sv-mit-geber","status":"publish","type":"product","link":"https:\/\/stoic-curie.212-227-153-4.plesk.page\/de\/product\/garmin-striker-vivid-7sv-mit-geber\/","title":{"rendered":"Garmin Striker Vivid 7SV mit Geber"},"content":{"rendered":"<p>Garmin Striker Vivid 7SV mit Geber &#8211; <\/p>\n<p>Der Garmin Striker Vivid 7SV Echolot mit integriertem Wi-Fi und GPS-System. Ausgestattet mit Standard-, CHIRP-, ClearVu- und SideVu-Technologie. Leistung 500 W. Neuer heller 7&#8243;\/800&#215;400 Pixel Bildschirm mit breitem Farbspektrum, um selbst die kleinsten Ziele zu identifizieren. Das Echolot und alle Bordger\u00e4te von Garmin Marine k\u00f6nnen dank der neuen ActiveCaptain-App einfach \u00fcber das Smartphone verwaltet werden. Mit Quickdraw Contours, das es erm\u00f6glicht, Echtzeit-Bathymetrien zu erstellen und sie online zu teilen. Komplett mit Transducer, drehbarem Neigebraket, Heckmontagesatz, Strom-\/Datenkabel und Y-Kabel f\u00fcr 12-poligen Transducer zu 2 Displays mit 4-poligen Anschl\u00fcssen. TD = Transducer<\/p>\n","protected":false},"excerpt":{"rendered":"<p>Garmin Striker Vivid 7SV mit Geber &#8211; Der Garmin Striker Vivid 7SV Echolot mit integriertem Wi-Fi und GPS-System. Ausgestattet mit<\/p>\n","protected":false},"featured_media":5948009,"comment_status":"open","ping_status":"closed","template":"","meta":[],"product_brand":[2970],"product_cat":[1457],"product_tag":[],"class_list":{"0":"post-738416","1":"product","2":"type-product","3":"status-publish","4":"has-post-thumbnail","6":"product_brand-garmin-de","7":"product_cat-bootelektronik","9":"first","10":"instock","11":"shipping-taxable","12":"purchasable","13":"product-type-simple"},"_links":{"self":[{"href":"https:\/\/stoic-curie.212-227-153-4.plesk.page\/de\/wp-json\/wp\/v2\/product\/738416","targetHints":{"allow":["GET"]}}],"collection":[{"href":"https:\/\/stoic-curie.212-227-153-4.plesk.page\/de\/wp-json\/wp\/v2\/product"}],"about":[{"href":"https:\/\/stoic-curie.212-227-153-4.plesk.page\/de\/wp-json\/wp\/v2\/types\/product"}],"replies":[{"embeddable":true,"href":"https:\/\/stoic-curie.212-227-153-4.plesk.page\/de\/wp-json\/wp\/v2\/comments?post=738416"}],"version-history":[{"count":0,"href":"https:\/\/stoic-curie.212-227-153-4.plesk.page\/de\/wp-json\/wp\/v2\/product\/738416\/revisions"}],"wp:featuredmedia":[{"embeddable":true,"href":"https:\/\/stoic-curie.212-227-153-4.plesk.page\/de\/wp-json\/wp\/v2\/media\/5948009"}],"wp:attachment":[{"href":"https:\/\/stoic-curie.212-227-153-4.plesk.page\/de\/wp-json\/wp\/v2\/media?parent=738416"}],"wp:term":[{"taxonomy":"product_brand","embeddable":true,"href":"https:\/\/stoic-curie.212-227-153-4.plesk.page\/de\/wp-json\/wp\/v2\/product_brand?post=738416"},{"taxonomy":"product_cat","embeddable":true,"href":"https:\/\/stoic-curie.212-227-153-4.plesk.page\/de\/wp-json\/wp\/v2\/product_cat?post=738416"},{"taxonomy":"product_tag","embeddable":true,"href":"https:\/\/stoic-curie.212-227-153-4.plesk.page\/de\/wp-json\/wp\/v2\/product_tag?post=738416"}],"curies":[{"name":"wp","href":"https:\/\/api.w.org\/{rel}","templated":true}]}}