{"id":738420,"date":"2025-03-03T17:49:32","date_gmt":"2025-03-03T16:49:32","guid":{"rendered":"https:\/\/stoic-curie.212-227-153-4.plesk.page\/producto\/garmin-gt51m-tm\/"},"modified":"2026-02-24T23:35:20","modified_gmt":"2026-02-24T23:35:20","slug":"garmin-gt51m-tm","status":"publish","type":"product","link":"https:\/\/stoic-curie.212-227-153-4.plesk.page\/de\/product\/garmin-gt51m-tm\/","title":{"rendered":"Garmin GT51M-TM"},"content":{"rendered":"<p>Garmin GT51M-TM &#8211; <\/p>\n<p>Garmin GPSMAP 8400xsv Serie Multifunktions-Kartenger\u00e4t\/Fischfinder mit Touchscreen-Display und integriertem GPS-Empf\u00e4nger. 1 kW Leistungs-Dual-Channel integriertes CHIRP, ClearVU, SideVU und UHD-Modul, kompatibel mit allen traditionellen, All-in-One- und Panoptix-Transducern. Garmin BlueChart und Garmin Navionics+ Kartografie kompatibel mit installiertem Weltbasis-Kartenmaterial. NMEA0183\/2000, Garmin Marine Network, Fusion-Link und ANT-kompatibel, mit integrierter drahtloser Konnektivit\u00e4t, kann es problemlos mit allen anderen Ger\u00e4ten integriert werden. Ausgestattet mit J1939-Port f\u00fcr Motordaten. Voll ausgestattet mit allen Garmin-Funktionen wie Auto Guidance, Active Captain, Sail Assist und Quickdraw Contours. Komplett mit einstellbarem Halter (nur 10&#8243;\/12&#8243;), integriertem Installationskit, Bildschirmabdeckung, NMEA2000-Kabel, Stromkabel und T-Stecker. Erfordert einen Transducer. TD = Transducer<\/p>\n","protected":false},"excerpt":{"rendered":"<p>Garmin GT51M-TM &#8211; Garmin GPSMAP 8400xsv Serie Multifunktions-Kartenger\u00e4t\/Fischfinder mit Touchscreen-Display und integriertem GPS-Empf\u00e4nger. 1 kW Leistungs-Dual-Channel integriertes CHIRP, ClearVU, SideVU<\/p>\n","protected":false},"featured_media":5948015,"comment_status":"open","ping_status":"closed","template":"","meta":[],"product_brand":[2970],"product_cat":[1457],"product_tag":[],"class_list":{"0":"post-738420","1":"product","2":"type-product","3":"status-publish","4":"has-post-thumbnail","6":"product_brand-garmin-de","7":"product_cat-bootelektronik","9":"first","10":"instock","11":"shipping-taxable","12":"purchasable","13":"product-type-simple"},"_links":{"self":[{"href":"https:\/\/stoic-curie.212-227-153-4.plesk.page\/de\/wp-json\/wp\/v2\/product\/738420","targetHints":{"allow":["GET"]}}],"collection":[{"href":"https:\/\/stoic-curie.212-227-153-4.plesk.page\/de\/wp-json\/wp\/v2\/product"}],"about":[{"href":"https:\/\/stoic-curie.212-227-153-4.plesk.page\/de\/wp-json\/wp\/v2\/types\/product"}],"replies":[{"embeddable":true,"href":"https:\/\/stoic-curie.212-227-153-4.plesk.page\/de\/wp-json\/wp\/v2\/comments?post=738420"}],"version-history":[{"count":0,"href":"https:\/\/stoic-curie.212-227-153-4.plesk.page\/de\/wp-json\/wp\/v2\/product\/738420\/revisions"}],"wp:featuredmedia":[{"embeddable":true,"href":"https:\/\/stoic-curie.212-227-153-4.plesk.page\/de\/wp-json\/wp\/v2\/media\/5948015"}],"wp:attachment":[{"href":"https:\/\/stoic-curie.212-227-153-4.plesk.page\/de\/wp-json\/wp\/v2\/media?parent=738420"}],"wp:term":[{"taxonomy":"product_brand","embeddable":true,"href":"https:\/\/stoic-curie.212-227-153-4.plesk.page\/de\/wp-json\/wp\/v2\/product_brand?post=738420"},{"taxonomy":"product_cat","embeddable":true,"href":"https:\/\/stoic-curie.212-227-153-4.plesk.page\/de\/wp-json\/wp\/v2\/product_cat?post=738420"},{"taxonomy":"product_tag","embeddable":true,"href":"https:\/\/stoic-curie.212-227-153-4.plesk.page\/de\/wp-json\/wp\/v2\/product_tag?post=738420"}],"curies":[{"name":"wp","href":"https:\/\/api.w.org\/{rel}","templated":true}]}}