{"id":738423,"date":"2025-03-03T17:49:33","date_gmt":"2025-03-03T16:49:33","guid":{"rendered":"https:\/\/stoic-curie.212-227-153-4.plesk.page\/producto\/garmin-gpsmap-923xsv\/"},"modified":"2026-02-24T23:35:20","modified_gmt":"2026-02-24T23:35:20","slug":"garmin-gpsmap-923xsv","status":"publish","type":"product","link":"https:\/\/stoic-curie.212-227-153-4.plesk.page\/de\/product\/garmin-gpsmap-923xsv\/","title":{"rendered":"Garmin GPSMAP 923xsv"},"content":{"rendered":"<p>Garmin GPSMAP 923xsv &#8211; <\/p>\n<p><strong>Garmin GPSMAP 923xsv Chartplotter\/Fishfinder (Ohne Transducer)<\/strong><\/p>\n<p>Der Garmin GPSMAP 923xsv ist ein hochentwickelter Chartplotter und Fischfinder mit einem 9-Zoll IPS-Glas-bonded Touchscreen-Display mit einer Aufl\u00f6sung von 1280&#215;720 Pixeln. Dieses Display mit hohem Hintergrundlicht wurde mit einer anti-reflektierenden Oberfl\u00e4che entwickelt, um eine optimale Sichtbarkeit unter verschiedenen Lichtverh\u00e4ltnissen zu gew\u00e4hrle &#8230;<\/p>\n","protected":false},"excerpt":{"rendered":"<p>Garmin GPSMAP 923xsv &#8211; Garmin GPSMAP 923xsv Chartplotter\/Fishfinder (Ohne Transducer) Der Garmin GPSMAP 923xsv ist ein hochentwickelter Chartplotter und Fischfinder<\/p>\n","protected":false},"featured_media":5948022,"comment_status":"open","ping_status":"closed","template":"","meta":[],"product_brand":[2970],"product_cat":[1457],"product_tag":[],"class_list":{"0":"post-738423","1":"product","2":"type-product","3":"status-publish","4":"has-post-thumbnail","6":"product_brand-garmin-de","7":"product_cat-bootelektronik","9":"first","10":"instock","11":"shipping-taxable","12":"purchasable","13":"product-type-simple"},"_links":{"self":[{"href":"https:\/\/stoic-curie.212-227-153-4.plesk.page\/de\/wp-json\/wp\/v2\/product\/738423","targetHints":{"allow":["GET"]}}],"collection":[{"href":"https:\/\/stoic-curie.212-227-153-4.plesk.page\/de\/wp-json\/wp\/v2\/product"}],"about":[{"href":"https:\/\/stoic-curie.212-227-153-4.plesk.page\/de\/wp-json\/wp\/v2\/types\/product"}],"replies":[{"embeddable":true,"href":"https:\/\/stoic-curie.212-227-153-4.plesk.page\/de\/wp-json\/wp\/v2\/comments?post=738423"}],"version-history":[{"count":0,"href":"https:\/\/stoic-curie.212-227-153-4.plesk.page\/de\/wp-json\/wp\/v2\/product\/738423\/revisions"}],"wp:featuredmedia":[{"embeddable":true,"href":"https:\/\/stoic-curie.212-227-153-4.plesk.page\/de\/wp-json\/wp\/v2\/media\/5948022"}],"wp:attachment":[{"href":"https:\/\/stoic-curie.212-227-153-4.plesk.page\/de\/wp-json\/wp\/v2\/media?parent=738423"}],"wp:term":[{"taxonomy":"product_brand","embeddable":true,"href":"https:\/\/stoic-curie.212-227-153-4.plesk.page\/de\/wp-json\/wp\/v2\/product_brand?post=738423"},{"taxonomy":"product_cat","embeddable":true,"href":"https:\/\/stoic-curie.212-227-153-4.plesk.page\/de\/wp-json\/wp\/v2\/product_cat?post=738423"},{"taxonomy":"product_tag","embeddable":true,"href":"https:\/\/stoic-curie.212-227-153-4.plesk.page\/de\/wp-json\/wp\/v2\/product_tag?post=738423"}],"curies":[{"name":"wp","href":"https:\/\/api.w.org\/{rel}","templated":true}]}}