{"id":738424,"date":"2025-03-03T17:49:33","date_gmt":"2025-03-03T16:49:33","guid":{"rendered":"https:\/\/stoic-curie.212-227-153-4.plesk.page\/producto\/garmin-gpsmap-1223xsv\/"},"modified":"2026-02-24T23:35:20","modified_gmt":"2026-02-24T23:35:20","slug":"garmin-gpsmap-1223xsv","status":"publish","type":"product","link":"https:\/\/stoic-curie.212-227-153-4.plesk.page\/de\/product\/garmin-gpsmap-1223xsv\/","title":{"rendered":"Garmin GPSMAP 1223xsv"},"content":{"rendered":"<p>Garmin GPSMAP 1223xsv &#8211; <\/p>\n<p>Der Garmin GPSMAP\u00ae 1223xsv ist ein hochwertiger Kartenplotter und Fischfinder, der \u00fcber SideV\u00fc-, ClearV\u00fc- und traditionelle CHIRP-Sonarfunktionen verf\u00fcgt, sowie eine umfassende weltweite Basiskarte. Dieses Ger\u00e4t verf\u00fcgt \u00fcber ein 12 Zoll gro\u00dfes IPS-Display mit Glasschutz, das eine Aufl\u00f6sung von 1280 x 800 Pixeln bietet und durch hohe Hintergrundbeleuchtung und eine entspiegelt Oberfl\u00e4che f\u00fcr optimale Sichtbarkeit verbessert wird.<\/p>\n<p>Ausgestattet mit einem integrierten GPS-Empf\u00e4nger und einem 1W CHIRP-Modul ist das GPSMAP 1223xsv mit verschiedenen Transducern kompatibel, einschlie\u00dflich traditioneller, All-in-One-, Panoptix- und UHD-Modelle. Es unterst\u00fctzt die Garmin BlueChart- und Garmin Navionics+-Kartografie, um Ihnen detaillierte Navigationsinformationen zur Verf\u00fcgung zu stellen.<\/p>\n<p>Das Ger\u00e4t beinhaltet zwei microSD-Steckpl\u00e4tze, einen USB-Port, einen HDMI-Port, einen J1939-Port und Optionen f\u00fcr drahtlose Konnektivit\u00e4t sowie NMEA2000, Garmin Marine Network und ANT-Kompatibilit\u00e4t. Dies erm\u00f6glicht eine nahtlose Integration mit allen Bord-Systemen.<\/p>\n<p>Zu den wichtigsten Funktionen geh\u00f6ren Auto Guidance, Active Captain, Sail Assist, Quickdraw Contours und OneHelm, die Ihr Bootserlebnis verbessern. Das Paket wird mit einer verstellbaren Halterung, einem Flush-Mount-Kit, einer Bildschirmabdeckung und einem Strom-\/Datenkabel geliefert. Bitte beachten Sie, dass ein Transducer separat erworben werden muss.<\/p>\n<p><strong>Spezifikationen:<\/strong><\/p>\n<ul>\n<li><strong>Abmessungen:<\/strong> 12,1\u201d x 8,9\u201d x 3,2\u201d (30,8 x 22,8 x 8,2 cm)<\/li>\n<li><strong>Gewicht:<\/strong> 6,6 lbs (3,0 kg)<\/li>\n<li><strong>Wasserschutzklasse:<\/strong> IPX7<\/li>\n<li><strong>Touchscreen-Anzeigetyp:<\/strong> WXGA<\/li>\n<li><strong>Displaygr\u00f6\u00dfe:<\/strong> 10,3&#8243; x 6,4&#8243;; 12,1&#8243; diagonal (26,2 x 16,3 cm; 30,7 cm diagonal)<\/li>\n<li><strong>Displayaufl\u00f6sung:<\/strong> 1280 x 800 Pixel<\/li>\n<li><strong>Montageoptionen:<\/strong> Bail, Flush oder Flach (bitte beachten Sie, dass Garmin keine Hardware oder Zubeh\u00f6r f\u00fcr flache Installationen bereitstellt; professionelle Werkzeuge und Fachkenntnisse sind erforderlich).<\/li>\n<\/ul>\n<p>Dieser fortschrittliche Kartenplotter und Fischfinder wurde entwickelt, um die Bed\u00fcrfnisse von seri\u00f6sen Bootfahrern zu erf\u00fcllen und zuverl\u00e4ssige Leistung sowie umfassende Funktionen f\u00fcr Navigation und Angeln zu bieten.<\/p>\n","protected":false},"excerpt":{"rendered":"<p>Garmin GPSMAP 1223xsv &#8211; Der Garmin GPSMAP\u00ae 1223xsv ist ein hochwertiger Kartenplotter und Fischfinder, der \u00fcber SideV\u00fc-, ClearV\u00fc- und traditionelle<\/p>\n","protected":false},"featured_media":5948024,"comment_status":"open","ping_status":"closed","template":"","meta":[],"product_brand":[2970],"product_cat":[1457],"product_tag":[],"class_list":{"0":"post-738424","1":"product","2":"type-product","3":"status-publish","4":"has-post-thumbnail","6":"product_brand-garmin-de","7":"product_cat-bootelektronik","9":"first","10":"instock","11":"shipping-taxable","12":"purchasable","13":"product-type-simple"},"_links":{"self":[{"href":"https:\/\/stoic-curie.212-227-153-4.plesk.page\/de\/wp-json\/wp\/v2\/product\/738424","targetHints":{"allow":["GET"]}}],"collection":[{"href":"https:\/\/stoic-curie.212-227-153-4.plesk.page\/de\/wp-json\/wp\/v2\/product"}],"about":[{"href":"https:\/\/stoic-curie.212-227-153-4.plesk.page\/de\/wp-json\/wp\/v2\/types\/product"}],"replies":[{"embeddable":true,"href":"https:\/\/stoic-curie.212-227-153-4.plesk.page\/de\/wp-json\/wp\/v2\/comments?post=738424"}],"version-history":[{"count":0,"href":"https:\/\/stoic-curie.212-227-153-4.plesk.page\/de\/wp-json\/wp\/v2\/product\/738424\/revisions"}],"wp:featuredmedia":[{"embeddable":true,"href":"https:\/\/stoic-curie.212-227-153-4.plesk.page\/de\/wp-json\/wp\/v2\/media\/5948024"}],"wp:attachment":[{"href":"https:\/\/stoic-curie.212-227-153-4.plesk.page\/de\/wp-json\/wp\/v2\/media?parent=738424"}],"wp:term":[{"taxonomy":"product_brand","embeddable":true,"href":"https:\/\/stoic-curie.212-227-153-4.plesk.page\/de\/wp-json\/wp\/v2\/product_brand?post=738424"},{"taxonomy":"product_cat","embeddable":true,"href":"https:\/\/stoic-curie.212-227-153-4.plesk.page\/de\/wp-json\/wp\/v2\/product_cat?post=738424"},{"taxonomy":"product_tag","embeddable":true,"href":"https:\/\/stoic-curie.212-227-153-4.plesk.page\/de\/wp-json\/wp\/v2\/product_tag?post=738424"}],"curies":[{"name":"wp","href":"https:\/\/api.w.org\/{rel}","templated":true}]}}