{"id":738428,"date":"2025-03-03T17:49:34","date_gmt":"2025-03-03T16:49:34","guid":{"rendered":"https:\/\/stoic-curie.212-227-153-4.plesk.page\/producto\/garmin-gpsmap-79s\/"},"modified":"2026-02-24T23:35:20","modified_gmt":"2026-02-24T23:35:20","slug":"garmin-gpsmap-79s","status":"publish","type":"product","link":"https:\/\/stoic-curie.212-227-153-4.plesk.page\/de\/product\/garmin-gpsmap-79s\/","title":{"rendered":"Garmin GPSMAP 79s"},"content":{"rendered":"<p>Garmin GPSMAP 79s &#8211; <\/p>\n<p>Wasserdichter, tragbarer GPS-Chartplotter mit 240&#215;400 Touchscreen und 3-Zoll-Farbdisplay, das bei allen Lichtverh\u00e4ltnissen perfekt lesbar ist. Hochsensitiver GPS-Empf\u00e4nger mit schneller und optimaler Empfangsleistung, selbst unter den schlechtesten Wetterbedingungen. Mit 3-Achsen-Kompass, 8 GB Speicher, vorinstallierter Basiskarte und Unterst\u00fctzung f\u00fcr BlueChart G3-Kartierung. NMEA0183-kompatibel, erm\u00f6glicht die Verbindung zu allen Bord-Systemen. Funktioniert mit 2 AA-Batterien und garantiert eine Autonomie von 19 Stunden bei vollem Verbrauch. Wird mit einem Handgelenkband und USB-Kabel geliefert.<\/p>\n","protected":false},"excerpt":{"rendered":"<p>Garmin GPSMAP 79s &#8211; Wasserdichter, tragbarer GPS-Chartplotter mit 240&#215;400 Touchscreen und 3-Zoll-Farbdisplay, das bei allen Lichtverh\u00e4ltnissen perfekt lesbar ist. Hochsensitiver<\/p>\n","protected":false},"featured_media":5948028,"comment_status":"open","ping_status":"closed","template":"","meta":[],"product_brand":[2970],"product_cat":[1457],"product_tag":[],"class_list":{"0":"post-738428","1":"product","2":"type-product","3":"status-publish","4":"has-post-thumbnail","6":"product_brand-garmin-de","7":"product_cat-bootelektronik","9":"first","10":"instock","11":"shipping-taxable","12":"purchasable","13":"product-type-simple"},"_links":{"self":[{"href":"https:\/\/stoic-curie.212-227-153-4.plesk.page\/de\/wp-json\/wp\/v2\/product\/738428","targetHints":{"allow":["GET"]}}],"collection":[{"href":"https:\/\/stoic-curie.212-227-153-4.plesk.page\/de\/wp-json\/wp\/v2\/product"}],"about":[{"href":"https:\/\/stoic-curie.212-227-153-4.plesk.page\/de\/wp-json\/wp\/v2\/types\/product"}],"replies":[{"embeddable":true,"href":"https:\/\/stoic-curie.212-227-153-4.plesk.page\/de\/wp-json\/wp\/v2\/comments?post=738428"}],"version-history":[{"count":0,"href":"https:\/\/stoic-curie.212-227-153-4.plesk.page\/de\/wp-json\/wp\/v2\/product\/738428\/revisions"}],"wp:featuredmedia":[{"embeddable":true,"href":"https:\/\/stoic-curie.212-227-153-4.plesk.page\/de\/wp-json\/wp\/v2\/media\/5948028"}],"wp:attachment":[{"href":"https:\/\/stoic-curie.212-227-153-4.plesk.page\/de\/wp-json\/wp\/v2\/media?parent=738428"}],"wp:term":[{"taxonomy":"product_brand","embeddable":true,"href":"https:\/\/stoic-curie.212-227-153-4.plesk.page\/de\/wp-json\/wp\/v2\/product_brand?post=738428"},{"taxonomy":"product_cat","embeddable":true,"href":"https:\/\/stoic-curie.212-227-153-4.plesk.page\/de\/wp-json\/wp\/v2\/product_cat?post=738428"},{"taxonomy":"product_tag","embeddable":true,"href":"https:\/\/stoic-curie.212-227-153-4.plesk.page\/de\/wp-json\/wp\/v2\/product_tag?post=738428"}],"curies":[{"name":"wp","href":"https:\/\/api.w.org\/{rel}","templated":true}]}}