{"id":738430,"date":"2025-03-03T17:49:34","date_gmt":"2025-03-03T16:49:34","guid":{"rendered":"https:\/\/stoic-curie.212-227-153-4.plesk.page\/producto\/garmin-quatix-6x-solar\/"},"modified":"2026-02-24T23:35:20","modified_gmt":"2026-02-24T23:35:20","slug":"garmin-quatix-6x-solar","status":"publish","type":"product","link":"https:\/\/stoic-curie.212-227-153-4.plesk.page\/de\/product\/garmin-quatix-6x-solar\/","title":{"rendered":"Garmin Quatix 6x Solar"},"content":{"rendered":"<p>Garmin Quatix 6x Solar &#8211; <\/p>\n<p style=\"color: rgb(34, 34, 34); font-family: Arial, Helvetica, sans-serif; font-size: small;\">Genie\u00dfen Sie l\u00e4ngere Zeit auf dem Wasser, ohne Ihre Batterie aufladen zu m\u00fcssen. Die GARMIN QUATIX 6X Solar verf\u00fcgt \u00fcber eine Solar-Ladefl\u00e4che, die das Sonnenlicht nutzt, um die Betriebszeit der Uhr zu verl\u00e4ngern. Dieses 1,4-Zoll-Display ist speziell f\u00fcr Wassersport konzipiert und vereint die besten Funktionen der Garmin fenix 6 Smartwatch-Serie mit wesentlichen Funktionen f\u00fcr aquatische Aktivit\u00e4ten.<\/p>\n<p style=\"color: rgb(34, 34, 34); font-family: Arial, Helvetica, sans-serif; font-size: small;\">Nutzen Sie Funktionen wie die Autopilotsteuerung und das Management des Fusion-Link-Audiosystems. Sie k\u00f6nnen auch wichtige Navigationsdaten von Ihrem kompatiblen GARMIN-Kartenplotter abrufen, einschlie\u00dflich Echtzeitinformationen \u00fcber Wassertiefe, Geschwindigkeit und Temperatur. Die GARMIN QUATIX 6 erm\u00f6glicht es Ihnen, nahtlos mit Ihrem Kartenplotter zu interagieren, sodass Sie Marker schnell setzen k\u00f6nnen, um leicht zu Ihren Lieblingsfischpl\u00e4tzen zur\u00fcckzukehren. Sie ist kompatibel mit GARMIN BlueChart g3 Karten und verf\u00fcgt \u00fcber GARMIN SailAssist-Funktionen.<\/p>\n<p style=\"color: rgb(34, 34, 34); font-family: Arial, Helvetica, sans-serif; font-size: small;\">F\u00fcr Sportbegeisterte bietet die QUATIX 6 spezialisierte Anwendungen zur Verfolgung von Aktivit\u00e4ten sowohl im Wasser als auch an Land, einschlie\u00dflich Stand-Up-Paddling, Kajakfahren, Golf und Wandern. Mit einer Vielzahl von Funktionen ist die QUATIX 6 der perfekte Begleiter f\u00fcr Sportbegeisterte, egal ob auf dem Wasser oder an Land. Diese Smartwatch verf\u00fcgt \u00fcber GPS, Bluetooth und kabellose Konnektivit\u00e4t und integriert sich nahtlos in alle Bordelektronik. Sie hat ein kratzfestes, blendfreies 1,3-Zoll-Display und einen leistungsstarken, wiederaufladbaren Akku. Dar\u00fcber hinaus ist sie mit einem Barometer, H\u00f6henmesser, Kompass und allen notwendigen Funktionen f\u00fcr Bootfahren, Segeln und Regatten ausgestattet. Sie k\u00f6nnen auch Ihr Smartphone verbinden, um E-Mails und Nachrichten zu empfangen, Ihre Herzfrequenz zu verfolgen und ein kontaktloses Zahlungssystem zu nutzen, unter anderem. Die Uhr ist bis zu 100 Meter wasserdicht.<\/p>\n<p style=\"color: rgb(34, 34, 34); font-family: Arial, Helvetica, sans-serif; font-size: small;\">Die Titan-Version enth\u00e4lt ein echtes Saphirglas, ein Titan-Geh\u00e4use und ein Armband zus\u00e4tzlich zum Standard-Silikonarmband. Die Solar-Version verf\u00fcgt \u00fcber ein Titan-Geh\u00e4use und Armband sowie \u00fcber Solarzellen, die die Akkulaufzeit verl\u00e4ngern.<\/p>\n","protected":false},"excerpt":{"rendered":"<p>Garmin Quatix 6x Solar &#8211; Genie\u00dfen Sie l\u00e4ngere Zeit auf dem Wasser, ohne Ihre Batterie aufladen zu m\u00fcssen. Die GARMIN<\/p>\n","protected":false},"featured_media":5948030,"comment_status":"open","ping_status":"closed","template":"","meta":[],"product_brand":[2970],"product_cat":[1457],"product_tag":[],"class_list":{"0":"post-738430","1":"product","2":"type-product","3":"status-publish","4":"has-post-thumbnail","6":"product_brand-garmin-de","7":"product_cat-bootelektronik","9":"first","10":"instock","11":"shipping-taxable","12":"purchasable","13":"product-type-simple"},"_links":{"self":[{"href":"https:\/\/stoic-curie.212-227-153-4.plesk.page\/de\/wp-json\/wp\/v2\/product\/738430","targetHints":{"allow":["GET"]}}],"collection":[{"href":"https:\/\/stoic-curie.212-227-153-4.plesk.page\/de\/wp-json\/wp\/v2\/product"}],"about":[{"href":"https:\/\/stoic-curie.212-227-153-4.plesk.page\/de\/wp-json\/wp\/v2\/types\/product"}],"replies":[{"embeddable":true,"href":"https:\/\/stoic-curie.212-227-153-4.plesk.page\/de\/wp-json\/wp\/v2\/comments?post=738430"}],"version-history":[{"count":0,"href":"https:\/\/stoic-curie.212-227-153-4.plesk.page\/de\/wp-json\/wp\/v2\/product\/738430\/revisions"}],"wp:featuredmedia":[{"embeddable":true,"href":"https:\/\/stoic-curie.212-227-153-4.plesk.page\/de\/wp-json\/wp\/v2\/media\/5948030"}],"wp:attachment":[{"href":"https:\/\/stoic-curie.212-227-153-4.plesk.page\/de\/wp-json\/wp\/v2\/media?parent=738430"}],"wp:term":[{"taxonomy":"product_brand","embeddable":true,"href":"https:\/\/stoic-curie.212-227-153-4.plesk.page\/de\/wp-json\/wp\/v2\/product_brand?post=738430"},{"taxonomy":"product_cat","embeddable":true,"href":"https:\/\/stoic-curie.212-227-153-4.plesk.page\/de\/wp-json\/wp\/v2\/product_cat?post=738430"},{"taxonomy":"product_tag","embeddable":true,"href":"https:\/\/stoic-curie.212-227-153-4.plesk.page\/de\/wp-json\/wp\/v2\/product_tag?post=738430"}],"curies":[{"name":"wp","href":"https:\/\/api.w.org\/{rel}","templated":true}]}}