{"id":738434,"date":"2025-03-03T17:49:35","date_gmt":"2025-03-03T16:49:35","guid":{"rendered":"https:\/\/stoic-curie.212-227-153-4.plesk.page\/producto\/glomex-rhea-v8100n\/"},"modified":"2026-02-24T23:35:20","modified_gmt":"2026-02-24T23:35:20","slug":"glomex-rhea-v8100n","status":"publish","type":"product","link":"https:\/\/stoic-curie.212-227-153-4.plesk.page\/de\/product\/glomex-rhea-v8100n\/","title":{"rendered":"Glomex RHEA V8100N"},"content":{"rendered":"<p>Glomex RHEA V8100N &#8211; <\/p>\n<p>Die gyrostabilisierte Glomex Rhea Antenne empf\u00e4ngt Full-HD DVB-S2 4K TV-Signale. Sie verf\u00fcgt \u00fcber eine zus\u00e4tzliche drahtlose Bluetooth-Steuerung mit einer kostenlosen, speziellen App, einem 47 cm Parabolspiegel und einem reduzierten Stromverbrauch (1,5 A-12\/24 V). Au\u00dfergew\u00f6hnliche Leistung dank der neuen Signalrecherche-Software, dem innovativen STO (Silent Tracking Operation) Ger\u00e4uschreduzierungs-System und der neuen Elektronik, die eine Kompensation von Qualit\u00e4tsverlusten erm\u00f6glicht, die durch die zunehmende Anzahl von Satelliten auf der terrestrischen Umlaufbahn beim \u00dcbertragen auf Frequenz entstehen. Der (0\u00b0\/90\u00b0) H\u00f6henbereich garantiert den Empfang von Signalen sogar an den R\u00e4ndern des Abdeckungsbereichs. Ausgestattet mit einem TV-Ausgang. Einfach zu installieren, komplett mit 10 m Koaxialkabel, Antennenverl\u00e4ngerung und Steuerger\u00e4t. Der leere Zwillingsradom ist mit Schrauben und Gummidichtungen ausgestattet.<\/p>\n<p>Die Rhea &#8220;NEO&#8221; ist eine fortschrittliche drahtlos gesteuerte FULL-HD \/ 4K Satelliten-TV-Antenne mit einem 47 cm (18\u201d) Spiegel. Diese innovative Antenne verf\u00fcgt \u00fcber ein hocheffizientes Satellitenverriegelungssystem, das zuverl\u00e4ssige Leistung selbst unter schwierigen Seebedingungen garantiert, dank ihrer komplett neu gestalteten Elektronik und Mechanik. Sie \u00fcberzeugt mit einem leistungsst\u00e4rkeren Prozessor, einem schnelleren Treiber und einer stabileren Struktur.<\/p>\n<p>Dar\u00fcber hinaus wurde die neue Elektronik so konzipiert, dass die Rhea &#8220;NEO&#8221; w\u00e4hrend der Satellitensuche und -verfolgung au\u00dfergew\u00f6hnlich leise arbeitet. Mit der Integration eines hochmodernen GPS-Systems kann die Rhea &#8220;NEO&#8221; fr\u00fchere Navigationspositionen speichern und den Empfang von Signalen selbst an den R\u00e4ndern des Abdeckungsbereichs verbessern. Wie alle neuen Glomex &#8220;NEO&#8221; Satelliten-TV-Antennen kann die Rhea &#8220;NEO&#8221; einfach \u00fcber eine kostenlose App f\u00fcr iOS- und Android-Ger\u00e4te gesteuert werden.<\/p>\n<p>Durch Herunterladen der App k\u00f6nnen Benutzer die &#8220;NEO&#8221; Satelliten-TV-Antennen m\u00fchelos \u00fcber Bluetooth\u00ae mit ihrem Smartphone oder Tablet steuern. Die App erm\u00f6glicht Folgendes:<\/p>\n<ul>\n<li>Aktualisierung der Satellitenliste<\/li>\n<li>Aktualisierung der Antennen-Firmware<\/li>\n<li>Auswahl und Umschaltung zwischen Satelliten<\/li>\n<li>\u00dcbermittlung der Betriebsparameter der Antenne an den technischen Support, falls erforderlich<\/li>\n<\/ul>\n<p>Diese Kombination aus fortschrittlicher Technologie und benutzerfreundlicher Verwaltung macht die Rhea &#8220;NEO&#8221; zu einer ausgezeichneten Wahl f\u00fcr Bootsbesitzer, die zuverl\u00e4ssige Satelliten-TV-L\u00f6sungen suchen.<\/p>\n","protected":false},"excerpt":{"rendered":"<p>Glomex RHEA V8100N &#8211; Die gyrostabilisierte Glomex Rhea Antenne empf\u00e4ngt Full-HD DVB-S2 4K TV-Signale. Sie verf\u00fcgt \u00fcber eine zus\u00e4tzliche drahtlose<\/p>\n","protected":false},"featured_media":5948050,"comment_status":"open","ping_status":"closed","template":"","meta":[],"product_brand":[2980],"product_cat":[1467],"product_tag":[],"class_list":{"0":"post-738434","1":"product","2":"type-product","3":"status-publish","4":"has-post-thumbnail","6":"product_brand-glomex-de","7":"product_cat-tv-antennen","9":"first","10":"instock","11":"shipping-taxable","12":"purchasable","13":"product-type-simple"},"_links":{"self":[{"href":"https:\/\/stoic-curie.212-227-153-4.plesk.page\/de\/wp-json\/wp\/v2\/product\/738434","targetHints":{"allow":["GET"]}}],"collection":[{"href":"https:\/\/stoic-curie.212-227-153-4.plesk.page\/de\/wp-json\/wp\/v2\/product"}],"about":[{"href":"https:\/\/stoic-curie.212-227-153-4.plesk.page\/de\/wp-json\/wp\/v2\/types\/product"}],"replies":[{"embeddable":true,"href":"https:\/\/stoic-curie.212-227-153-4.plesk.page\/de\/wp-json\/wp\/v2\/comments?post=738434"}],"version-history":[{"count":0,"href":"https:\/\/stoic-curie.212-227-153-4.plesk.page\/de\/wp-json\/wp\/v2\/product\/738434\/revisions"}],"wp:featuredmedia":[{"embeddable":true,"href":"https:\/\/stoic-curie.212-227-153-4.plesk.page\/de\/wp-json\/wp\/v2\/media\/5948050"}],"wp:attachment":[{"href":"https:\/\/stoic-curie.212-227-153-4.plesk.page\/de\/wp-json\/wp\/v2\/media?parent=738434"}],"wp:term":[{"taxonomy":"product_brand","embeddable":true,"href":"https:\/\/stoic-curie.212-227-153-4.plesk.page\/de\/wp-json\/wp\/v2\/product_brand?post=738434"},{"taxonomy":"product_cat","embeddable":true,"href":"https:\/\/stoic-curie.212-227-153-4.plesk.page\/de\/wp-json\/wp\/v2\/product_cat?post=738434"},{"taxonomy":"product_tag","embeddable":true,"href":"https:\/\/stoic-curie.212-227-153-4.plesk.page\/de\/wp-json\/wp\/v2\/product_tag?post=738434"}],"curies":[{"name":"wp","href":"https:\/\/api.w.org\/{rel}","templated":true}]}}