{"id":738436,"date":"2025-03-03T17:49:36","date_gmt":"2025-03-03T16:49:36","guid":{"rendered":"https:\/\/stoic-curie.212-227-153-4.plesk.page\/producto\/garmin-ais-800\/"},"modified":"2026-02-24T23:35:20","modified_gmt":"2026-02-24T23:35:20","slug":"garmin-ais-800","status":"publish","type":"product","link":"https:\/\/stoic-curie.212-227-153-4.plesk.page\/de\/product\/garmin-ais-800\/","title":{"rendered":"Garmin AIS 800"},"content":{"rendered":"<p>Garmin AIS 800 &#8211; <\/p>\n<p style=\"color: rgb(34, 34, 34); font-family: Arial, Helvetica, sans-serif; font-size: small;\"> Wir pr\u00e4sentieren den Garmin AIS 800 Klasse B\/SO Transceiver, der mit GPS und Antenne integriert ist. Dieses Ger\u00e4t erm\u00f6glicht es Ihnen, AIS-Daten von nahegelegenen Booten anzuzeigen und Ihre eigenen Informationen mit einer Leistung von 5 Watt automatisch zu senden. Mit dem integrierten aktiven Splitter k\u00f6nnen Sie dieselbe VHF-Antenne verwenden, ohne zus\u00e4tzliche Installationen durchf\u00fchren zu m\u00fcssen. Dank der NMEA 0183\/2000-Konnektivit\u00e4t integriert es sich reibungslos in alle Bord Systeme. Im Lieferumfang sind ein 2-Meter-NMEA-2000-Kabel, ein T-Connector, ein 1,2-Meter-Koaxialkabel, ein USB-Kabel und ein Stromversorgungskabel enthalten.<\/p>\n<p style=\"color: rgb(34, 34, 34); font-family: Arial, Helvetica, sans-serif; font-size: small;\"><strong>Bleiben Sie sicher auf dem Wasser<\/strong><\/p>\n<p style=\"color: rgb(34, 34, 34); font-family: Arial, Helvetica, sans-serif; font-size: small;\"> Dieses benutzerfreundliche und zuverl\u00e4ssige Kommunikationsger\u00e4t \u00fcbertr\u00e4gt die Informationen Ihres Schiffes an andere AIS-Empf\u00e4nger in der N\u00e4he, w\u00e4hrend es auch Daten von AIS-Zielen empf\u00e4ngt. Mit 5 Watt Sendeleistung bietet die Klasse B\/SO eine schnellere Standortberichterstattung als je zuvor. Das integrierte GPS umfasst einen Anschluss f\u00fcr eine optionale externe Antenne, und die NMEA 2000\u00ae-Konnektivit\u00e4t erm\u00f6glicht eine einfache Integration mit kompatiblen Kartenplottern und Multifunktionsdisplays. Der interne VHF-Antennenteiler erm\u00f6glicht die gemeinsame Nutzung einer Antenne f\u00fcr VHF und AIS.<\/p>\n<p style=\"color: rgb(34, 34, 34); font-family: Arial, Helvetica, sans-serif; font-size: small;\">Verbessern Sie Ihr Situationsbewusstsein und Ihr Vertrauen auf dem Wasser mit dem Garmin AIS 800 Transceiver. Er bietet 5 Watt Sendeleistung f\u00fcr schnellere Standortberichterstattung. Dieses Ger\u00e4t \u00fcbertr\u00e4gt Ihre Schiffs Informationen an andere AIS-Empf\u00e4nger, w\u00e4hrend es deren Daten empf\u00e4ngt. Der interne VHF-Antennenteiler erm\u00f6glicht die gemeinsame Nutzung einer Antenne f\u00fcr VHF und AIS. Mit integriertem GPS und nahtloser Integration in das Garmin-Bordsystem bietet der Transceiver auch NMEA 2000\/0183-Konnektivit\u00e4t f\u00fcr eine einfache Kompatibilit\u00e4t mit Kartenplottern und Multifunktionsdisplays. All dies ist bequem in einem kompakten, einfach zu installierenden schwarzen Geh\u00e4use untergebracht.<\/p>\n","protected":false},"excerpt":{"rendered":"<p>Garmin AIS 800 &#8211; Wir pr\u00e4sentieren den Garmin AIS 800 Klasse B\/SO Transceiver, der mit GPS und Antenne integriert ist.<\/p>\n","protected":false},"featured_media":5948055,"comment_status":"open","ping_status":"closed","template":"","meta":[],"product_brand":[2970],"product_cat":[1457],"product_tag":[],"class_list":{"0":"post-738436","1":"product","2":"type-product","3":"status-publish","4":"has-post-thumbnail","6":"product_brand-garmin-de","7":"product_cat-bootelektronik","9":"first","10":"instock","11":"shipping-taxable","12":"purchasable","13":"product-type-simple"},"_links":{"self":[{"href":"https:\/\/stoic-curie.212-227-153-4.plesk.page\/de\/wp-json\/wp\/v2\/product\/738436","targetHints":{"allow":["GET"]}}],"collection":[{"href":"https:\/\/stoic-curie.212-227-153-4.plesk.page\/de\/wp-json\/wp\/v2\/product"}],"about":[{"href":"https:\/\/stoic-curie.212-227-153-4.plesk.page\/de\/wp-json\/wp\/v2\/types\/product"}],"replies":[{"embeddable":true,"href":"https:\/\/stoic-curie.212-227-153-4.plesk.page\/de\/wp-json\/wp\/v2\/comments?post=738436"}],"version-history":[{"count":0,"href":"https:\/\/stoic-curie.212-227-153-4.plesk.page\/de\/wp-json\/wp\/v2\/product\/738436\/revisions"}],"wp:featuredmedia":[{"embeddable":true,"href":"https:\/\/stoic-curie.212-227-153-4.plesk.page\/de\/wp-json\/wp\/v2\/media\/5948055"}],"wp:attachment":[{"href":"https:\/\/stoic-curie.212-227-153-4.plesk.page\/de\/wp-json\/wp\/v2\/media?parent=738436"}],"wp:term":[{"taxonomy":"product_brand","embeddable":true,"href":"https:\/\/stoic-curie.212-227-153-4.plesk.page\/de\/wp-json\/wp\/v2\/product_brand?post=738436"},{"taxonomy":"product_cat","embeddable":true,"href":"https:\/\/stoic-curie.212-227-153-4.plesk.page\/de\/wp-json\/wp\/v2\/product_cat?post=738436"},{"taxonomy":"product_tag","embeddable":true,"href":"https:\/\/stoic-curie.212-227-153-4.plesk.page\/de\/wp-json\/wp\/v2\/product_tag?post=738436"}],"curies":[{"name":"wp","href":"https:\/\/api.w.org\/{rel}","templated":true}]}}