{"id":738440,"date":"2025-03-03T17:49:37","date_gmt":"2025-03-03T16:49:37","guid":{"rendered":"https:\/\/stoic-curie.212-227-153-4.plesk.page\/producto\/garmin-ghs11i\/"},"modified":"2026-02-24T23:35:20","modified_gmt":"2026-02-24T23:35:20","slug":"garmin-ghs11i","status":"publish","type":"product","link":"https:\/\/stoic-curie.212-227-153-4.plesk.page\/de\/product\/garmin-ghs11i\/","title":{"rendered":"Garmin GHS11i"},"content":{"rendered":"<p>Garmin GHS11i &#8211; <\/p>\n<p>Das DSC Class D Garmin VHF 315i Modulsystem mit zentraler schwarzer Boxeinheit kann mit bis zu 3 Mikrofon-\/Handset-Stationen GHS11i verbunden werden. Ideal f\u00fcr Mehrstationensysteme oder wenn kein Platz f\u00fcr die Installation im Armaturenbrett vorhanden ist. Es integriert sich dank der NMEA0183\/2000-Konnektivit\u00e4t perfekt mit anderen Systemen. <br \/>Enth\u00e4lt verschiedene Garmin VHF-Funktionen wie Voicemail f\u00fcr kontinuierliche Aufzeichnung\/\u00dcbertragung, Wiederholung f\u00fcr die Aufnahme der letzten 90 Sekunden und Buddy-Tracking zum Verfolgen anderer Schiffe mit Garmin-Ger\u00e4ten. Enth\u00e4lt das Kernpaket VHF315i Einheit, GHS11i Handset, aktiven Lautsprecher, Netzkabel, 10 m Deckkabel, doppelte Mikrofonhalterung und Montagematerial. Abmessungen: 205 x 181 x H60 mm<\/p>\n","protected":false},"excerpt":{"rendered":"<p>Garmin GHS11i &#8211; Das DSC Class D Garmin VHF 315i Modulsystem mit zentraler schwarzer Boxeinheit kann mit bis zu 3<\/p>\n","protected":false},"featured_media":5948065,"comment_status":"open","ping_status":"closed","template":"","meta":[],"product_brand":[2970],"product_cat":[1457],"product_tag":[],"class_list":{"0":"post-738440","1":"product","2":"type-product","3":"status-publish","4":"has-post-thumbnail","6":"product_brand-garmin-de","7":"product_cat-bootelektronik","9":"first","10":"instock","11":"shipping-taxable","12":"purchasable","13":"product-type-simple"},"_links":{"self":[{"href":"https:\/\/stoic-curie.212-227-153-4.plesk.page\/de\/wp-json\/wp\/v2\/product\/738440","targetHints":{"allow":["GET"]}}],"collection":[{"href":"https:\/\/stoic-curie.212-227-153-4.plesk.page\/de\/wp-json\/wp\/v2\/product"}],"about":[{"href":"https:\/\/stoic-curie.212-227-153-4.plesk.page\/de\/wp-json\/wp\/v2\/types\/product"}],"replies":[{"embeddable":true,"href":"https:\/\/stoic-curie.212-227-153-4.plesk.page\/de\/wp-json\/wp\/v2\/comments?post=738440"}],"version-history":[{"count":0,"href":"https:\/\/stoic-curie.212-227-153-4.plesk.page\/de\/wp-json\/wp\/v2\/product\/738440\/revisions"}],"wp:featuredmedia":[{"embeddable":true,"href":"https:\/\/stoic-curie.212-227-153-4.plesk.page\/de\/wp-json\/wp\/v2\/media\/5948065"}],"wp:attachment":[{"href":"https:\/\/stoic-curie.212-227-153-4.plesk.page\/de\/wp-json\/wp\/v2\/media?parent=738440"}],"wp:term":[{"taxonomy":"product_brand","embeddable":true,"href":"https:\/\/stoic-curie.212-227-153-4.plesk.page\/de\/wp-json\/wp\/v2\/product_brand?post=738440"},{"taxonomy":"product_cat","embeddable":true,"href":"https:\/\/stoic-curie.212-227-153-4.plesk.page\/de\/wp-json\/wp\/v2\/product_cat?post=738440"},{"taxonomy":"product_tag","embeddable":true,"href":"https:\/\/stoic-curie.212-227-153-4.plesk.page\/de\/wp-json\/wp\/v2\/product_tag?post=738440"}],"curies":[{"name":"wp","href":"https:\/\/api.w.org\/{rel}","templated":true}]}}