{"id":738442,"date":"2025-03-03T17:49:37","date_gmt":"2025-03-03T16:49:37","guid":{"rendered":"https:\/\/stoic-curie.212-227-153-4.plesk.page\/producto\/icom-hm-195gb-commandmic\/"},"modified":"2026-02-24T23:35:20","modified_gmt":"2026-02-24T23:35:20","slug":"icom-hm-195gb-commandmic","status":"publish","type":"product","link":"https:\/\/stoic-curie.212-227-153-4.plesk.page\/de\/product\/icom-hm-195gb-commandmic\/","title":{"rendered":"Icom HM-195GB Commandmic"},"content":{"rendered":"<p>Icom HM-195GB Commandmic &#8211; <\/p>\n<p>Festmontierte ICOM IC-M423GE Klasse D DSC VHF mit Mikrofon und externem GPS. Ausgestattet mit einem hintergrundbeleuchteten LCD-Display, IPx7 wasserdichtem Geh\u00e4use, Dual-\/Tri-Watch-Funktion, aktivem Rauschunterdr\u00fccker (ANC), Audioverst\u00e4rker (PA), 10W Nebelsignalhorn, AIS-Zielruf-Funktion: erm\u00f6glicht es Ihnen, einen individuellen DSC-Anruf einzurichten, ohne eine MMSI-Nummer eingeben zu m\u00fcssen, sowie die Aqua Quake-Funktion, die es erm\u00f6glicht, Wasserreste im Lautsprechergrill zu entfernen. Mit NMEA0183-Konnektivit\u00e4t, um DSC-Signale von anderen Schiffen zu empfangen und das VHF als Alarmbenachrichtigung von anderen Ger\u00e4ten zu verwenden. Bereit f\u00fcr einen AIS-Transponderanschluss. Das optionale HM-195GB Commandmic-Fernmikrofon kann auch als Intercom verwendet werden und zur Durchf\u00fchrung von DSC-Anrufen \u00fcber die Notruftaste. Mit GPS-Antenne und 5 m Kabel, Montagesatz, Schrauben, Stromversorgungskabel und Benutzerhandbuch. Entspricht den EN300388-Normen. Abmessungen: 180 x 120 x H82 mm.<\/p>\n","protected":false},"excerpt":{"rendered":"<p>Icom HM-195GB Commandmic &#8211; Festmontierte ICOM IC-M423GE Klasse D DSC VHF mit Mikrofon und externem GPS. Ausgestattet mit einem hintergrundbeleuchteten<\/p>\n","protected":false},"featured_media":5948067,"comment_status":"open","ping_status":"closed","template":"","meta":[],"product_brand":[3010],"product_cat":[1457],"product_tag":[],"class_list":{"0":"post-738442","1":"product","2":"type-product","3":"status-publish","4":"has-post-thumbnail","6":"product_brand-icom-marine-de","7":"product_cat-bootelektronik","9":"first","10":"instock","11":"shipping-taxable","12":"purchasable","13":"product-type-simple"},"_links":{"self":[{"href":"https:\/\/stoic-curie.212-227-153-4.plesk.page\/de\/wp-json\/wp\/v2\/product\/738442","targetHints":{"allow":["GET"]}}],"collection":[{"href":"https:\/\/stoic-curie.212-227-153-4.plesk.page\/de\/wp-json\/wp\/v2\/product"}],"about":[{"href":"https:\/\/stoic-curie.212-227-153-4.plesk.page\/de\/wp-json\/wp\/v2\/types\/product"}],"replies":[{"embeddable":true,"href":"https:\/\/stoic-curie.212-227-153-4.plesk.page\/de\/wp-json\/wp\/v2\/comments?post=738442"}],"version-history":[{"count":0,"href":"https:\/\/stoic-curie.212-227-153-4.plesk.page\/de\/wp-json\/wp\/v2\/product\/738442\/revisions"}],"wp:featuredmedia":[{"embeddable":true,"href":"https:\/\/stoic-curie.212-227-153-4.plesk.page\/de\/wp-json\/wp\/v2\/media\/5948067"}],"wp:attachment":[{"href":"https:\/\/stoic-curie.212-227-153-4.plesk.page\/de\/wp-json\/wp\/v2\/media?parent=738442"}],"wp:term":[{"taxonomy":"product_brand","embeddable":true,"href":"https:\/\/stoic-curie.212-227-153-4.plesk.page\/de\/wp-json\/wp\/v2\/product_brand?post=738442"},{"taxonomy":"product_cat","embeddable":true,"href":"https:\/\/stoic-curie.212-227-153-4.plesk.page\/de\/wp-json\/wp\/v2\/product_cat?post=738442"},{"taxonomy":"product_tag","embeddable":true,"href":"https:\/\/stoic-curie.212-227-153-4.plesk.page\/de\/wp-json\/wp\/v2\/product_tag?post=738442"}],"curies":[{"name":"wp","href":"https:\/\/api.w.org\/{rel}","templated":true}]}}