{"id":738449,"date":"2025-03-03T17:49:39","date_gmt":"2025-03-03T16:49:39","guid":{"rendered":"https:\/\/stoic-curie.212-227-153-4.plesk.page\/producto\/edelstahl-halterung-fuer-rettungsinseln-abm-520-x-750-x-h200-mm\/"},"modified":"2026-02-24T23:35:20","modified_gmt":"2026-02-24T23:35:20","slug":"edelstahl-halterung-fuer-rettungsinseln-abm-520-x-750-x-h200-mm","status":"publish","type":"product","link":"https:\/\/stoic-curie.212-227-153-4.plesk.page\/de\/product\/edelstahl-halterung-fuer-rettungsinseln-abm-520-x-750-x-h200-mm\/","title":{"rendered":"Edelstahl-Halterung f\u00fcr Rettungsinseln Abm. 520 x 750 x H200 mm"},"content":{"rendered":"<p>Edelstahl-Halterung f\u00fcr Rettungsinseln Abm. 520 x 750 x H200 mm &#8211; <\/p>\n<p>Verstellbarer Halter aus Edelstahl, geeignet f\u00fcr die meisten Rettungsinseln. Komplett mit Klemme zur Befestigung an Bugambos, Handl\u00e4ufen, B\u00fcgeln usw.<\/p>\n","protected":false},"excerpt":{"rendered":"<p>Edelstahl-Halterung f\u00fcr Rettungsinseln Abm. 520 x 750 x H200 mm &#8211; Verstellbarer Halter aus Edelstahl, geeignet f\u00fcr die meisten Rettungsinseln.<\/p>\n","protected":false},"featured_media":5948084,"comment_status":"open","ping_status":"closed","template":"","meta":[],"product_brand":[2925],"product_cat":[1320],"product_tag":[],"class_list":{"0":"post-738449","1":"product","2":"type-product","3":"status-publish","4":"has-post-thumbnail","6":"product_brand-eurovinil-de","7":"product_cat-rettungsinseln","9":"first","10":"instock","11":"shipping-taxable","12":"purchasable","13":"product-type-simple"},"_links":{"self":[{"href":"https:\/\/stoic-curie.212-227-153-4.plesk.page\/de\/wp-json\/wp\/v2\/product\/738449","targetHints":{"allow":["GET"]}}],"collection":[{"href":"https:\/\/stoic-curie.212-227-153-4.plesk.page\/de\/wp-json\/wp\/v2\/product"}],"about":[{"href":"https:\/\/stoic-curie.212-227-153-4.plesk.page\/de\/wp-json\/wp\/v2\/types\/product"}],"replies":[{"embeddable":true,"href":"https:\/\/stoic-curie.212-227-153-4.plesk.page\/de\/wp-json\/wp\/v2\/comments?post=738449"}],"version-history":[{"count":0,"href":"https:\/\/stoic-curie.212-227-153-4.plesk.page\/de\/wp-json\/wp\/v2\/product\/738449\/revisions"}],"wp:featuredmedia":[{"embeddable":true,"href":"https:\/\/stoic-curie.212-227-153-4.plesk.page\/de\/wp-json\/wp\/v2\/media\/5948084"}],"wp:attachment":[{"href":"https:\/\/stoic-curie.212-227-153-4.plesk.page\/de\/wp-json\/wp\/v2\/media?parent=738449"}],"wp:term":[{"taxonomy":"product_brand","embeddable":true,"href":"https:\/\/stoic-curie.212-227-153-4.plesk.page\/de\/wp-json\/wp\/v2\/product_brand?post=738449"},{"taxonomy":"product_cat","embeddable":true,"href":"https:\/\/stoic-curie.212-227-153-4.plesk.page\/de\/wp-json\/wp\/v2\/product_cat?post=738449"},{"taxonomy":"product_tag","embeddable":true,"href":"https:\/\/stoic-curie.212-227-153-4.plesk.page\/de\/wp-json\/wp\/v2\/product_tag?post=738449"}],"curies":[{"name":"wp","href":"https:\/\/api.w.org\/{rel}","templated":true}]}}