{"id":738454,"date":"2025-03-03T17:49:40","date_gmt":"2025-03-03T16:49:40","guid":{"rendered":"https:\/\/stoic-curie.212-227-153-4.plesk.page\/producto\/hufeisen-mit-halterung-und-abdeckung\/"},"modified":"2026-02-24T23:35:20","modified_gmt":"2026-02-24T23:35:20","slug":"hufeisen-mit-halterung-und-abdeckung","status":"publish","type":"product","link":"https:\/\/stoic-curie.212-227-153-4.plesk.page\/de\/product\/hufeisen-mit-halterung-und-abdeckung\/","title":{"rendered":"Hufeisen mit Halterung und Abdeckung"},"content":{"rendered":"<p>Hufeisen mit Halterung und Abdeckung &#8211; <\/p>\n<p>Hufeisenrettungsring mit abnehmbarem Bezug und Rei\u00dfverschluss. Inklusive MED-Schwimmlicht. Wird mit einer sch\u00fctzenden wasserdichten Abdeckung und Klemmb\u00e4ndern geliefert. Nicht homologiert.<\/p>\n","protected":false},"excerpt":{"rendered":"<p>Hufeisen mit Halterung und Abdeckung &#8211; Hufeisenrettungsring mit abnehmbarem Bezug und Rei\u00dfverschluss. Inklusive MED-Schwimmlicht. Wird mit einer sch\u00fctzenden wasserdichten Abdeckung<\/p>\n","protected":false},"featured_media":5948092,"comment_status":"open","ping_status":"closed","template":"","meta":[],"product_brand":[3490],"product_cat":[1317],"product_tag":[],"class_list":{"0":"post-738454","1":"product","2":"type-product","3":"status-publish","4":"has-post-thumbnail","6":"product_brand-trem-de","7":"product_cat-rettungsring-und-rettungsleinen","9":"first","10":"instock","11":"shipping-taxable","12":"purchasable","13":"product-type-simple"},"_links":{"self":[{"href":"https:\/\/stoic-curie.212-227-153-4.plesk.page\/de\/wp-json\/wp\/v2\/product\/738454","targetHints":{"allow":["GET"]}}],"collection":[{"href":"https:\/\/stoic-curie.212-227-153-4.plesk.page\/de\/wp-json\/wp\/v2\/product"}],"about":[{"href":"https:\/\/stoic-curie.212-227-153-4.plesk.page\/de\/wp-json\/wp\/v2\/types\/product"}],"replies":[{"embeddable":true,"href":"https:\/\/stoic-curie.212-227-153-4.plesk.page\/de\/wp-json\/wp\/v2\/comments?post=738454"}],"version-history":[{"count":0,"href":"https:\/\/stoic-curie.212-227-153-4.plesk.page\/de\/wp-json\/wp\/v2\/product\/738454\/revisions"}],"wp:featuredmedia":[{"embeddable":true,"href":"https:\/\/stoic-curie.212-227-153-4.plesk.page\/de\/wp-json\/wp\/v2\/media\/5948092"}],"wp:attachment":[{"href":"https:\/\/stoic-curie.212-227-153-4.plesk.page\/de\/wp-json\/wp\/v2\/media?parent=738454"}],"wp:term":[{"taxonomy":"product_brand","embeddable":true,"href":"https:\/\/stoic-curie.212-227-153-4.plesk.page\/de\/wp-json\/wp\/v2\/product_brand?post=738454"},{"taxonomy":"product_cat","embeddable":true,"href":"https:\/\/stoic-curie.212-227-153-4.plesk.page\/de\/wp-json\/wp\/v2\/product_cat?post=738454"},{"taxonomy":"product_tag","embeddable":true,"href":"https:\/\/stoic-curie.212-227-153-4.plesk.page\/de\/wp-json\/wp\/v2\/product_tag?post=738454"}],"curies":[{"name":"wp","href":"https:\/\/api.w.org\/{rel}","templated":true}]}}