{"id":738464,"date":"2025-03-03T17:49:43","date_gmt":"2025-03-03T16:49:43","guid":{"rendered":"https:\/\/stoic-curie.212-227-153-4.plesk.page\/producto\/jobe-short-50-auftriebshilfe-jacke-groesse-2xl\/"},"modified":"2026-02-24T23:35:20","modified_gmt":"2026-02-24T23:35:20","slug":"jobe-short-50-auftriebshilfe-jacke-groesse-2xl","status":"publish","type":"product","link":"https:\/\/stoic-curie.212-227-153-4.plesk.page\/de\/product\/jobe-short-50-auftriebshilfe-jacke-groesse-2xl\/","title":{"rendered":"Jobe Short 50 Auftriebshilfe, Jacke, Gr\u00f6\u00dfe 2XL"},"content":{"rendered":"<p>Jobe Short 50 Auftriebshilfe, Jacke, Gr\u00f6\u00dfe 2XL &#8211; <\/p>\n<p>Jobe ISO EN12402-5 zugelassene 50N Schwimmhilfe f\u00fcr Wassersport. Kurze Passform f\u00fcr mehr Komfort und Flexibilit\u00e4t. Leicht und schnell trocknend, mit integrierten verstellbaren Gurtriemen.<\/p>\n","protected":false},"excerpt":{"rendered":"<p>Jobe Short 50 Auftriebshilfe, Jacke, Gr\u00f6\u00dfe 2XL &#8211; Jobe ISO EN12402-5 zugelassene 50N Schwimmhilfe f\u00fcr Wassersport. Kurze Passform f\u00fcr mehr<\/p>\n","protected":false},"featured_media":5948109,"comment_status":"open","ping_status":"closed","template":"","meta":[],"product_brand":[2214,3040],"product_cat":[1316,1555],"product_tag":[],"class_list":{"0":"post-738464","1":"product","2":"type-product","3":"status-publish","4":"has-post-thumbnail","6":"product_brand-jobe-sports","7":"product_brand-jobe-sports-de","8":"product_cat-auftriebshilfen","9":"product_cat-rettungswesten-fuer-wassersport","11":"first","12":"instock","13":"shipping-taxable","14":"purchasable","15":"product-type-simple"},"_links":{"self":[{"href":"https:\/\/stoic-curie.212-227-153-4.plesk.page\/de\/wp-json\/wp\/v2\/product\/738464","targetHints":{"allow":["GET"]}}],"collection":[{"href":"https:\/\/stoic-curie.212-227-153-4.plesk.page\/de\/wp-json\/wp\/v2\/product"}],"about":[{"href":"https:\/\/stoic-curie.212-227-153-4.plesk.page\/de\/wp-json\/wp\/v2\/types\/product"}],"replies":[{"embeddable":true,"href":"https:\/\/stoic-curie.212-227-153-4.plesk.page\/de\/wp-json\/wp\/v2\/comments?post=738464"}],"version-history":[{"count":0,"href":"https:\/\/stoic-curie.212-227-153-4.plesk.page\/de\/wp-json\/wp\/v2\/product\/738464\/revisions"}],"wp:featuredmedia":[{"embeddable":true,"href":"https:\/\/stoic-curie.212-227-153-4.plesk.page\/de\/wp-json\/wp\/v2\/media\/5948109"}],"wp:attachment":[{"href":"https:\/\/stoic-curie.212-227-153-4.plesk.page\/de\/wp-json\/wp\/v2\/media?parent=738464"}],"wp:term":[{"taxonomy":"product_brand","embeddable":true,"href":"https:\/\/stoic-curie.212-227-153-4.plesk.page\/de\/wp-json\/wp\/v2\/product_brand?post=738464"},{"taxonomy":"product_cat","embeddable":true,"href":"https:\/\/stoic-curie.212-227-153-4.plesk.page\/de\/wp-json\/wp\/v2\/product_cat?post=738464"},{"taxonomy":"product_tag","embeddable":true,"href":"https:\/\/stoic-curie.212-227-153-4.plesk.page\/de\/wp-json\/wp\/v2\/product_tag?post=738464"}],"curies":[{"name":"wp","href":"https:\/\/api.w.org\/{rel}","templated":true}]}}