{"id":738467,"date":"2025-03-03T17:49:43","date_gmt":"2025-03-03T16:49:43","guid":{"rendered":"https:\/\/stoic-curie.212-227-153-4.plesk.page\/producto\/bravo-gm-nxs\/"},"modified":"2026-02-24T23:35:20","modified_gmt":"2026-02-24T23:35:20","slug":"bravo-gm-nxs","status":"publish","type":"product","link":"https:\/\/stoic-curie.212-227-153-4.plesk.page\/de\/product\/bravo-gm-nxs\/","title":{"rendered":"Bravo GM NXS"},"content":{"rendered":"<p>Bravo GM NXS &#8211; <\/p>\n<p>Umstellbare Handpumpe mit Einzel-\/Doppelfunktion, kann sowohl aufblasen als auch entleeren. Besonders geeignet f\u00fcr SUP und hohen Druck. Circal Aluminiumgeh\u00e4use und Innenkammer, ergonomischer Griff mit integriertem Luftfilter, vergr\u00f6\u00dferte Basis, mehrere Schl\u00e4uche und Zubeh\u00f6r, Manometer und Einzelstromkonverter, um den Aufwand zu reduzieren und maximalen Druck zu erreichen. Abmessungen 14 x 30 x H58cm.<\/p>\n","protected":false},"excerpt":{"rendered":"<p>Bravo GM NXS &#8211; Umstellbare Handpumpe mit Einzel-\/Doppelfunktion, kann sowohl aufblasen als auch entleeren. Besonders geeignet f\u00fcr SUP und hohen<\/p>\n","protected":false},"featured_media":5948122,"comment_status":"open","ping_status":"closed","template":"","meta":[],"product_brand":[2850],"product_cat":[1548],"product_tag":[],"class_list":{"0":"post-738467","1":"product","2":"type-product","3":"status-publish","4":"has-post-thumbnail","6":"product_brand-bravo-scoprega-de","7":"product_cat-schlauchboot-luftpumpen","9":"first","10":"instock","11":"shipping-taxable","12":"purchasable","13":"product-type-simple"},"_links":{"self":[{"href":"https:\/\/stoic-curie.212-227-153-4.plesk.page\/de\/wp-json\/wp\/v2\/product\/738467","targetHints":{"allow":["GET"]}}],"collection":[{"href":"https:\/\/stoic-curie.212-227-153-4.plesk.page\/de\/wp-json\/wp\/v2\/product"}],"about":[{"href":"https:\/\/stoic-curie.212-227-153-4.plesk.page\/de\/wp-json\/wp\/v2\/types\/product"}],"replies":[{"embeddable":true,"href":"https:\/\/stoic-curie.212-227-153-4.plesk.page\/de\/wp-json\/wp\/v2\/comments?post=738467"}],"version-history":[{"count":0,"href":"https:\/\/stoic-curie.212-227-153-4.plesk.page\/de\/wp-json\/wp\/v2\/product\/738467\/revisions"}],"wp:featuredmedia":[{"embeddable":true,"href":"https:\/\/stoic-curie.212-227-153-4.plesk.page\/de\/wp-json\/wp\/v2\/media\/5948122"}],"wp:attachment":[{"href":"https:\/\/stoic-curie.212-227-153-4.plesk.page\/de\/wp-json\/wp\/v2\/media?parent=738467"}],"wp:term":[{"taxonomy":"product_brand","embeddable":true,"href":"https:\/\/stoic-curie.212-227-153-4.plesk.page\/de\/wp-json\/wp\/v2\/product_brand?post=738467"},{"taxonomy":"product_cat","embeddable":true,"href":"https:\/\/stoic-curie.212-227-153-4.plesk.page\/de\/wp-json\/wp\/v2\/product_cat?post=738467"},{"taxonomy":"product_tag","embeddable":true,"href":"https:\/\/stoic-curie.212-227-153-4.plesk.page\/de\/wp-json\/wp\/v2\/product_tag?post=738467"}],"curies":[{"name":"wp","href":"https:\/\/api.w.org\/{rel}","templated":true}]}}