{"id":738468,"date":"2025-03-03T17:49:43","date_gmt":"2025-03-03T16:49:43","guid":{"rendered":"https:\/\/stoic-curie.212-227-153-4.plesk.page\/producto\/bravo-ge-btp-12v-420-l-min\/"},"modified":"2026-02-24T23:35:20","modified_gmt":"2026-02-24T23:35:20","slug":"bravo-ge-btp-12v-420-l-min","status":"publish","type":"product","link":"https:\/\/stoic-curie.212-227-153-4.plesk.page\/de\/product\/bravo-ge-btp-12v-420-l-min\/","title":{"rendered":"Bravo Ge BTP 12V 420 l\/min"},"content":{"rendered":"<p>Bravo Ge BTP 12V 420 l\/min &#8211; <\/p>\n<p>GE BTP Manometerpumpe mit automatischem Stopp, wenn der gew\u00e4hlte Druck erreicht ist. Das Manometer verf\u00fcgt \u00fcber eine Ableseskala in Bar und psi. Kann aufblasen und Luft ablassen. Wird mit einem ansaugenden Filter, Ventiladaptern, einer Schultertasche, einem 1,7 Meter langen Schlauch und einem 3 Meter langen Kabel geliefert. Stromversorgung \u00fcber 12V Zigarettenanz\u00fcnderstecker oder Batterieklemmen. Maximale Stromaufnahme 13A. Abmessungen: 30 x 11 x H16 cm.<\/p>\n","protected":false},"excerpt":{"rendered":"<p>Bravo Ge BTP 12V 420 l\/min &#8211; GE BTP Manometerpumpe mit automatischem Stopp, wenn der gew\u00e4hlte Druck erreicht ist. Das<\/p>\n","protected":false},"featured_media":5948123,"comment_status":"open","ping_status":"closed","template":"","meta":[],"product_brand":[2850],"product_cat":[1548],"product_tag":[],"class_list":{"0":"post-738468","1":"product","2":"type-product","3":"status-publish","4":"has-post-thumbnail","6":"product_brand-bravo-scoprega-de","7":"product_cat-schlauchboot-luftpumpen","9":"first","10":"instock","11":"shipping-taxable","12":"purchasable","13":"product-type-simple"},"_links":{"self":[{"href":"https:\/\/stoic-curie.212-227-153-4.plesk.page\/de\/wp-json\/wp\/v2\/product\/738468","targetHints":{"allow":["GET"]}}],"collection":[{"href":"https:\/\/stoic-curie.212-227-153-4.plesk.page\/de\/wp-json\/wp\/v2\/product"}],"about":[{"href":"https:\/\/stoic-curie.212-227-153-4.plesk.page\/de\/wp-json\/wp\/v2\/types\/product"}],"replies":[{"embeddable":true,"href":"https:\/\/stoic-curie.212-227-153-4.plesk.page\/de\/wp-json\/wp\/v2\/comments?post=738468"}],"version-history":[{"count":0,"href":"https:\/\/stoic-curie.212-227-153-4.plesk.page\/de\/wp-json\/wp\/v2\/product\/738468\/revisions"}],"wp:featuredmedia":[{"embeddable":true,"href":"https:\/\/stoic-curie.212-227-153-4.plesk.page\/de\/wp-json\/wp\/v2\/media\/5948123"}],"wp:attachment":[{"href":"https:\/\/stoic-curie.212-227-153-4.plesk.page\/de\/wp-json\/wp\/v2\/media?parent=738468"}],"wp:term":[{"taxonomy":"product_brand","embeddable":true,"href":"https:\/\/stoic-curie.212-227-153-4.plesk.page\/de\/wp-json\/wp\/v2\/product_brand?post=738468"},{"taxonomy":"product_cat","embeddable":true,"href":"https:\/\/stoic-curie.212-227-153-4.plesk.page\/de\/wp-json\/wp\/v2\/product_cat?post=738468"},{"taxonomy":"product_tag","embeddable":true,"href":"https:\/\/stoic-curie.212-227-153-4.plesk.page\/de\/wp-json\/wp\/v2\/product_tag?post=738468"}],"curies":[{"name":"wp","href":"https:\/\/api.w.org\/{rel}","templated":true}]}}