{"id":738471,"date":"2025-03-03T17:49:44","date_gmt":"2025-03-03T16:49:44","guid":{"rendered":"https:\/\/stoic-curie.212-227-153-4.plesk.page\/producto\/bravo-ge-900-220v-1700-l-min\/"},"modified":"2026-02-24T23:35:20","modified_gmt":"2026-02-24T23:35:20","slug":"bravo-ge-900-220v-1700-l-min","status":"publish","type":"product","link":"https:\/\/stoic-curie.212-227-153-4.plesk.page\/de\/product\/bravo-ge-900-220v-1700-l-min\/","title":{"rendered":"Bravo Ge 900-220V 1700 l\/min"},"content":{"rendered":"<p>Bravo Ge 900-220V 1700 l\/min &#8211; <\/p>\n<p>Professioneller 220V elektrischer Inflator, der in der Lage ist, jedes aufblasbare Boot und jede Struktur in kurzer Zeit auf Druck zu bringen. 700W Motor, der mit niedrigem Ger\u00e4uschpegel (max. 85dB) ausgelegt ist, kann aufblasen und entl\u00fcften. Zubeh\u00f6r wie Schl\u00e4uche und Anschl\u00fcsse sind separat erh\u00e4ltlich. Abmessungen 15 x 17 x H22 cm.<\/p>\n","protected":false},"excerpt":{"rendered":"<p>Bravo Ge 900-220V 1700 l\/min &#8211; Professioneller 220V elektrischer Inflator, der in der Lage ist, jedes aufblasbare Boot und jede<\/p>\n","protected":false},"featured_media":5948126,"comment_status":"open","ping_status":"closed","template":"","meta":[],"product_brand":[2850],"product_cat":[1548],"product_tag":[],"class_list":{"0":"post-738471","1":"product","2":"type-product","3":"status-publish","4":"has-post-thumbnail","6":"product_brand-bravo-scoprega-de","7":"product_cat-schlauchboot-luftpumpen","9":"first","10":"instock","11":"shipping-taxable","12":"purchasable","13":"product-type-simple"},"_links":{"self":[{"href":"https:\/\/stoic-curie.212-227-153-4.plesk.page\/de\/wp-json\/wp\/v2\/product\/738471","targetHints":{"allow":["GET"]}}],"collection":[{"href":"https:\/\/stoic-curie.212-227-153-4.plesk.page\/de\/wp-json\/wp\/v2\/product"}],"about":[{"href":"https:\/\/stoic-curie.212-227-153-4.plesk.page\/de\/wp-json\/wp\/v2\/types\/product"}],"replies":[{"embeddable":true,"href":"https:\/\/stoic-curie.212-227-153-4.plesk.page\/de\/wp-json\/wp\/v2\/comments?post=738471"}],"version-history":[{"count":0,"href":"https:\/\/stoic-curie.212-227-153-4.plesk.page\/de\/wp-json\/wp\/v2\/product\/738471\/revisions"}],"wp:featuredmedia":[{"embeddable":true,"href":"https:\/\/stoic-curie.212-227-153-4.plesk.page\/de\/wp-json\/wp\/v2\/media\/5948126"}],"wp:attachment":[{"href":"https:\/\/stoic-curie.212-227-153-4.plesk.page\/de\/wp-json\/wp\/v2\/media?parent=738471"}],"wp:term":[{"taxonomy":"product_brand","embeddable":true,"href":"https:\/\/stoic-curie.212-227-153-4.plesk.page\/de\/wp-json\/wp\/v2\/product_brand?post=738471"},{"taxonomy":"product_cat","embeddable":true,"href":"https:\/\/stoic-curie.212-227-153-4.plesk.page\/de\/wp-json\/wp\/v2\/product_cat?post=738471"},{"taxonomy":"product_tag","embeddable":true,"href":"https:\/\/stoic-curie.212-227-153-4.plesk.page\/de\/wp-json\/wp\/v2\/product_tag?post=738471"}],"curies":[{"name":"wp","href":"https:\/\/api.w.org\/{rel}","templated":true}]}}