{"id":738472,"date":"2025-03-03T17:49:44","date_gmt":"2025-03-03T16:49:44","guid":{"rendered":"https:\/\/stoic-curie.212-227-153-4.plesk.page\/producto\/manuelle-anhaengerwinde-1100-kg-2-gang\/"},"modified":"2026-02-24T23:35:20","modified_gmt":"2026-02-24T23:35:20","slug":"manuelle-anhaengerwinde-1100-kg-2-gang","status":"publish","type":"product","link":"https:\/\/stoic-curie.212-227-153-4.plesk.page\/de\/product\/manuelle-anhaengerwinde-1100-kg-2-gang\/","title":{"rendered":"Manuelle Anh\u00e4ngerwinde 1100 kg, 2-Gang"},"content":{"rendered":"<p>Manuelle Anh\u00e4ngerwinde 1100 kg, 2-Gang &#8211; <\/p>\n<p>Handseilwinden f\u00fcr ein einfaches Bootsholen. Maximalbelastung kg: Gewichtsbeschr\u00e4nkung, die die Winde bei horizontalem Ziehen ohne Rutschen unterst\u00fctzen kann. Bei geneigten Lasten wird empfohlen, zwei Drittel der Gewichtsbeschr\u00e4nkung nicht zu \u00fcberschreiten. Lieferung ohne Drahtseil oder Bandschlinge.<\/p>\n","protected":false},"excerpt":{"rendered":"<p>Manuelle Anh\u00e4ngerwinde 1100 kg, 2-Gang &#8211; Handseilwinden f\u00fcr ein einfaches Bootsholen. Maximalbelastung kg: Gewichtsbeschr\u00e4nkung, die die Winde bei horizontalem Ziehen<\/p>\n","protected":false},"featured_media":5948153,"comment_status":"open","ping_status":"closed","template":"","meta":[],"product_brand":[2890],"product_cat":[1547],"product_tag":[],"class_list":{"0":"post-738472","1":"product","2":"type-product","3":"status-publish","4":"has-post-thumbnail","6":"product_brand-domar-de","7":"product_cat-anhaengerwinden","9":"first","10":"instock","11":"shipping-taxable","12":"purchasable","13":"product-type-simple"},"_links":{"self":[{"href":"https:\/\/stoic-curie.212-227-153-4.plesk.page\/de\/wp-json\/wp\/v2\/product\/738472","targetHints":{"allow":["GET"]}}],"collection":[{"href":"https:\/\/stoic-curie.212-227-153-4.plesk.page\/de\/wp-json\/wp\/v2\/product"}],"about":[{"href":"https:\/\/stoic-curie.212-227-153-4.plesk.page\/de\/wp-json\/wp\/v2\/types\/product"}],"replies":[{"embeddable":true,"href":"https:\/\/stoic-curie.212-227-153-4.plesk.page\/de\/wp-json\/wp\/v2\/comments?post=738472"}],"version-history":[{"count":0,"href":"https:\/\/stoic-curie.212-227-153-4.plesk.page\/de\/wp-json\/wp\/v2\/product\/738472\/revisions"}],"wp:featuredmedia":[{"embeddable":true,"href":"https:\/\/stoic-curie.212-227-153-4.plesk.page\/de\/wp-json\/wp\/v2\/media\/5948153"}],"wp:attachment":[{"href":"https:\/\/stoic-curie.212-227-153-4.plesk.page\/de\/wp-json\/wp\/v2\/media?parent=738472"}],"wp:term":[{"taxonomy":"product_brand","embeddable":true,"href":"https:\/\/stoic-curie.212-227-153-4.plesk.page\/de\/wp-json\/wp\/v2\/product_brand?post=738472"},{"taxonomy":"product_cat","embeddable":true,"href":"https:\/\/stoic-curie.212-227-153-4.plesk.page\/de\/wp-json\/wp\/v2\/product_cat?post=738472"},{"taxonomy":"product_tag","embeddable":true,"href":"https:\/\/stoic-curie.212-227-153-4.plesk.page\/de\/wp-json\/wp\/v2\/product_tag?post=738472"}],"curies":[{"name":"wp","href":"https:\/\/api.w.org\/{rel}","templated":true}]}}