{"id":738473,"date":"2025-03-03T17:49:44","date_gmt":"2025-03-03T16:49:44","guid":{"rendered":"https:\/\/stoic-curie.212-227-153-4.plesk.page\/producto\/segeljacke-musto-br2-offshore-schwarz-groesse-l\/"},"modified":"2026-02-24T23:35:20","modified_gmt":"2026-02-24T23:35:20","slug":"segeljacke-musto-br2-offshore-schwarz-groesse-l","status":"publish","type":"product","link":"https:\/\/stoic-curie.212-227-153-4.plesk.page\/de\/product\/segeljacke-musto-br2-offshore-schwarz-groesse-l\/","title":{"rendered":"Segeljacke Musto br2 offshore Schwarz : Gr\u00f6\u00dfe L"},"content":{"rendered":"<p>Segeljacke Musto br2 offshore Schwarz : Gr\u00f6\u00dfe L &#8211; <\/p>\n<p>Die Musto BR2 Offshore-Jacke besteht aus dem \u00e4u\u00dferst atmungsaktiven, wasserdichten und winddichten BR2 2-Schichten-Gewebe. Sie verf\u00fcgt \u00fcber anatomisch geformte \u00c4rmel, eine fluoreszierende Kapuze, die platzsparend aufgerollt werden kann, sowie einen zweifach verstellbaren, doppelten Sturmklappenverschluss mit Entw\u00e4sserungskanal \u00fcber einem 2-Wege-YKK\u00c2\u00ae-Rei\u00dfverschluss f\u00fcr einen dichten Frontverschluss. Der Kragen ist mit einem Rautengewebe gef\u00fcttert, um Komfort und W\u00e4rme zu gew\u00e4hrleisten. Zu den weiteren Merkmalen geh\u00f6ren doppelte Manschetten mit verstellbaren \u00e4u\u00dferen Manschetten, ein Netzfutter, zwei Cargotaschen mit wasserabweisenden Verschl\u00fcssen, vier Handw\u00e4rmtaschen halb mit Fleece gef\u00fcttert sowie eine interne Rei\u00dfverschluss-Tasche und eine interne Rei\u00dfverschluss-Sonnenbrillent Tasche, prismatische Reflektoren und reflektierende Details in den N\u00e4hten.<\/p>\n","protected":false},"excerpt":{"rendered":"<p>Segeljacke Musto br2 offshore Schwarz : Gr\u00f6\u00dfe L &#8211; Die Musto BR2 Offshore-Jacke besteht aus dem \u00e4u\u00dferst atmungsaktiven, wasserdichten und<\/p>\n","protected":false},"featured_media":5948160,"comment_status":"open","ping_status":"closed","template":"","meta":[],"product_brand":[3155],"product_cat":[1567],"product_tag":[],"class_list":{"0":"post-738473","1":"product","2":"type-product","3":"status-publish","4":"has-post-thumbnail","6":"product_brand-musto-de","7":"product_cat-segelbekleidung-musto","9":"first","10":"instock","11":"shipping-taxable","12":"purchasable","13":"product-type-simple"},"_links":{"self":[{"href":"https:\/\/stoic-curie.212-227-153-4.plesk.page\/de\/wp-json\/wp\/v2\/product\/738473","targetHints":{"allow":["GET"]}}],"collection":[{"href":"https:\/\/stoic-curie.212-227-153-4.plesk.page\/de\/wp-json\/wp\/v2\/product"}],"about":[{"href":"https:\/\/stoic-curie.212-227-153-4.plesk.page\/de\/wp-json\/wp\/v2\/types\/product"}],"replies":[{"embeddable":true,"href":"https:\/\/stoic-curie.212-227-153-4.plesk.page\/de\/wp-json\/wp\/v2\/comments?post=738473"}],"version-history":[{"count":0,"href":"https:\/\/stoic-curie.212-227-153-4.plesk.page\/de\/wp-json\/wp\/v2\/product\/738473\/revisions"}],"wp:featuredmedia":[{"embeddable":true,"href":"https:\/\/stoic-curie.212-227-153-4.plesk.page\/de\/wp-json\/wp\/v2\/media\/5948160"}],"wp:attachment":[{"href":"https:\/\/stoic-curie.212-227-153-4.plesk.page\/de\/wp-json\/wp\/v2\/media?parent=738473"}],"wp:term":[{"taxonomy":"product_brand","embeddable":true,"href":"https:\/\/stoic-curie.212-227-153-4.plesk.page\/de\/wp-json\/wp\/v2\/product_brand?post=738473"},{"taxonomy":"product_cat","embeddable":true,"href":"https:\/\/stoic-curie.212-227-153-4.plesk.page\/de\/wp-json\/wp\/v2\/product_cat?post=738473"},{"taxonomy":"product_tag","embeddable":true,"href":"https:\/\/stoic-curie.212-227-153-4.plesk.page\/de\/wp-json\/wp\/v2\/product_tag?post=738473"}],"curies":[{"name":"wp","href":"https:\/\/api.w.org\/{rel}","templated":true}]}}