{"id":738479,"date":"2025-03-03T17:49:46","date_gmt":"2025-03-03T16:49:46","guid":{"rendered":"https:\/\/stoic-curie.212-227-153-4.plesk.page\/producto\/edelstahlstuetze-fuer-bimini\/"},"modified":"2026-02-24T23:35:21","modified_gmt":"2026-02-24T23:35:21","slug":"edelstahlstuetze-fuer-bimini","status":"publish","type":"product","link":"https:\/\/stoic-curie.212-227-153-4.plesk.page\/de\/product\/edelstahlstuetze-fuer-bimini\/","title":{"rendered":"Edelstahlst\u00fctze f\u00fcr Bimini"},"content":{"rendered":"<p>Edelstahlst\u00fctze f\u00fcr Bimini &#8211; <\/p>\n<p>Wir stellen das Edelstahlrohr von Tessilmare vor, das mit hochwertigen Enden ausgestattet ist, die eine sichere Befestigung sowohl an Ihrem Bimini als auch an der Bootsdecke gew\u00e4hrleisten. Dieses Produkt bietet nicht nur zus\u00e4tzlichen Halt, sondern erh\u00f6ht auch die Sicherheit, w\u00e4hrend Sie auf dem Wasser sind, und gibt Ihnen w\u00e4hrend Ihrer Bootsausfl\u00fcge ein beruhigendes Gef\u00fchl.<\/p>\n","protected":false},"excerpt":{"rendered":"<p>Edelstahlst\u00fctze f\u00fcr Bimini &#8211; Wir stellen das Edelstahlrohr von Tessilmare vor, das mit hochwertigen Enden ausgestattet ist, die eine sichere<\/p>\n","protected":false},"featured_media":5948279,"comment_status":"open","ping_status":"closed","template":"","meta":[],"product_brand":[3185],"product_cat":[1416,1402],"product_tag":[],"class_list":{"0":"post-738479","1":"product","2":"type-product","3":"status-publish","4":"has-post-thumbnail","6":"product_brand-nettuno-de","7":"product_cat-befestigungsmaterial-fuer-bootsabdeckungen-und-bimini","8":"product_cat-bimini-verdecke","10":"first","11":"instock","12":"shipping-taxable","13":"purchasable","14":"product-type-simple"},"_links":{"self":[{"href":"https:\/\/stoic-curie.212-227-153-4.plesk.page\/de\/wp-json\/wp\/v2\/product\/738479","targetHints":{"allow":["GET"]}}],"collection":[{"href":"https:\/\/stoic-curie.212-227-153-4.plesk.page\/de\/wp-json\/wp\/v2\/product"}],"about":[{"href":"https:\/\/stoic-curie.212-227-153-4.plesk.page\/de\/wp-json\/wp\/v2\/types\/product"}],"replies":[{"embeddable":true,"href":"https:\/\/stoic-curie.212-227-153-4.plesk.page\/de\/wp-json\/wp\/v2\/comments?post=738479"}],"version-history":[{"count":0,"href":"https:\/\/stoic-curie.212-227-153-4.plesk.page\/de\/wp-json\/wp\/v2\/product\/738479\/revisions"}],"wp:featuredmedia":[{"embeddable":true,"href":"https:\/\/stoic-curie.212-227-153-4.plesk.page\/de\/wp-json\/wp\/v2\/media\/5948279"}],"wp:attachment":[{"href":"https:\/\/stoic-curie.212-227-153-4.plesk.page\/de\/wp-json\/wp\/v2\/media?parent=738479"}],"wp:term":[{"taxonomy":"product_brand","embeddable":true,"href":"https:\/\/stoic-curie.212-227-153-4.plesk.page\/de\/wp-json\/wp\/v2\/product_brand?post=738479"},{"taxonomy":"product_cat","embeddable":true,"href":"https:\/\/stoic-curie.212-227-153-4.plesk.page\/de\/wp-json\/wp\/v2\/product_cat?post=738479"},{"taxonomy":"product_tag","embeddable":true,"href":"https:\/\/stoic-curie.212-227-153-4.plesk.page\/de\/wp-json\/wp\/v2\/product_tag?post=738479"}],"curies":[{"name":"wp","href":"https:\/\/api.w.org\/{rel}","templated":true}]}}