{"id":738480,"date":"2025-03-03T17:49:46","date_gmt":"2025-03-03T16:49:46","guid":{"rendered":"https:\/\/stoic-curie.212-227-153-4.plesk.page\/producto\/tasche-fuer-40-signalflaggen\/"},"modified":"2026-02-24T23:35:21","modified_gmt":"2026-02-24T23:35:21","slug":"tasche-fuer-40-signalflaggen","status":"publish","type":"product","link":"https:\/\/stoic-curie.212-227-153-4.plesk.page\/de\/product\/tasche-fuer-40-signalflaggen\/","title":{"rendered":"Tasche f\u00fcr 40 Signalflaggen"},"content":{"rendered":"<p>Tasche f\u00fcr 40 Signalflaggen &#8211; <\/p>\n<p>Canvas-Tasche f\u00fcr internationale maritime Signalflaggen in den Gr\u00f6\u00dfen 20x30cm oder 30x45cm.<\/p>\n","protected":false},"excerpt":{"rendered":"<p>Tasche f\u00fcr 40 Signalflaggen &#8211; Canvas-Tasche f\u00fcr internationale maritime Signalflaggen in den Gr\u00f6\u00dfen 20x30cm oder 30x45cm.<\/p>\n","protected":false},"featured_media":5948284,"comment_status":"open","ping_status":"closed","template":"","meta":[],"product_brand":[3115],"product_cat":[1494],"product_tag":[],"class_list":{"0":"post-738480","1":"product","2":"type-product","3":"status-publish","4":"has-post-thumbnail","6":"product_brand-marine-flags-de","7":"product_cat-signalflaggen","9":"first","10":"instock","11":"shipping-taxable","12":"purchasable","13":"product-type-simple"},"_links":{"self":[{"href":"https:\/\/stoic-curie.212-227-153-4.plesk.page\/de\/wp-json\/wp\/v2\/product\/738480","targetHints":{"allow":["GET"]}}],"collection":[{"href":"https:\/\/stoic-curie.212-227-153-4.plesk.page\/de\/wp-json\/wp\/v2\/product"}],"about":[{"href":"https:\/\/stoic-curie.212-227-153-4.plesk.page\/de\/wp-json\/wp\/v2\/types\/product"}],"replies":[{"embeddable":true,"href":"https:\/\/stoic-curie.212-227-153-4.plesk.page\/de\/wp-json\/wp\/v2\/comments?post=738480"}],"version-history":[{"count":0,"href":"https:\/\/stoic-curie.212-227-153-4.plesk.page\/de\/wp-json\/wp\/v2\/product\/738480\/revisions"}],"wp:featuredmedia":[{"embeddable":true,"href":"https:\/\/stoic-curie.212-227-153-4.plesk.page\/de\/wp-json\/wp\/v2\/media\/5948284"}],"wp:attachment":[{"href":"https:\/\/stoic-curie.212-227-153-4.plesk.page\/de\/wp-json\/wp\/v2\/media?parent=738480"}],"wp:term":[{"taxonomy":"product_brand","embeddable":true,"href":"https:\/\/stoic-curie.212-227-153-4.plesk.page\/de\/wp-json\/wp\/v2\/product_brand?post=738480"},{"taxonomy":"product_cat","embeddable":true,"href":"https:\/\/stoic-curie.212-227-153-4.plesk.page\/de\/wp-json\/wp\/v2\/product_cat?post=738480"},{"taxonomy":"product_tag","embeddable":true,"href":"https:\/\/stoic-curie.212-227-153-4.plesk.page\/de\/wp-json\/wp\/v2\/product_tag?post=738480"}],"curies":[{"name":"wp","href":"https:\/\/api.w.org\/{rel}","templated":true}]}}