{"id":738483,"date":"2025-03-03T17:49:47","date_gmt":"2025-03-03T16:49:47","guid":{"rendered":"https:\/\/stoic-curie.212-227-153-4.plesk.page\/producto\/tbsafe-anti-rutsch-pads-elfenbein-30-x-60-cm-stk-packung-2\/"},"modified":"2026-02-24T23:35:21","modified_gmt":"2026-02-24T23:35:21","slug":"tbsafe-anti-rutsch-pads-elfenbein-30-x-60-cm-stk-packung-2","status":"publish","type":"product","link":"https:\/\/stoic-curie.212-227-153-4.plesk.page\/de\/product\/tbsafe-anti-rutsch-pads-elfenbein-30-x-60-cm-stk-packung-2\/","title":{"rendered":"Tbsafe Anti-Rutsch-Pads Elfenbein 30 x 60 cm Stk.\/Packung 2"},"content":{"rendered":"<p>Tbsafe Anti-Rutsch-Pads Elfenbein 30 x 60 cm Stk.\/Packung 2 &#8211; <\/p>\n<p>Rutschfeste Pads f\u00fcr Ruderboote und aufblasbare Boote mit speziellem AT4-Kleber f\u00fcr Hypalon, Verbundstoffe und Metalle. Hergestellt aus feink\u00f6rnigem, flexiblem Elastomer mit hervorragenden rutschhemmenden Eigenschaften, ungiftig, abriebfest, UV-best\u00e4ndig und f\u00fcr den maritimen Einsatz geeignet, getestet nach EN13036-4. Verpackung mit 2 St\u00fcck.<\/p>\n","protected":false},"excerpt":{"rendered":"<p>Tbsafe Anti-Rutsch-Pads Elfenbein 30 x 60 cm Stk.\/Packung 2 &#8211; Rutschfeste Pads f\u00fcr Ruderboote und aufblasbare Boote mit speziellem AT4-Kleber<\/p>\n","protected":false},"featured_media":5948293,"comment_status":"open","ping_status":"closed","template":"","meta":[],"product_brand":[3450],"product_cat":[1552],"product_tag":[],"class_list":{"0":"post-738483","1":"product","2":"type-product","3":"status-publish","4":"has-post-thumbnail","6":"product_brand-tbs-de","7":"product_cat-zubehoer-fuer-schlauchboote","9":"first","10":"instock","11":"shipping-taxable","12":"purchasable","13":"product-type-simple"},"_links":{"self":[{"href":"https:\/\/stoic-curie.212-227-153-4.plesk.page\/de\/wp-json\/wp\/v2\/product\/738483","targetHints":{"allow":["GET"]}}],"collection":[{"href":"https:\/\/stoic-curie.212-227-153-4.plesk.page\/de\/wp-json\/wp\/v2\/product"}],"about":[{"href":"https:\/\/stoic-curie.212-227-153-4.plesk.page\/de\/wp-json\/wp\/v2\/types\/product"}],"replies":[{"embeddable":true,"href":"https:\/\/stoic-curie.212-227-153-4.plesk.page\/de\/wp-json\/wp\/v2\/comments?post=738483"}],"version-history":[{"count":0,"href":"https:\/\/stoic-curie.212-227-153-4.plesk.page\/de\/wp-json\/wp\/v2\/product\/738483\/revisions"}],"wp:featuredmedia":[{"embeddable":true,"href":"https:\/\/stoic-curie.212-227-153-4.plesk.page\/de\/wp-json\/wp\/v2\/media\/5948293"}],"wp:attachment":[{"href":"https:\/\/stoic-curie.212-227-153-4.plesk.page\/de\/wp-json\/wp\/v2\/media?parent=738483"}],"wp:term":[{"taxonomy":"product_brand","embeddable":true,"href":"https:\/\/stoic-curie.212-227-153-4.plesk.page\/de\/wp-json\/wp\/v2\/product_brand?post=738483"},{"taxonomy":"product_cat","embeddable":true,"href":"https:\/\/stoic-curie.212-227-153-4.plesk.page\/de\/wp-json\/wp\/v2\/product_cat?post=738483"},{"taxonomy":"product_tag","embeddable":true,"href":"https:\/\/stoic-curie.212-227-153-4.plesk.page\/de\/wp-json\/wp\/v2\/product_tag?post=738483"}],"curies":[{"name":"wp","href":"https:\/\/api.w.org\/{rel}","templated":true}]}}