{"id":738500,"date":"2025-03-03T17:49:50","date_gmt":"2025-03-03T16:49:50","guid":{"rendered":"https:\/\/stoic-curie.212-227-153-4.plesk.page\/producto\/kraftstofftank-120-liter-950-x-400-x-400\/"},"modified":"2026-02-24T23:35:22","modified_gmt":"2026-02-24T23:35:22","slug":"kraftstofftank-120-liter-950-x-400-x-400","status":"publish","type":"product","link":"https:\/\/stoic-curie.212-227-153-4.plesk.page\/de\/product\/kraftstofftank-120-liter-950-x-400-x-400\/","title":{"rendered":"Kraftstofftank 120 Liter 950 x 400 x 400"},"content":{"rendered":"<p>Kraftstofftank 120 Liter 950 x 400 x 400 &#8211; <\/p>\n<p>Eltex-Tanks mit Inspektionsscheibe, 17-19 mm Schlauchanschluss f\u00fcr die Bel\u00fcftung, 12 mm Kraftstofftauchrohr und Schraubverschluss. Zu vervollst\u00e4ndigen mit einem 38\/50\/60 mm Zulauf. CE-ISO 21487 zertifiziert. Der H\u00f6he der Inspektions\u00f6ffnungen betr\u00e4gt 85 mm.<\/p>\n","protected":false},"excerpt":{"rendered":"<p>Kraftstofftank 120 Liter 950 x 400 x 400 &#8211; Eltex-Tanks mit Inspektionsscheibe, 17-19 mm Schlauchanschluss f\u00fcr die Bel\u00fcftung, 12 mm<\/p>\n","protected":false},"featured_media":5948385,"comment_status":"open","ping_status":"closed","template":"","meta":[],"product_brand":[2855],"product_cat":[1513],"product_tag":[],"class_list":{"0":"post-738500","1":"product","2":"type-product","3":"status-publish","4":"has-post-thumbnail","6":"product_brand-can-marine-de","7":"product_cat-kraftstofftanks","9":"first","10":"instock","11":"shipping-taxable","12":"purchasable","13":"product-type-simple"},"_links":{"self":[{"href":"https:\/\/stoic-curie.212-227-153-4.plesk.page\/de\/wp-json\/wp\/v2\/product\/738500","targetHints":{"allow":["GET"]}}],"collection":[{"href":"https:\/\/stoic-curie.212-227-153-4.plesk.page\/de\/wp-json\/wp\/v2\/product"}],"about":[{"href":"https:\/\/stoic-curie.212-227-153-4.plesk.page\/de\/wp-json\/wp\/v2\/types\/product"}],"replies":[{"embeddable":true,"href":"https:\/\/stoic-curie.212-227-153-4.plesk.page\/de\/wp-json\/wp\/v2\/comments?post=738500"}],"version-history":[{"count":0,"href":"https:\/\/stoic-curie.212-227-153-4.plesk.page\/de\/wp-json\/wp\/v2\/product\/738500\/revisions"}],"wp:featuredmedia":[{"embeddable":true,"href":"https:\/\/stoic-curie.212-227-153-4.plesk.page\/de\/wp-json\/wp\/v2\/media\/5948385"}],"wp:attachment":[{"href":"https:\/\/stoic-curie.212-227-153-4.plesk.page\/de\/wp-json\/wp\/v2\/media?parent=738500"}],"wp:term":[{"taxonomy":"product_brand","embeddable":true,"href":"https:\/\/stoic-curie.212-227-153-4.plesk.page\/de\/wp-json\/wp\/v2\/product_brand?post=738500"},{"taxonomy":"product_cat","embeddable":true,"href":"https:\/\/stoic-curie.212-227-153-4.plesk.page\/de\/wp-json\/wp\/v2\/product_cat?post=738500"},{"taxonomy":"product_tag","embeddable":true,"href":"https:\/\/stoic-curie.212-227-153-4.plesk.page\/de\/wp-json\/wp\/v2\/product_tag?post=738500"}],"curies":[{"name":"wp","href":"https:\/\/api.w.org\/{rel}","templated":true}]}}