{"id":738502,"date":"2025-03-03T17:49:51","date_gmt":"2025-03-03T16:49:51","guid":{"rendered":"https:\/\/stoic-curie.212-227-153-4.plesk.page\/producto\/dieselfilter-separ-2000-10\/"},"modified":"2026-02-24T23:35:22","modified_gmt":"2026-02-24T23:35:22","slug":"dieselfilter-separ-2000-10","status":"publish","type":"product","link":"https:\/\/stoic-curie.212-227-153-4.plesk.page\/de\/product\/dieselfilter-separ-2000-10\/","title":{"rendered":"Dieselfilter Separ SWK 2000\/10"},"content":{"rendered":"<p>Dieselfilter Separ SWK 2000\/10 &#8211; <\/p>\n<p style=\"color: rgb(34, 34, 34); font-family: Arial, Helvetica, sans-serif; font-size: small;\">Der Separ SWK-2000\/10-Filter ist ein Kraftstoff-Wasser-Trenner mit einer Kapazit\u00e4t von 600 l\/h und geh\u00f6rt zur SWK-2000-Serie. Dieser Filter kann direkt an Dieselmotoren installiert werden. Der Separ 2000 Wasserabscheider-Diesel-Filter verf\u00fcgt \u00fcber ein Mehrzentrifugalsystem, das Dieselkraftstoff effektiv reinigt, indem Wasser und andere Verunreinigungen entfernt werden.<\/p>\n<p style=\"color: rgb(34, 34, 34); font-family: Arial, Helvetica, sans-serif; font-size: small;\">Die Separ-Marinefilter-Serie umfasst einen Brandschutz-Abweiser, sch\u00fctzende Eigenschaften und einen Wasser-Sensor f\u00fcr zus\u00e4tzliche Sicherheit. Die meisten Geh\u00e4use sind vollst\u00e4ndig transparent, mit Ausnahme des 2000\/40-Filters, der \u00fcber ein Metallgeh\u00e4use verf\u00fcgt und daher keinen Abweiser ben\u00f6tigt.<\/p>\n<p style=\"color: rgb(34, 34, 34); font-family: Arial, Helvetica, sans-serif; font-size: small;\">Hauptmerkmale:<\/p>\n<ul style=\"color: rgb(34, 34, 34); font-family: Arial, Helvetica, sans-serif; font-size: small;\">\n<li>Effektive Trennung von Wasser und Partikeln aus Dieselkraftstoff<\/li>\n<li>R\u00fccksp\u00fclf\u00e4higkeit verl\u00e4ngert die Zeit zwischen den Elementewechseln<\/li>\n<li>Niedriger Widerstand minimiert die Abnutzung der Kraftstoffpumpen und erh\u00e4lt die volle Drehzahl<\/li>\n<li>Bietet flexible Installation mit zwei Einl\u00e4ssen und zwei Ausl\u00e4ssen<\/li>\n<li>Kompatibel mit B100 Biodiesel<\/li>\n<li>Verf\u00fcgbar mit verschiedenen Filteroptionen<\/li>\n<\/ul>\n<p style=\"color: rgb(34, 34, 34); font-family: Arial, Helvetica, sans-serif; font-size: small;\">Spezifikationen:<\/p>\n<ul style=\"color: rgb(34, 34, 34); font-family: Arial, Helvetica, sans-serif; font-size: small;\">\n<li>Durchflussrate: 600 l\/h<\/li>\n<li>Behinderung bei maximalem Durchfluss mit 30-Mikron-Element: .31 in. Hg<\/li>\n<li>Anschl\u00fcsse: 7\/8&#8243; &#8211; 14 gerade O-Ring SAE<\/li>\n<li>Farbe: Wei\u00df<\/li>\n<li>Kommt mit einem 30-Mikron-Element ausgestattet<\/li>\n<\/ul>\n","protected":false},"excerpt":{"rendered":"<p>Dieselfilter Separ SWK 2000\/10 &#8211; Der Separ SWK-2000\/10-Filter ist ein Kraftstoff-Wasser-Trenner mit einer Kapazit\u00e4t von 600 l\/h und geh\u00f6rt zur<\/p>\n","protected":false},"featured_media":5940295,"comment_status":"open","ping_status":"closed","template":"","meta":[],"product_brand":[3370],"product_cat":[1510],"product_tag":[],"class_list":{"0":"post-738502","1":"product","2":"type-product","3":"status-publish","4":"has-post-thumbnail","6":"product_brand-separ-de","7":"product_cat-kraftstoff-wasser-trennfilter","9":"first","10":"instock","11":"shipping-taxable","12":"purchasable","13":"product-type-simple"},"_links":{"self":[{"href":"https:\/\/stoic-curie.212-227-153-4.plesk.page\/de\/wp-json\/wp\/v2\/product\/738502","targetHints":{"allow":["GET"]}}],"collection":[{"href":"https:\/\/stoic-curie.212-227-153-4.plesk.page\/de\/wp-json\/wp\/v2\/product"}],"about":[{"href":"https:\/\/stoic-curie.212-227-153-4.plesk.page\/de\/wp-json\/wp\/v2\/types\/product"}],"replies":[{"embeddable":true,"href":"https:\/\/stoic-curie.212-227-153-4.plesk.page\/de\/wp-json\/wp\/v2\/comments?post=738502"}],"version-history":[{"count":0,"href":"https:\/\/stoic-curie.212-227-153-4.plesk.page\/de\/wp-json\/wp\/v2\/product\/738502\/revisions"}],"wp:featuredmedia":[{"embeddable":true,"href":"https:\/\/stoic-curie.212-227-153-4.plesk.page\/de\/wp-json\/wp\/v2\/media\/5940295"}],"wp:attachment":[{"href":"https:\/\/stoic-curie.212-227-153-4.plesk.page\/de\/wp-json\/wp\/v2\/media?parent=738502"}],"wp:term":[{"taxonomy":"product_brand","embeddable":true,"href":"https:\/\/stoic-curie.212-227-153-4.plesk.page\/de\/wp-json\/wp\/v2\/product_brand?post=738502"},{"taxonomy":"product_cat","embeddable":true,"href":"https:\/\/stoic-curie.212-227-153-4.plesk.page\/de\/wp-json\/wp\/v2\/product_cat?post=738502"},{"taxonomy":"product_tag","embeddable":true,"href":"https:\/\/stoic-curie.212-227-153-4.plesk.page\/de\/wp-json\/wp\/v2\/product_tag?post=738502"}],"curies":[{"name":"wp","href":"https:\/\/api.w.org\/{rel}","templated":true}]}}