{"id":738503,"date":"2025-03-03T17:49:51","date_gmt":"2025-03-03T16:49:51","guid":{"rendered":"https:\/\/stoic-curie.212-227-153-4.plesk.page\/producto\/hydrofoils-stingray-xr4\/"},"modified":"2026-02-24T23:35:22","modified_gmt":"2026-02-24T23:35:22","slug":"hydrofoils-stingray-xr4","status":"publish","type":"product","link":"https:\/\/stoic-curie.212-227-153-4.plesk.page\/de\/product\/hydrofoils-stingray-xr4\/","title":{"rendered":"Hydrofoils Stingray xr4"},"content":{"rendered":"<p>Hydrofoils Stingray xr4 &#8211; <\/p>\n<p>Die StingRay XR4 Hydrofoils wurden entwickelt, um maximale hydrodynamische Leistung f\u00fcr Wettbewerbsanwendungen sowie f\u00fcr Motorboote auf normalem Niveau zu erzielen. Sie sind mit der Tunnel-Prop-Technologie ausgestattet, die den Schub erh\u00f6ht und gleichzeitig den Reibungsfaktor minimiert. Hergestellt aus hydrophilem, wasseraufnehmendem Material, das die Reibung eliminiert. Installation mit zwei L\u00f6chern auf der Antikavitationsplatte, die Fixierbreite betr\u00e4gt 180 mm. &#8211; Geld sparen durch Kraftstoffeinsparung &#8211; In der H\u00e4lfte der Zeit planieren &#8211; Das Boot mit deutlich weniger Motorumdrehungen plan halten &#8211; Das Boot stabilisieren &#8211; Chinewalking und Porpoising reduzieren<\/p>\n","protected":false},"excerpt":{"rendered":"<p>Hydrofoils Stingray xr4 &#8211; Die StingRay XR4 Hydrofoils wurden entwickelt, um maximale hydrodynamische Leistung f\u00fcr Wettbewerbsanwendungen sowie f\u00fcr Motorboote auf<\/p>\n","protected":false},"featured_media":5948396,"comment_status":"open","ping_status":"closed","template":"","meta":[],"product_brand":[3440],"product_cat":[1519,1540],"product_tag":[],"class_list":{"0":"post-738503","1":"product","2":"type-product","3":"status-publish","4":"has-post-thumbnail","6":"product_brand-stingray-de","7":"product_cat-trimklappen","8":"product_cat-zubehoer-fuer-aussenborder","10":"first","11":"instock","12":"shipping-taxable","13":"purchasable","14":"product-type-simple"},"_links":{"self":[{"href":"https:\/\/stoic-curie.212-227-153-4.plesk.page\/de\/wp-json\/wp\/v2\/product\/738503","targetHints":{"allow":["GET"]}}],"collection":[{"href":"https:\/\/stoic-curie.212-227-153-4.plesk.page\/de\/wp-json\/wp\/v2\/product"}],"about":[{"href":"https:\/\/stoic-curie.212-227-153-4.plesk.page\/de\/wp-json\/wp\/v2\/types\/product"}],"replies":[{"embeddable":true,"href":"https:\/\/stoic-curie.212-227-153-4.plesk.page\/de\/wp-json\/wp\/v2\/comments?post=738503"}],"version-history":[{"count":0,"href":"https:\/\/stoic-curie.212-227-153-4.plesk.page\/de\/wp-json\/wp\/v2\/product\/738503\/revisions"}],"wp:featuredmedia":[{"embeddable":true,"href":"https:\/\/stoic-curie.212-227-153-4.plesk.page\/de\/wp-json\/wp\/v2\/media\/5948396"}],"wp:attachment":[{"href":"https:\/\/stoic-curie.212-227-153-4.plesk.page\/de\/wp-json\/wp\/v2\/media?parent=738503"}],"wp:term":[{"taxonomy":"product_brand","embeddable":true,"href":"https:\/\/stoic-curie.212-227-153-4.plesk.page\/de\/wp-json\/wp\/v2\/product_brand?post=738503"},{"taxonomy":"product_cat","embeddable":true,"href":"https:\/\/stoic-curie.212-227-153-4.plesk.page\/de\/wp-json\/wp\/v2\/product_cat?post=738503"},{"taxonomy":"product_tag","embeddable":true,"href":"https:\/\/stoic-curie.212-227-153-4.plesk.page\/de\/wp-json\/wp\/v2\/product_tag?post=738503"}],"curies":[{"name":"wp","href":"https:\/\/api.w.org\/{rel}","templated":true}]}}