{"id":738507,"date":"2025-03-03T17:49:52","date_gmt":"2025-03-03T16:49:52","guid":{"rendered":"https:\/\/stoic-curie.212-227-153-4.plesk.page\/producto\/edelstahlplatten-uflex-hi-perf-228-x-228mm\/"},"modified":"2026-02-24T23:35:22","modified_gmt":"2026-02-24T23:35:22","slug":"edelstahlplatten-uflex-hi-perf-228-x-228mm","status":"publish","type":"product","link":"https:\/\/stoic-curie.212-227-153-4.plesk.page\/de\/product\/edelstahlplatten-uflex-hi-perf-228-x-228mm\/","title":{"rendered":"Edelstahlplatten Uflex HI-PERF 228 x 228mm"},"content":{"rendered":"<p>Edelstahlplatten Uflex HI-PERF 228 x 228mm &#8211; <\/p>\n<p>Wartungsfreies und einfach zu installierendes elektromechanisches 12V Uflex Trim-Kit. Es ben\u00f6tigt keine elektrische oder hydraulische Steuereinheit und keine Rohre. Das Bedienfeld mit Joystick erm\u00f6glicht es, die Klappen auszurichten, um die Roll- und Nickhaltung anzupassen. Die Steuerbox umfasst auch die Auto-Ausrichtungsfunktion f\u00fcr die automatische Ausrichtung der Fl\u00fcgel, wenn sie deaktiviert ist, und kann ebenfalls als Schalter f\u00fcr einen m\u00f6glichen Joystick an einer zweiten Station verwendet werden. Im Kit sind zwei AT-Aktoren und die Steuerbox mit verchromtem Joystick enthalten. Die Edelstahlplatten m\u00fcssen separat erworben werden und k\u00f6nnen entweder standardm\u00e4\u00dfig oder mit einem spiegelpolierten Hochleistungsprofil geliefert werden. <br \/>&#8211; Verbessert den Kraftstoffverbrauch und den Komfort der Passagiere <br \/>&#8211; Klappen, die f\u00fcr die anspruchsvollsten Seebedingungen gebaut wurden <br \/>&#8211; Installation mit nur einem kleinen Loch pro Klappe durch den Spiegel <\/p>\n","protected":false},"excerpt":{"rendered":"<p>Edelstahlplatten Uflex HI-PERF 228 x 228mm &#8211; Wartungsfreies und einfach zu installierendes elektromechanisches 12V Uflex Trim-Kit. Es ben\u00f6tigt keine elektrische<\/p>\n","protected":false},"featured_media":5948413,"comment_status":"open","ping_status":"closed","template":"","meta":[],"product_brand":[3500],"product_cat":[1519],"product_tag":[],"class_list":{"0":"post-738507","1":"product","2":"type-product","3":"status-publish","4":"has-post-thumbnail","6":"product_brand-ultraflex-uflex-de","7":"product_cat-trimklappen","9":"first","10":"instock","11":"shipping-taxable","12":"purchasable","13":"product-type-simple"},"_links":{"self":[{"href":"https:\/\/stoic-curie.212-227-153-4.plesk.page\/de\/wp-json\/wp\/v2\/product\/738507","targetHints":{"allow":["GET"]}}],"collection":[{"href":"https:\/\/stoic-curie.212-227-153-4.plesk.page\/de\/wp-json\/wp\/v2\/product"}],"about":[{"href":"https:\/\/stoic-curie.212-227-153-4.plesk.page\/de\/wp-json\/wp\/v2\/types\/product"}],"replies":[{"embeddable":true,"href":"https:\/\/stoic-curie.212-227-153-4.plesk.page\/de\/wp-json\/wp\/v2\/comments?post=738507"}],"version-history":[{"count":0,"href":"https:\/\/stoic-curie.212-227-153-4.plesk.page\/de\/wp-json\/wp\/v2\/product\/738507\/revisions"}],"wp:featuredmedia":[{"embeddable":true,"href":"https:\/\/stoic-curie.212-227-153-4.plesk.page\/de\/wp-json\/wp\/v2\/media\/5948413"}],"wp:attachment":[{"href":"https:\/\/stoic-curie.212-227-153-4.plesk.page\/de\/wp-json\/wp\/v2\/media?parent=738507"}],"wp:term":[{"taxonomy":"product_brand","embeddable":true,"href":"https:\/\/stoic-curie.212-227-153-4.plesk.page\/de\/wp-json\/wp\/v2\/product_brand?post=738507"},{"taxonomy":"product_cat","embeddable":true,"href":"https:\/\/stoic-curie.212-227-153-4.plesk.page\/de\/wp-json\/wp\/v2\/product_cat?post=738507"},{"taxonomy":"product_tag","embeddable":true,"href":"https:\/\/stoic-curie.212-227-153-4.plesk.page\/de\/wp-json\/wp\/v2\/product_tag?post=738507"}],"curies":[{"name":"wp","href":"https:\/\/api.w.org\/{rel}","templated":true}]}}