{"id":738508,"date":"2025-03-03T17:49:52","date_gmt":"2025-03-03T16:49:52","guid":{"rendered":"https:\/\/stoic-curie.212-227-153-4.plesk.page\/producto\/edelstahlplatten-uflex-hi-perf-304-x-304mm\/"},"modified":"2026-02-24T23:35:22","modified_gmt":"2026-02-24T23:35:22","slug":"edelstahlplatten-uflex-hi-perf-304-x-304mm","status":"publish","type":"product","link":"https:\/\/stoic-curie.212-227-153-4.plesk.page\/de\/product\/edelstahlplatten-uflex-hi-perf-304-x-304mm\/","title":{"rendered":"Edelstahlplatten Uflex HI-PERF 304 x 304mm"},"content":{"rendered":"<p>Edelstahlplatten Uflex HI-PERF 304 x 304mm &#8211; <\/p>\n<p>Wartungsfreies und einfach zu installierendes elektromechanisches 12V Uflex Trim-Kit. Ben\u00f6tigt keine elektrische oder hydraulische Steuereinheit und Schl\u00e4uche. Das Steuerpanel mit Joystick erm\u00f6glicht es, die Tabs auszurichten, um die Roll- und Nickhaltung anzupassen. Die Steuereinheit verf\u00fcgt auch \u00fcber die Funktion zur automatischen Ausrichtung, um die Klappen bei Deaktivierung automatisch auszurichten, und kann zudem als Schalter f\u00fcr einen m\u00f6glichen zweiten Joystick-Standort verwendet werden. Das Kit enth\u00e4lt zwei AT-Aktoren und die Steuereinheit mit verchromtem Joystick. Die Edelstahlplatten m\u00fcssen separat erworben werden, sie k\u00f6nnen Standardplatten oder mit hochgl\u00e4nzendem Hochleistungsprofil sein.<\/p>\n<p> &#8211; Verbessert den Kraftstoffverbrauch und den Komfort der Passagiere &#8211; Tabs, die f\u00fcr die h\u00e4rtesten Meeresbedingungen gebaut sind &#8211; Installation mit nur einem kleinen Loch pro Tab durch den Spiegel<\/p>\n","protected":false},"excerpt":{"rendered":"<p>Edelstahlplatten Uflex HI-PERF 304 x 304mm &#8211; Wartungsfreies und einfach zu installierendes elektromechanisches 12V Uflex Trim-Kit. Ben\u00f6tigt keine elektrische oder<\/p>\n","protected":false},"featured_media":5948413,"comment_status":"open","ping_status":"closed","template":"","meta":[],"product_brand":[3500],"product_cat":[1519],"product_tag":[],"class_list":{"0":"post-738508","1":"product","2":"type-product","3":"status-publish","4":"has-post-thumbnail","6":"product_brand-ultraflex-uflex-de","7":"product_cat-trimklappen","9":"first","10":"instock","11":"shipping-taxable","12":"purchasable","13":"product-type-simple"},"_links":{"self":[{"href":"https:\/\/stoic-curie.212-227-153-4.plesk.page\/de\/wp-json\/wp\/v2\/product\/738508","targetHints":{"allow":["GET"]}}],"collection":[{"href":"https:\/\/stoic-curie.212-227-153-4.plesk.page\/de\/wp-json\/wp\/v2\/product"}],"about":[{"href":"https:\/\/stoic-curie.212-227-153-4.plesk.page\/de\/wp-json\/wp\/v2\/types\/product"}],"replies":[{"embeddable":true,"href":"https:\/\/stoic-curie.212-227-153-4.plesk.page\/de\/wp-json\/wp\/v2\/comments?post=738508"}],"version-history":[{"count":0,"href":"https:\/\/stoic-curie.212-227-153-4.plesk.page\/de\/wp-json\/wp\/v2\/product\/738508\/revisions"}],"wp:featuredmedia":[{"embeddable":true,"href":"https:\/\/stoic-curie.212-227-153-4.plesk.page\/de\/wp-json\/wp\/v2\/media\/5948413"}],"wp:attachment":[{"href":"https:\/\/stoic-curie.212-227-153-4.plesk.page\/de\/wp-json\/wp\/v2\/media?parent=738508"}],"wp:term":[{"taxonomy":"product_brand","embeddable":true,"href":"https:\/\/stoic-curie.212-227-153-4.plesk.page\/de\/wp-json\/wp\/v2\/product_brand?post=738508"},{"taxonomy":"product_cat","embeddable":true,"href":"https:\/\/stoic-curie.212-227-153-4.plesk.page\/de\/wp-json\/wp\/v2\/product_cat?post=738508"},{"taxonomy":"product_tag","embeddable":true,"href":"https:\/\/stoic-curie.212-227-153-4.plesk.page\/de\/wp-json\/wp\/v2\/product_tag?post=738508"}],"curies":[{"name":"wp","href":"https:\/\/api.w.org\/{rel}","templated":true}]}}