{"id":738510,"date":"2025-03-03T17:49:52","date_gmt":"2025-03-03T16:49:52","guid":{"rendered":"https:\/\/stoic-curie.212-227-153-4.plesk.page\/producto\/bennett-trim-kit-ref-12v\/"},"modified":"2026-02-24T23:35:22","modified_gmt":"2026-02-24T23:35:22","slug":"bennett-trim-kit-ref-12v","status":"publish","type":"product","link":"https:\/\/stoic-curie.212-227-153-4.plesk.page\/de\/product\/bennett-trim-kit-ref-12v\/","title":{"rendered":"12v Bennett Trim kit"},"content":{"rendered":"<p>12v Bennett Trim kit &#8211; <\/p>\n<p>Dieses umfassende Bennett elektro-hydraulische Trimtab-Kit wurde sorgf\u00e4ltig entwickelt, um Ihr Bootserlebnis zu verbessern und enth\u00e4lt eine Reihe wesentlicher Komponenten. Im Kit finden Sie zwei Standardaktuatoren, die f\u00fcr den Betrieb der Trimtabs unerl\u00e4sslich sind, zusammen mit Schl\u00e4uchen, die mit Armaturen f\u00fcr eine einfache Installation ausgestattet sind. Dar\u00fcber hinaus umfasst das Kit eine hydraulische Pumpeneinheit, die das System antreibt, einen elektrischen Kabelbaum f\u00fcr nahtlose Konnektivit\u00e4t und ein Standardbedienfeld mit zwei Schaltern f\u00fcr eine benutzerfreundliche Bedienung. Es ist jedoch wichtig zu beachten, dass die Edelstahlschilder nicht im Kit enthalten sind und separat beschafft werden m\u00fcssen, ma\u00dfgeschneidert auf die spezifische L\u00e4nge Ihres Bootes, um optimale Leistung zu gew\u00e4hrleisten.<\/p>\n","protected":false},"excerpt":{"rendered":"<p>12v Bennett Trim kit &#8211; Dieses umfassende Bennett elektro-hydraulische Trimtab-Kit wurde sorgf\u00e4ltig entwickelt, um Ihr Bootserlebnis zu verbessern und enth\u00e4lt<\/p>\n","protected":false},"featured_media":5948415,"comment_status":"open","ping_status":"closed","template":"","meta":[],"product_brand":[2820],"product_cat":[1519],"product_tag":[],"class_list":{"0":"post-738510","1":"product","2":"type-product","3":"status-publish","4":"has-post-thumbnail","6":"product_brand-bennett-marine-de","7":"product_cat-trimklappen","9":"first","10":"instock","11":"shipping-taxable","12":"purchasable","13":"product-type-simple"},"_links":{"self":[{"href":"https:\/\/stoic-curie.212-227-153-4.plesk.page\/de\/wp-json\/wp\/v2\/product\/738510","targetHints":{"allow":["GET"]}}],"collection":[{"href":"https:\/\/stoic-curie.212-227-153-4.plesk.page\/de\/wp-json\/wp\/v2\/product"}],"about":[{"href":"https:\/\/stoic-curie.212-227-153-4.plesk.page\/de\/wp-json\/wp\/v2\/types\/product"}],"replies":[{"embeddable":true,"href":"https:\/\/stoic-curie.212-227-153-4.plesk.page\/de\/wp-json\/wp\/v2\/comments?post=738510"}],"version-history":[{"count":0,"href":"https:\/\/stoic-curie.212-227-153-4.plesk.page\/de\/wp-json\/wp\/v2\/product\/738510\/revisions"}],"wp:featuredmedia":[{"embeddable":true,"href":"https:\/\/stoic-curie.212-227-153-4.plesk.page\/de\/wp-json\/wp\/v2\/media\/5948415"}],"wp:attachment":[{"href":"https:\/\/stoic-curie.212-227-153-4.plesk.page\/de\/wp-json\/wp\/v2\/media?parent=738510"}],"wp:term":[{"taxonomy":"product_brand","embeddable":true,"href":"https:\/\/stoic-curie.212-227-153-4.plesk.page\/de\/wp-json\/wp\/v2\/product_brand?post=738510"},{"taxonomy":"product_cat","embeddable":true,"href":"https:\/\/stoic-curie.212-227-153-4.plesk.page\/de\/wp-json\/wp\/v2\/product_cat?post=738510"},{"taxonomy":"product_tag","embeddable":true,"href":"https:\/\/stoic-curie.212-227-153-4.plesk.page\/de\/wp-json\/wp\/v2\/product_tag?post=738510"}],"curies":[{"name":"wp","href":"https:\/\/api.w.org\/{rel}","templated":true}]}}