{"id":738516,"date":"2025-03-03T17:49:54","date_gmt":"2025-03-03T16:49:54","guid":{"rendered":"https:\/\/stoic-curie.212-227-153-4.plesk.page\/producto\/bennett-sensor-kit\/"},"modified":"2026-02-24T23:35:22","modified_gmt":"2026-02-24T23:35:22","slug":"bennett-sensor-kit","status":"publish","type":"product","link":"https:\/\/stoic-curie.212-227-153-4.plesk.page\/de\/product\/bennett-sensor-kit\/","title":{"rendered":"Bennett Sensor Kit"},"content":{"rendered":"<p>Bennett Sensor Kit &#8211; <\/p>\n<p>Bennett-Sensoren-Kit f\u00fcr Systeme mit Standard-Hydraulikaktuatoren. Erm\u00f6glicht das Senden der Position der Klappen an die Steuereinheit und die LEDs auf dem Bedienfeld. Enth\u00e4lt zwei Aktuator-Scharnieren mit Sensoren, Kabeln und Anschl\u00fcssen.<\/p>\n","protected":false},"excerpt":{"rendered":"<p>Bennett Sensor Kit &#8211; Bennett-Sensoren-Kit f\u00fcr Systeme mit Standard-Hydraulikaktuatoren. Erm\u00f6glicht das Senden der Position der Klappen an die Steuereinheit und<\/p>\n","protected":false},"featured_media":5948427,"comment_status":"open","ping_status":"closed","template":"","meta":[],"product_brand":[2820],"product_cat":[1519],"product_tag":[],"class_list":{"0":"post-738516","1":"product","2":"type-product","3":"status-publish","4":"has-post-thumbnail","6":"product_brand-bennett-marine-de","7":"product_cat-trimklappen","9":"first","10":"instock","11":"shipping-taxable","12":"purchasable","13":"product-type-simple"},"_links":{"self":[{"href":"https:\/\/stoic-curie.212-227-153-4.plesk.page\/de\/wp-json\/wp\/v2\/product\/738516","targetHints":{"allow":["GET"]}}],"collection":[{"href":"https:\/\/stoic-curie.212-227-153-4.plesk.page\/de\/wp-json\/wp\/v2\/product"}],"about":[{"href":"https:\/\/stoic-curie.212-227-153-4.plesk.page\/de\/wp-json\/wp\/v2\/types\/product"}],"replies":[{"embeddable":true,"href":"https:\/\/stoic-curie.212-227-153-4.plesk.page\/de\/wp-json\/wp\/v2\/comments?post=738516"}],"version-history":[{"count":0,"href":"https:\/\/stoic-curie.212-227-153-4.plesk.page\/de\/wp-json\/wp\/v2\/product\/738516\/revisions"}],"wp:featuredmedia":[{"embeddable":true,"href":"https:\/\/stoic-curie.212-227-153-4.plesk.page\/de\/wp-json\/wp\/v2\/media\/5948427"}],"wp:attachment":[{"href":"https:\/\/stoic-curie.212-227-153-4.plesk.page\/de\/wp-json\/wp\/v2\/media?parent=738516"}],"wp:term":[{"taxonomy":"product_brand","embeddable":true,"href":"https:\/\/stoic-curie.212-227-153-4.plesk.page\/de\/wp-json\/wp\/v2\/product_brand?post=738516"},{"taxonomy":"product_cat","embeddable":true,"href":"https:\/\/stoic-curie.212-227-153-4.plesk.page\/de\/wp-json\/wp\/v2\/product_cat?post=738516"},{"taxonomy":"product_tag","embeddable":true,"href":"https:\/\/stoic-curie.212-227-153-4.plesk.page\/de\/wp-json\/wp\/v2\/product_tag?post=738516"}],"curies":[{"name":"wp","href":"https:\/\/api.w.org\/{rel}","templated":true}]}}