{"id":738525,"date":"2025-03-03T17:49:56","date_gmt":"2025-03-03T16:49:56","guid":{"rendered":"https:\/\/stoic-curie.212-227-153-4.plesk.page\/producto\/lenkrad-ultraflex-v52-320mm-weiss\/"},"modified":"2026-02-24T23:35:22","modified_gmt":"2026-02-24T23:35:22","slug":"lenkrad-ultraflex-v52-320mm-weiss","status":"publish","type":"product","link":"https:\/\/stoic-curie.212-227-153-4.plesk.page\/de\/product\/lenkrad-ultraflex-v52-320mm-weiss\/","title":{"rendered":"Lenkrad Ultraflex V52 320mm Wei\u00df"},"content":{"rendered":"<p>Lenkrad Ultraflex V52 320mm Wei\u00df &#8211; <\/p>\n<p>Edelstahl-Lenkr\u00e4der mit Polyurethan-Griff. CE-ISO23411 gekennzeichnet gem\u00e4\u00df den ABYC-Vorschriften. Komplett mit Mittelabdeckung und Nabe mit standardm\u00e4\u00dfiger 3\/4&#8243; Konusform.<\/p>\n","protected":false},"excerpt":{"rendered":"<p>Lenkrad Ultraflex V52 320mm Wei\u00df &#8211; Edelstahl-Lenkr\u00e4der mit Polyurethan-Griff. CE-ISO23411 gekennzeichnet gem\u00e4\u00df den ABYC-Vorschriften. Komplett mit Mittelabdeckung und Nabe mit<\/p>\n","protected":false},"featured_media":5948431,"comment_status":"open","ping_status":"closed","template":"","meta":[],"product_brand":[3500],"product_cat":[1535],"product_tag":[],"class_list":{"0":"post-738525","1":"product","2":"type-product","3":"status-publish","4":"has-post-thumbnail","6":"product_brand-ultraflex-uflex-de","7":"product_cat-steuerraeder","9":"first","10":"instock","11":"shipping-taxable","12":"purchasable","13":"product-type-simple"},"_links":{"self":[{"href":"https:\/\/stoic-curie.212-227-153-4.plesk.page\/de\/wp-json\/wp\/v2\/product\/738525","targetHints":{"allow":["GET"]}}],"collection":[{"href":"https:\/\/stoic-curie.212-227-153-4.plesk.page\/de\/wp-json\/wp\/v2\/product"}],"about":[{"href":"https:\/\/stoic-curie.212-227-153-4.plesk.page\/de\/wp-json\/wp\/v2\/types\/product"}],"replies":[{"embeddable":true,"href":"https:\/\/stoic-curie.212-227-153-4.plesk.page\/de\/wp-json\/wp\/v2\/comments?post=738525"}],"version-history":[{"count":0,"href":"https:\/\/stoic-curie.212-227-153-4.plesk.page\/de\/wp-json\/wp\/v2\/product\/738525\/revisions"}],"wp:featuredmedia":[{"embeddable":true,"href":"https:\/\/stoic-curie.212-227-153-4.plesk.page\/de\/wp-json\/wp\/v2\/media\/5948431"}],"wp:attachment":[{"href":"https:\/\/stoic-curie.212-227-153-4.plesk.page\/de\/wp-json\/wp\/v2\/media?parent=738525"}],"wp:term":[{"taxonomy":"product_brand","embeddable":true,"href":"https:\/\/stoic-curie.212-227-153-4.plesk.page\/de\/wp-json\/wp\/v2\/product_brand?post=738525"},{"taxonomy":"product_cat","embeddable":true,"href":"https:\/\/stoic-curie.212-227-153-4.plesk.page\/de\/wp-json\/wp\/v2\/product_cat?post=738525"},{"taxonomy":"product_tag","embeddable":true,"href":"https:\/\/stoic-curie.212-227-153-4.plesk.page\/de\/wp-json\/wp\/v2\/product_tag?post=738525"}],"curies":[{"name":"wp","href":"https:\/\/api.w.org\/{rel}","templated":true}]}}