{"id":738533,"date":"2025-03-03T17:50:33","date_gmt":"2025-03-03T16:50:33","guid":{"rendered":"https:\/\/stoic-curie.212-227-153-4.plesk.page\/producto\/ultraflex-t71fc\/"},"modified":"2026-02-24T23:35:22","modified_gmt":"2026-02-24T23:35:22","slug":"ultraflex-t71fc","status":"publish","type":"product","link":"https:\/\/stoic-curie.212-227-153-4.plesk.page\/de\/product\/ultraflex-t71fc\/","title":{"rendered":"Ultraflex T71Fc"},"content":{"rendered":"<p>Ultraflex T71Fc &#8211; <\/p>\n<p>Die professionellen Drehsteuerr\u00e4der T71FC\/T73NRFC sind f\u00fcr Boote mit Au\u00dfenbord-, Innenbord- und Heckantriebsmotoren bis 110 KW (150 PS) konzipiert. Sie k\u00f6nnen mit den Steuerkabeln M66 oder M90 Mach kombiniert werden. <br \/> 3,8 Umdrehungen des Lenkrads von Anschlag zu Anschlag. Der T73NRFC wurde entwickelt, um das Zur\u00fcckkommen des Lenkrads zu verhindern und die gew\u00fcnschte Kursrichtung beizubehalten.<\/p>\n","protected":false},"excerpt":{"rendered":"<p>Ultraflex T71Fc &#8211; Die professionellen Drehsteuerr\u00e4der T71FC\/T73NRFC sind f\u00fcr Boote mit Au\u00dfenbord-, Innenbord- und Heckantriebsmotoren bis 110 KW (150 PS)<\/p>\n","protected":false},"featured_media":5948448,"comment_status":"open","ping_status":"closed","template":"","meta":[],"product_brand":[3500],"product_cat":[1541],"product_tag":[],"class_list":{"0":"post-738533","1":"product","2":"type-product","3":"status-publish","4":"has-post-thumbnail","6":"product_brand-ultraflex-uflex-de","7":"product_cat-kabelsteuerung","9":"first","10":"instock","11":"shipping-taxable","12":"purchasable","13":"product-type-simple"},"_links":{"self":[{"href":"https:\/\/stoic-curie.212-227-153-4.plesk.page\/de\/wp-json\/wp\/v2\/product\/738533","targetHints":{"allow":["GET"]}}],"collection":[{"href":"https:\/\/stoic-curie.212-227-153-4.plesk.page\/de\/wp-json\/wp\/v2\/product"}],"about":[{"href":"https:\/\/stoic-curie.212-227-153-4.plesk.page\/de\/wp-json\/wp\/v2\/types\/product"}],"replies":[{"embeddable":true,"href":"https:\/\/stoic-curie.212-227-153-4.plesk.page\/de\/wp-json\/wp\/v2\/comments?post=738533"}],"version-history":[{"count":0,"href":"https:\/\/stoic-curie.212-227-153-4.plesk.page\/de\/wp-json\/wp\/v2\/product\/738533\/revisions"}],"wp:featuredmedia":[{"embeddable":true,"href":"https:\/\/stoic-curie.212-227-153-4.plesk.page\/de\/wp-json\/wp\/v2\/media\/5948448"}],"wp:attachment":[{"href":"https:\/\/stoic-curie.212-227-153-4.plesk.page\/de\/wp-json\/wp\/v2\/media?parent=738533"}],"wp:term":[{"taxonomy":"product_brand","embeddable":true,"href":"https:\/\/stoic-curie.212-227-153-4.plesk.page\/de\/wp-json\/wp\/v2\/product_brand?post=738533"},{"taxonomy":"product_cat","embeddable":true,"href":"https:\/\/stoic-curie.212-227-153-4.plesk.page\/de\/wp-json\/wp\/v2\/product_cat?post=738533"},{"taxonomy":"product_tag","embeddable":true,"href":"https:\/\/stoic-curie.212-227-153-4.plesk.page\/de\/wp-json\/wp\/v2\/product_tag?post=738533"}],"curies":[{"name":"wp","href":"https:\/\/api.w.org\/{rel}","templated":true}]}}