{"id":738534,"date":"2025-03-03T17:50:34","date_gmt":"2025-03-03T16:50:34","guid":{"rendered":"https:\/\/stoic-curie.212-227-153-4.plesk.page\/producto\/ultraflex-t91\/"},"modified":"2026-02-24T23:35:22","modified_gmt":"2026-02-24T23:35:22","slug":"ultraflex-t91","status":"publish","type":"product","link":"https:\/\/stoic-curie.212-227-153-4.plesk.page\/de\/product\/ultraflex-t91\/","title":{"rendered":"Ultraflex T91"},"content":{"rendered":"<p>Ultraflex T91 &#8211; <\/p>\n<p>T91\/T93ZT Hochleistungs-Rundsteuerungen f\u00fcr Boote mit Au\u00dfenbord-, Innenbord- und Heckantriebsmotoren bis zu 50 mph. Zu vervollst\u00e4ndigen mit dem M90 Mach Steuerkabel. 4,2 Umdrehungen des Lenkrads von Anschlag zu Anschlag. T93ZT: Nicht-R\u00fccklauf-Typ, der das Zur\u00fcckdrehen des Lenkrads verhindert und den gew\u00fcnschten Kurs beibeh\u00e4lt.<\/p>\n","protected":false},"excerpt":{"rendered":"<p>Ultraflex T91 &#8211; T91\/T93ZT Hochleistungs-Rundsteuerungen f\u00fcr Boote mit Au\u00dfenbord-, Innenbord- und Heckantriebsmotoren bis zu 50 mph. Zu vervollst\u00e4ndigen mit dem<\/p>\n","protected":false},"featured_media":5948455,"comment_status":"open","ping_status":"closed","template":"","meta":[],"product_brand":[3500],"product_cat":[1541],"product_tag":[],"class_list":{"0":"post-738534","1":"product","2":"type-product","3":"status-publish","4":"has-post-thumbnail","6":"product_brand-ultraflex-uflex-de","7":"product_cat-kabelsteuerung","9":"first","10":"instock","11":"shipping-taxable","12":"purchasable","13":"product-type-simple"},"_links":{"self":[{"href":"https:\/\/stoic-curie.212-227-153-4.plesk.page\/de\/wp-json\/wp\/v2\/product\/738534","targetHints":{"allow":["GET"]}}],"collection":[{"href":"https:\/\/stoic-curie.212-227-153-4.plesk.page\/de\/wp-json\/wp\/v2\/product"}],"about":[{"href":"https:\/\/stoic-curie.212-227-153-4.plesk.page\/de\/wp-json\/wp\/v2\/types\/product"}],"replies":[{"embeddable":true,"href":"https:\/\/stoic-curie.212-227-153-4.plesk.page\/de\/wp-json\/wp\/v2\/comments?post=738534"}],"version-history":[{"count":0,"href":"https:\/\/stoic-curie.212-227-153-4.plesk.page\/de\/wp-json\/wp\/v2\/product\/738534\/revisions"}],"wp:featuredmedia":[{"embeddable":true,"href":"https:\/\/stoic-curie.212-227-153-4.plesk.page\/de\/wp-json\/wp\/v2\/media\/5948455"}],"wp:attachment":[{"href":"https:\/\/stoic-curie.212-227-153-4.plesk.page\/de\/wp-json\/wp\/v2\/media?parent=738534"}],"wp:term":[{"taxonomy":"product_brand","embeddable":true,"href":"https:\/\/stoic-curie.212-227-153-4.plesk.page\/de\/wp-json\/wp\/v2\/product_brand?post=738534"},{"taxonomy":"product_cat","embeddable":true,"href":"https:\/\/stoic-curie.212-227-153-4.plesk.page\/de\/wp-json\/wp\/v2\/product_cat?post=738534"},{"taxonomy":"product_tag","embeddable":true,"href":"https:\/\/stoic-curie.212-227-153-4.plesk.page\/de\/wp-json\/wp\/v2\/product_tag?post=738534"}],"curies":[{"name":"wp","href":"https:\/\/api.w.org\/{rel}","templated":true}]}}