{"id":738561,"date":"2025-03-03T17:50:39","date_gmt":"2025-03-03T16:50:39","guid":{"rendered":"https:\/\/stoic-curie.212-227-153-4.plesk.page\/producto\/ultraflex-mach90-8ft-244m\/"},"modified":"2026-02-24T23:35:22","modified_gmt":"2026-02-24T23:35:22","slug":"ultraflex-mach90-8ft-244m","status":"publish","type":"product","link":"https:\/\/stoic-curie.212-227-153-4.plesk.page\/de\/product\/ultraflex-mach90-8ft-244m\/","title":{"rendered":"Ultraflex Mach90 8ft 2,44m"},"content":{"rendered":"<p>Ultraflex Mach90 8ft 2,44m &#8211; <\/p>\n<p>Einfacher Bewegungsspielraum, hohe Flexibilit\u00e4t: Ultraflex M90 Mach Steuerkabel f\u00fcr Steuerst\u00e4nde:<br \/>Ultraflex T85 \u2013 T71FC \u2013 T72FC &#8211; T73NRFC \u2013 T74NRFC &#8211; T81FC \u2013 T83NFRC &#8211; T91 &#8211; T93ZT &#8211; T101 &#8211; T103ZT<br \/>Teleflex Safe TQC &#8211; NFB sicher TII &#8211; NFB4.2<br \/>Morse D290<\/p>\n","protected":false},"excerpt":{"rendered":"<p>Ultraflex Mach90 8ft 2,44m &#8211; Einfacher Bewegungsspielraum, hohe Flexibilit\u00e4t: Ultraflex M90 Mach Steuerkabel f\u00fcr Steuerst\u00e4nde:Ultraflex T85 \u2013 T71FC \u2013 T72FC<\/p>\n","protected":false},"featured_media":5941862,"comment_status":"open","ping_status":"closed","template":"","meta":[],"product_brand":[3500],"product_cat":[1541],"product_tag":[],"class_list":{"0":"post-738561","1":"product","2":"type-product","3":"status-publish","4":"has-post-thumbnail","6":"product_brand-ultraflex-uflex-de","7":"product_cat-kabelsteuerung","9":"first","10":"instock","11":"shipping-taxable","12":"purchasable","13":"product-type-simple"},"_links":{"self":[{"href":"https:\/\/stoic-curie.212-227-153-4.plesk.page\/de\/wp-json\/wp\/v2\/product\/738561","targetHints":{"allow":["GET"]}}],"collection":[{"href":"https:\/\/stoic-curie.212-227-153-4.plesk.page\/de\/wp-json\/wp\/v2\/product"}],"about":[{"href":"https:\/\/stoic-curie.212-227-153-4.plesk.page\/de\/wp-json\/wp\/v2\/types\/product"}],"replies":[{"embeddable":true,"href":"https:\/\/stoic-curie.212-227-153-4.plesk.page\/de\/wp-json\/wp\/v2\/comments?post=738561"}],"version-history":[{"count":0,"href":"https:\/\/stoic-curie.212-227-153-4.plesk.page\/de\/wp-json\/wp\/v2\/product\/738561\/revisions"}],"wp:featuredmedia":[{"embeddable":true,"href":"https:\/\/stoic-curie.212-227-153-4.plesk.page\/de\/wp-json\/wp\/v2\/media\/5941862"}],"wp:attachment":[{"href":"https:\/\/stoic-curie.212-227-153-4.plesk.page\/de\/wp-json\/wp\/v2\/media?parent=738561"}],"wp:term":[{"taxonomy":"product_brand","embeddable":true,"href":"https:\/\/stoic-curie.212-227-153-4.plesk.page\/de\/wp-json\/wp\/v2\/product_brand?post=738561"},{"taxonomy":"product_cat","embeddable":true,"href":"https:\/\/stoic-curie.212-227-153-4.plesk.page\/de\/wp-json\/wp\/v2\/product_cat?post=738561"},{"taxonomy":"product_tag","embeddable":true,"href":"https:\/\/stoic-curie.212-227-153-4.plesk.page\/de\/wp-json\/wp\/v2\/product_tag?post=738561"}],"curies":[{"name":"wp","href":"https:\/\/api.w.org\/{rel}","templated":true}]}}