{"id":738565,"date":"2025-03-03T17:50:40","date_gmt":"2025-03-03T16:50:40","guid":{"rendered":"https:\/\/stoic-curie.212-227-153-4.plesk.page\/producto\/ultraflex-mach90-12ft-366m\/"},"modified":"2026-02-24T23:35:22","modified_gmt":"2026-02-24T23:35:22","slug":"ultraflex-mach90-12ft-366m","status":"publish","type":"product","link":"https:\/\/stoic-curie.212-227-153-4.plesk.page\/de\/product\/ultraflex-mach90-12ft-366m\/","title":{"rendered":"Ultraflex Mach90 12ft 3,66m"},"content":{"rendered":"<p>Ultraflex Mach90 12ft 3,66m &#8211; <\/p>\n<p>Einfache Bewegung, hohe Flexibilit\u00e4t. Ultraflex M90 Mach Steuerkabel f\u00fcr Steuerst\u00e4nde: Ultraflex T85 &#8211; T71FC &#8211; T72FC &#8211; T73NRFC &#8211; T74NRFC &#8211; T81FC &#8211; T83NFRC &#8211; T91 &#8211; T93ZT &#8211; T101 &#8211; T103ZT Teleflex Safe TQC &#8211; NFB sicher TII &#8211; NFB4.2 Morse D290<\/p>\n","protected":false},"excerpt":{"rendered":"<p>Ultraflex Mach90 12ft 3,66m &#8211; Einfache Bewegung, hohe Flexibilit\u00e4t. Ultraflex M90 Mach Steuerkabel f\u00fcr Steuerst\u00e4nde: Ultraflex T85 &#8211; T71FC &#8211;<\/p>\n","protected":false},"featured_media":5941862,"comment_status":"open","ping_status":"closed","template":"","meta":[],"product_brand":[3500],"product_cat":[1541],"product_tag":[],"class_list":{"0":"post-738565","1":"product","2":"type-product","3":"status-publish","4":"has-post-thumbnail","6":"product_brand-ultraflex-uflex-de","7":"product_cat-kabelsteuerung","9":"first","10":"instock","11":"shipping-taxable","12":"purchasable","13":"product-type-simple"},"_links":{"self":[{"href":"https:\/\/stoic-curie.212-227-153-4.plesk.page\/de\/wp-json\/wp\/v2\/product\/738565","targetHints":{"allow":["GET"]}}],"collection":[{"href":"https:\/\/stoic-curie.212-227-153-4.plesk.page\/de\/wp-json\/wp\/v2\/product"}],"about":[{"href":"https:\/\/stoic-curie.212-227-153-4.plesk.page\/de\/wp-json\/wp\/v2\/types\/product"}],"replies":[{"embeddable":true,"href":"https:\/\/stoic-curie.212-227-153-4.plesk.page\/de\/wp-json\/wp\/v2\/comments?post=738565"}],"version-history":[{"count":0,"href":"https:\/\/stoic-curie.212-227-153-4.plesk.page\/de\/wp-json\/wp\/v2\/product\/738565\/revisions"}],"wp:featuredmedia":[{"embeddable":true,"href":"https:\/\/stoic-curie.212-227-153-4.plesk.page\/de\/wp-json\/wp\/v2\/media\/5941862"}],"wp:attachment":[{"href":"https:\/\/stoic-curie.212-227-153-4.plesk.page\/de\/wp-json\/wp\/v2\/media?parent=738565"}],"wp:term":[{"taxonomy":"product_brand","embeddable":true,"href":"https:\/\/stoic-curie.212-227-153-4.plesk.page\/de\/wp-json\/wp\/v2\/product_brand?post=738565"},{"taxonomy":"product_cat","embeddable":true,"href":"https:\/\/stoic-curie.212-227-153-4.plesk.page\/de\/wp-json\/wp\/v2\/product_cat?post=738565"},{"taxonomy":"product_tag","embeddable":true,"href":"https:\/\/stoic-curie.212-227-153-4.plesk.page\/de\/wp-json\/wp\/v2\/product_tag?post=738565"}],"curies":[{"name":"wp","href":"https:\/\/api.w.org\/{rel}","templated":true}]}}