{"id":738580,"date":"2025-03-03T17:50:44","date_gmt":"2025-03-03T16:50:44","guid":{"rendered":"https:\/\/stoic-curie.212-227-153-4.plesk.page\/producto\/hydrauliklenkung-ultraflex-gotech\/"},"modified":"2026-02-24T23:35:22","modified_gmt":"2026-02-24T23:35:22","slug":"hydrauliklenkung-ultraflex-gotech","status":"publish","type":"product","link":"https:\/\/stoic-curie.212-227-153-4.plesk.page\/de\/product\/hydrauliklenkung-ultraflex-gotech\/","title":{"rendered":"Hydrauliklenkung Ultraflex Gotech"},"content":{"rendered":"<p>Hydrauliklenkung Ultraflex Gotech &#8211; <\/p>\n<p style=\"color: rgb(34, 34, 34); font-family: Arial, Helvetica, sans-serif; font-size: small;\">Wir freuen uns, das Gotech Steuerungssystem-Kit vorzustellen, das speziell f\u00fcr Au\u00dfenbordmotoren mit einer Leistung von bis zu 115 PS entwickelt wurde. Dieses benutzerfreundliche und unkomplizierte Kit enth\u00e4lt:<\/p>\n<ul style=\"color: rgb(34, 34, 34); font-family: Arial, Helvetica, sans-serif; font-size: small;\">\n<li>UP18 Steuerpump<\/li>\n<li>UC81 Zylinder<\/li>\n<li>2 Liter Hydraulik\u00f6l<\/li>\n<li>Ein 6-Meter-Schlauchkit, das f\u00fcr Au\u00dfenbordmotoren mit einem einzelnen Antrieb von bis zu 115 PS konzipiert ist<\/li>\n<\/ul>\n<p style=\"color: rgb(34, 34, 34); font-family: Arial, Helvetica, sans-serif; font-size: small;\">Das GOTECH-OBF-Paket enth\u00e4lt:<\/p>\n<ul style=\"color: rgb(34, 34, 34); font-family: Arial, Helvetica, sans-serif; font-size: small;\">\n<li>UP18 Zwischenmontage-Steuerpumpe<\/li>\n<li>UC81-OBF Front-Montage-Au\u00dfenbordzylinder<\/li>\n<li>OL 150 Hydraulik\u00f6l \u2013 2 Liter<\/li>\n<li>KIT OB-GT\/M-60 Schlauchkit mit einem Durchmesser von 1\/4&#8243; und einer L\u00e4nge von 6 Metern (19,7 Fu\u00df), wobei ein Ende bereits montiert ist<\/li>\n<\/ul>\n<p style=\"color: rgb(34, 34, 34); font-family: Arial, Helvetica, sans-serif; font-size: small;\">Das Steuern eines Bootes erfordert Pr\u00e4zision, Sanftheit und Zuverl\u00e4ssigkeit. Das GoTech-I hydraulische Steuersystem, das f\u00fcr Motoren bis zu 115 PS ma\u00dfgeschneidert ist, erleichtert jede Man\u00f6vrierung und bietet ein intuitiveres und komfortableres Erlebnis. Mit einem sorgf\u00e4ltig gestalteten Komponentenset garantiert GoTech-I, dass Sie die volle Kontrolle \u00fcber Ihr Wasserfahrzeug behalten, unabh\u00e4ngig von den Bedingungen auf dem Wasser.<\/p>\n<p style=\"color: rgb(34, 34, 34); font-family: Arial, Helvetica, sans-serif; font-size: small;\"><strong>Vollst\u00e4ndige Steuerl\u00f6sung<\/strong><\/p>\n<p style=\"color: rgb(34, 34, 34); font-family: Arial, Helvetica, sans-serif; font-size: small;\">Das GoTech-I System integriert nicht nur modernste Technologie, sondern auch ein durchdachtes Design, um Ihre Zeit auf dem Wasser zu verbessern. Das Kit beinhaltet:<\/p>\n<ul style=\"color: rgb(34, 34, 34); font-family: Arial, Helvetica, sans-serif; font-size: small;\">\n<li>UP18 Steuerpumpe mit Zwischenmontage, die den f\u00fcr pr\u00e4zises Steering ben\u00f6tigten Hydraulikdruck erzeugt.<\/li>\n<li>UC69-I Hydraulikzylinder, der die Bewegung von der Pumpe zum Steuerelement des Bootes \u00fcbertr\u00e4gt.<\/li>\n<li>OL150 Hydraulik\u00f6l, das einen reibungslosen Betrieb f\u00f6rdert und die Lebensdauer des Systems verl\u00e4ngert.<\/li>\n<li>OB-GT\/M-60 Schlauchkit, eine wichtige Sammlung hydraulischer Kabel f\u00fcr die Installation.<\/li>\n<\/ul>\n<p style=\"color: rgb(34, 34, 34); font-family: Arial, Helvetica, sans-serif; font-size: small;\">Jedes Teil ist auf Langlebigkeit ausgelegt und kann rauen marinen Umgebungen standhalten.<\/p>\n<p style=\"color: rgb(34, 34, 34); font-family: Arial, Helvetica, sans-serif; font-size: small;\"><strong>Einfaches Man\u00f6vrieren, vollst\u00e4ndige Kontrolle<\/strong><\/p>\n<p style=\"color: rgb(34, 34, 34); font-family: Arial, Helvetica, sans-serif; font-size: small;\">Das GoTech-I System ist bekannt f\u00fcr seine hervorragende Steuerungsgenauigkeit. Egal, ob Sie durch enge H\u00e4fen oder weite Gew\u00e4sser navigieren, das hydraulische System funktioniert nahtlos und reaktionsschnell und wandelt Ihre Bewegungen in schnelle und pr\u00e4zise Reaktionen des Bootes um. Diese Zuverl\u00e4ssigkeit hat dem System erheblichen Lob von Bootsfahrern eingebracht.<\/p>\n<p style=\"color: rgb(34, 34, 34); font-family: Arial, Helvetica, sans-serif; font-size: small;\"><strong>Flexibilit\u00e4t und einfache Montage<\/strong><\/p>\n<p style=\"color: rgb(34, 34, 34); font-family: Arial, Helvetica, sans-serif; font-size: small;\">Das Ultraflex GoTech-I ist vielseitig genug, um an verschiedene Bootstypen anzupassen. Seine kompakten Zylinder- und Steuermengen erleichtern die Installation nahezu an jedem Ort, und der gesamte Montageprozess ist einfach und unkompliziert. Das vollst\u00e4ndige Kit erm\u00f6glicht eine schnelle Einrichtung, damit Sie sich voll und ganz auf das Genie\u00dfen Ihrer Zeit auf dem Wasser konzentrieren k\u00f6nnen.<\/p>\n<p style=\"color: rgb(34, 34, 34); font-family: Arial, Helvetica, sans-serif; font-size: small;\"><strong>F\u00fcr Langlebigkeit konstruiert<\/strong><\/p>\n<p style=\"color: rgb(34, 34, 34); font-family: Arial, Helvetica, sans-serif; font-size: small;\">Bootsausr\u00fcstung muss zuverl\u00e4ssig und robust sein, und GoTech-I erf\u00fcllt genau das. Durch die Verwendung hochwertiger Materialien wie Edelstahl und spezialisiertem Hydraulik\u00f6l h\u00e4lt das System schweren Belastungen und widrigen Wetterbedingungen stand. Es ist eine Investition, die f\u00fcr viele Saisons Sicherheit bietet.<\/p>\n","protected":false},"excerpt":{"rendered":"<p>Hydrauliklenkung Ultraflex Gotech &#8211; Wir freuen uns, das Gotech Steuerungssystem-Kit vorzustellen, das speziell f\u00fcr Au\u00dfenbordmotoren mit einer Leistung von bis<\/p>\n","protected":false},"featured_media":5948474,"comment_status":"open","ping_status":"closed","template":"","meta":[],"product_brand":[3500],"product_cat":[1536],"product_tag":[],"class_list":{"0":"post-738580","1":"product","2":"type-product","3":"status-publish","4":"has-post-thumbnail","6":"product_brand-ultraflex-uflex-de","7":"product_cat-hydraulische-lenkung","9":"first","10":"instock","11":"shipping-taxable","12":"purchasable","13":"product-type-simple"},"_links":{"self":[{"href":"https:\/\/stoic-curie.212-227-153-4.plesk.page\/de\/wp-json\/wp\/v2\/product\/738580","targetHints":{"allow":["GET"]}}],"collection":[{"href":"https:\/\/stoic-curie.212-227-153-4.plesk.page\/de\/wp-json\/wp\/v2\/product"}],"about":[{"href":"https:\/\/stoic-curie.212-227-153-4.plesk.page\/de\/wp-json\/wp\/v2\/types\/product"}],"replies":[{"embeddable":true,"href":"https:\/\/stoic-curie.212-227-153-4.plesk.page\/de\/wp-json\/wp\/v2\/comments?post=738580"}],"version-history":[{"count":0,"href":"https:\/\/stoic-curie.212-227-153-4.plesk.page\/de\/wp-json\/wp\/v2\/product\/738580\/revisions"}],"wp:featuredmedia":[{"embeddable":true,"href":"https:\/\/stoic-curie.212-227-153-4.plesk.page\/de\/wp-json\/wp\/v2\/media\/5948474"}],"wp:attachment":[{"href":"https:\/\/stoic-curie.212-227-153-4.plesk.page\/de\/wp-json\/wp\/v2\/media?parent=738580"}],"wp:term":[{"taxonomy":"product_brand","embeddable":true,"href":"https:\/\/stoic-curie.212-227-153-4.plesk.page\/de\/wp-json\/wp\/v2\/product_brand?post=738580"},{"taxonomy":"product_cat","embeddable":true,"href":"https:\/\/stoic-curie.212-227-153-4.plesk.page\/de\/wp-json\/wp\/v2\/product_cat?post=738580"},{"taxonomy":"product_tag","embeddable":true,"href":"https:\/\/stoic-curie.212-227-153-4.plesk.page\/de\/wp-json\/wp\/v2\/product_tag?post=738580"}],"curies":[{"name":"wp","href":"https:\/\/api.w.org\/{rel}","templated":true}]}}