{"id":738583,"date":"2025-03-03T17:50:44","date_gmt":"2025-03-03T16:50:44","guid":{"rendered":"https:\/\/stoic-curie.212-227-153-4.plesk.page\/producto\/hydraulikzylinder-ultraflex-uc95-obf-1\/"},"modified":"2026-02-24T23:35:22","modified_gmt":"2026-02-24T23:35:22","slug":"hydraulikzylinder-ultraflex-uc95-obf-1","status":"publish","type":"product","link":"https:\/\/stoic-curie.212-227-153-4.plesk.page\/de\/product\/hydraulikzylinder-ultraflex-uc95-obf-1\/","title":{"rendered":"Hydraulikzylinder Ultraflex UC95-OBF\/1"},"content":{"rendered":"<p>Hydraulikzylinder Ultraflex UC95-OBF\/1 &#8211; <\/p>\n<p><strong>UC95-OBF\/1 \u2013 OBF\/2 \u2013 OBF\/3: Ausgewogene Leistung<\/strong><\/p>\n<ul>\n<li>Die Anzahl der Radumdrehungen von Anschlag zu Anschlag ist sowohl auf der Steuer- als auch auf der Backbordseite gleich.<\/li>\n<li>Verf\u00fcgt \u00fcber einstellbare Boss-Stil-Befestigungen f\u00fcr eine unkomplizierte Installation.<\/li>\n<li>Ausgestattet mit einem hochfesten Edelstahlverbindungsbolzen (ULTRABOLT).<\/li>\n<li>Enth\u00e4lt austauschbare Zylinderendkappen.<\/li>\n<\/ul>\n<p><strong>Innovatives Design (Patentiert):<\/strong><\/p>\n<ul>\n<li>Die geteilte und genietet Zylinder-Montagestange vereinfacht die Installation und umfasst Buchsen zur Verringerung der Reibung mit dem Motorneigerohr.<\/li>\n<li><strong>Anwendungen:<\/strong><br \/>Der UC95-OBF Frontmontagezylinder ist ideal f\u00fcr Au\u00dfenbordmotoren bis 175 PS und Boote, die 55 mph (48 Knoten) nicht \u00fcberschreiten.\n<ul>\n<li>Nicht geeignet f\u00fcr Rennanwendungen.<\/li>\n<\/ul>\n<\/li>\n<\/ul>\n<p><strong>Technische Daten:<\/strong><\/p>\n<ul>\n<li>Volumen: 95 cc (5,8 cu in)<\/li>\n<li>Ausgangskraft: 278 kg (613 lbs)<\/li>\n<li>Innendurchmesser: 30 mm (1,18 in)<\/li>\n<li>Hub: 186 mm (7,3 in)<\/li>\n<li>Befestigungen f\u00fcr Hochdruckflexschlauch: 3\/8 in<\/li>\n<li>Entl\u00fcftungsanschl\u00fcsse: DN5 Schnellanschluss<\/li>\n<\/ul>\n","protected":false},"excerpt":{"rendered":"<p>Hydraulikzylinder Ultraflex UC95-OBF\/1 &#8211; UC95-OBF\/1 \u2013 OBF\/2 \u2013 OBF\/3: Ausgewogene Leistung Die Anzahl der Radumdrehungen von Anschlag zu Anschlag ist<\/p>\n","protected":false},"featured_media":5948482,"comment_status":"open","ping_status":"closed","template":"","meta":[],"product_brand":[3500],"product_cat":[1536],"product_tag":[],"class_list":{"0":"post-738583","1":"product","2":"type-product","3":"status-publish","4":"has-post-thumbnail","6":"product_brand-ultraflex-uflex-de","7":"product_cat-hydraulische-lenkung","9":"first","10":"instock","11":"shipping-taxable","12":"purchasable","13":"product-type-simple"},"_links":{"self":[{"href":"https:\/\/stoic-curie.212-227-153-4.plesk.page\/de\/wp-json\/wp\/v2\/product\/738583","targetHints":{"allow":["GET"]}}],"collection":[{"href":"https:\/\/stoic-curie.212-227-153-4.plesk.page\/de\/wp-json\/wp\/v2\/product"}],"about":[{"href":"https:\/\/stoic-curie.212-227-153-4.plesk.page\/de\/wp-json\/wp\/v2\/types\/product"}],"replies":[{"embeddable":true,"href":"https:\/\/stoic-curie.212-227-153-4.plesk.page\/de\/wp-json\/wp\/v2\/comments?post=738583"}],"version-history":[{"count":0,"href":"https:\/\/stoic-curie.212-227-153-4.plesk.page\/de\/wp-json\/wp\/v2\/product\/738583\/revisions"}],"wp:featuredmedia":[{"embeddable":true,"href":"https:\/\/stoic-curie.212-227-153-4.plesk.page\/de\/wp-json\/wp\/v2\/media\/5948482"}],"wp:attachment":[{"href":"https:\/\/stoic-curie.212-227-153-4.plesk.page\/de\/wp-json\/wp\/v2\/media?parent=738583"}],"wp:term":[{"taxonomy":"product_brand","embeddable":true,"href":"https:\/\/stoic-curie.212-227-153-4.plesk.page\/de\/wp-json\/wp\/v2\/product_brand?post=738583"},{"taxonomy":"product_cat","embeddable":true,"href":"https:\/\/stoic-curie.212-227-153-4.plesk.page\/de\/wp-json\/wp\/v2\/product_cat?post=738583"},{"taxonomy":"product_tag","embeddable":true,"href":"https:\/\/stoic-curie.212-227-153-4.plesk.page\/de\/wp-json\/wp\/v2\/product_tag?post=738583"}],"curies":[{"name":"wp","href":"https:\/\/api.w.org\/{rel}","templated":true}]}}