{"id":738586,"date":"2025-03-03T17:50:45","date_gmt":"2025-03-03T16:50:45","guid":{"rendered":"https:\/\/stoic-curie.212-227-153-4.plesk.page\/producto\/hydraulikzylinder-ultraflex-uc128-obf-1\/"},"modified":"2026-02-24T23:35:22","modified_gmt":"2026-02-24T23:35:22","slug":"hydraulikzylinder-ultraflex-uc128-obf-1","status":"publish","type":"product","link":"https:\/\/stoic-curie.212-227-153-4.plesk.page\/de\/product\/hydraulikzylinder-ultraflex-uc128-obf-1\/","title":{"rendered":"Hydraulikzylinder Ultraflex UC128-OBF\/1"},"content":{"rendered":"<p>Hydraulikzylinder Ultraflex UC128-OBF\/1 &#8211; <\/p>\n<p style=\"color: rgb(34, 34, 34); font-family: Arial, Helvetica, sans-serif; font-size: small;\"><strong>UC128-OBF Frontmontage-Zylinder<\/strong><\/p>\n<p style=\"color: rgb(34, 34, 34); font-family: Arial, Helvetica, sans-serif; font-size: small;\">Der UC128-OBF ist ein ausgewogener Frontmontage-Zylinder, der sicherstellt, dass die Anzahl der Radumdrehungen von Anschlag zu Anschlag auf beiden Seiten (Backbord und Steuerbord) identisch ist.<\/p>\n<p style=\"color: rgb(34, 34, 34); font-family: Arial, Helvetica, sans-serif; font-size: small;\"><strong>Hauptmerkmale:<\/strong><\/p>\n<ul style=\"color: rgb(34, 34, 34); font-family: Arial, Helvetica, sans-serif; font-size: small;\">\n<li>Verstellbare Boss-Style-Anschl\u00fcsse f\u00fcr eine einfache Installation<\/li>\n<li>Robuste Verbindungsschraube aus Edelstahl (ULTRABOLT)<\/li>\n<li> Austauschbare Endkappen f\u00fcr eine bequeme Wartung<\/li>\n<\/ul>\n<p style=\"color: rgb(34, 34, 34); font-family: Arial, Helvetica, sans-serif; font-size: small;\">Der UC128-OBF\/1-Zylinder ist mit einem schweren Edelstahlstab, starken Dichtungen und Verbindungsbaugruppen ausgestattet. Er ist f\u00fcr eine unkomplizierte Installation konzipiert und mit nahezu allen verf\u00fcgbaren 2-takt- und 4-takt-Au\u00dfenbordmotoren auf dem Markt heute kompatibel.<\/p>\n<p style=\"color: rgb(34, 34, 34); font-family: Arial, Helvetica, sans-serif; font-size: small;\">Dieser Zylinder wird f\u00fcr den Einsatz mit UP25, UP28, UP33 und UP39 Helmen sowie mit vormontierten Schl\u00e4uchen (Kit OB und Kit OB\/R5) empfohlen. F\u00fcr Setups, die zwei UC128-OBF-Zylinder ben\u00f6tigen, m\u00fcssen Sie einen Standard UC128-OBF-Zylinder (mit dem Verbindungsglied auf der Steuerbordseite) und einen Port UC128P-OBF-Zylinder (mit dem Verbindungsglied auf der Backbordseite) kaufen. Bitte konsultieren Sie den Abschnitt mit den Verbindungselementen, um das richtige Modell f\u00fcr Dual-Motor- und Dual-Zylinder-Konfigurationen auszuw\u00e4hlen.<\/p>\n<p style=\"color: rgb(34, 34, 34); font-family: Arial, Helvetica, sans-serif; font-size: small;\"><strong>Anwendungen:<\/strong>&nbsp;Der UC128-OBF Frontmontage-Zylinder ist nicht f\u00fcr Installationen geeignet, bei denen die Bootsgeschwindigkeit 55 mph (48 Knoten) oder 65 mph (56 Knoten) in Dual-Motor-, Dual-Zylinder- und gegenl\u00e4ufigen Motor-Szenarien \u00fcbersteigt. Er ist nicht f\u00fcr Rennzwecke geeignet.<\/p>\n<p style=\"color: rgb(34, 34, 34); font-family: Arial, Helvetica, sans-serif; font-size: small;\"><strong>Spezifikationen:<\/strong><\/p>\n<ul style=\"color: rgb(34, 34, 34); font-family: Arial, Helvetica, sans-serif; font-size: small;\">\n<li>Volumen: 120 cc (7,3 cu.in)<\/li>\n<li>Ausgangskraft: 450 kg (992 lbs)<\/li>\n<li>Innendurchmesser: 35 mm (1,37&#8243;)<\/li>\n<li>Hub: 185 mm (7,28&#8243;)<\/li>\n<li>Anschl\u00fcsse f\u00fcr Hochdruckflexschl\u00e4uche: 3\/8&#8243;<\/li>\n<li>Entl\u00fcftungsanschl\u00fcsse: DN5 Schnellverschluss<\/li>\n<\/ul>\n","protected":false},"excerpt":{"rendered":"<p>Hydraulikzylinder Ultraflex UC128-OBF\/1 &#8211; UC128-OBF Frontmontage-Zylinder Der UC128-OBF ist ein ausgewogener Frontmontage-Zylinder, der sicherstellt, dass die Anzahl der Radumdrehungen von<\/p>\n","protected":false},"featured_media":5948488,"comment_status":"open","ping_status":"closed","template":"","meta":[],"product_brand":[3500],"product_cat":[1536],"product_tag":[],"class_list":{"0":"post-738586","1":"product","2":"type-product","3":"status-publish","4":"has-post-thumbnail","6":"product_brand-ultraflex-uflex-de","7":"product_cat-hydraulische-lenkung","9":"first","10":"instock","11":"shipping-taxable","12":"purchasable","13":"product-type-simple"},"_links":{"self":[{"href":"https:\/\/stoic-curie.212-227-153-4.plesk.page\/de\/wp-json\/wp\/v2\/product\/738586","targetHints":{"allow":["GET"]}}],"collection":[{"href":"https:\/\/stoic-curie.212-227-153-4.plesk.page\/de\/wp-json\/wp\/v2\/product"}],"about":[{"href":"https:\/\/stoic-curie.212-227-153-4.plesk.page\/de\/wp-json\/wp\/v2\/types\/product"}],"replies":[{"embeddable":true,"href":"https:\/\/stoic-curie.212-227-153-4.plesk.page\/de\/wp-json\/wp\/v2\/comments?post=738586"}],"version-history":[{"count":0,"href":"https:\/\/stoic-curie.212-227-153-4.plesk.page\/de\/wp-json\/wp\/v2\/product\/738586\/revisions"}],"wp:featuredmedia":[{"embeddable":true,"href":"https:\/\/stoic-curie.212-227-153-4.plesk.page\/de\/wp-json\/wp\/v2\/media\/5948488"}],"wp:attachment":[{"href":"https:\/\/stoic-curie.212-227-153-4.plesk.page\/de\/wp-json\/wp\/v2\/media?parent=738586"}],"wp:term":[{"taxonomy":"product_brand","embeddable":true,"href":"https:\/\/stoic-curie.212-227-153-4.plesk.page\/de\/wp-json\/wp\/v2\/product_brand?post=738586"},{"taxonomy":"product_cat","embeddable":true,"href":"https:\/\/stoic-curie.212-227-153-4.plesk.page\/de\/wp-json\/wp\/v2\/product_cat?post=738586"},{"taxonomy":"product_tag","embeddable":true,"href":"https:\/\/stoic-curie.212-227-153-4.plesk.page\/de\/wp-json\/wp\/v2\/product_tag?post=738586"}],"curies":[{"name":"wp","href":"https:\/\/api.w.org\/{rel}","templated":true}]}}